{"id":6166,"date":"2023-05-04T12:26:52","date_gmt":"2023-05-04T12:26:52","guid":{"rendered":"https:\/\/shd.inside-maquette.com\/?page_id=6166"},"modified":"2023-05-05T07:30:12","modified_gmt":"2023-05-05T07:30:12","slug":"mazenat","status":"publish","type":"page","link":"https:\/\/shd.inside-maquette.com\/de\/mazenat\/","title":{"rendered":"M\u00e4zenat"},"content":{"rendered":"<p>[vc_row tm_bgimagefixed=&#8220;&#8220;][vc_column offset=&#8220;vc_hidden-md vc_hidden-sm vc_hidden-xs&#8220;][vc_empty_space height=&#8220;1em&#8220;][\/vc_column][\/vc_row][vc_row][vc_column width=&#8220;1\/4&#8243; offset=&#8220;vc_hidden-md vc_hidden-sm vc_hidden-xs&#8220;][vc_single_image image=&#8220;490&#8243; alignment=&#8220;center&#8220; css=&#8220;.vc_custom_1641895586486{margin-bottom: 1em !important;}&#8220;][\/vc_column][vc_column width=&#8220;3\/4&#8243; offset=&#8220;vc_hidden-md vc_hidden-sm vc_hidden-xs&#8220;][vc_column_text css=&#8220;.vc_custom_1683202870423{margin-bottom: 1em !important;}&#8220;]<\/p>\n<h1>M\u00e4zenat<\/h1>\n<p>[\/vc_column_text][vc_column_text el_class=&#8220;introdarkblue&#8220;]Einige unserer Projekte, die das Leben unserer Klienten verbessern, existieren nur dank des gro\u00dfz\u00fcgigen M\u00e4zenats oder Sponsorings unserer Spender.<\/p>\n<p>Wenn Sie uns unterst\u00fctzen wollen, k\u00f6nnen Sie das mit einer Spende auf untenstehende Kontonummer tun.<br \/>\nWir sind f\u00fcr jede Hilfe dankbar und bedanken uns schon jetzt, auch im Namen unserer Klienten.[\/vc_column_text][\/vc_column][\/vc_row][vc_row][vc_column width=&#8220;1\/4&#8243; offset=&#8220;vc_hidden-lg&#8220;][vc_single_image image=&#8220;490&#8243; img_size=&#8220;100&#215;100&#8243; alignment=&#8220;center&#8220; css=&#8220;.vc_custom_1632739614744{margin-bottom: 1em !important;}&#8220;][\/vc_column][vc_column width=&#8220;3\/4&#8243; offset=&#8220;vc_hidden-lg&#8220;][vc_column_text css=&#8220;.vc_custom_1683202886960{margin-bottom: 1em !important;}&#8220;]<\/p>\n<h1 style=\"text-align: center; font-size: 2em; line-height: 1.2em;\">M\u00e4zenat<\/h1>\n<p>[\/vc_column_text][vc_column_text el_class=&#8220;introdarkblue&#8220;]<\/p>\n<p style=\"text-align: center;\">Einige unserer Projekte, die das Leben unserer Klienten verbessern, existieren nur dank des gro\u00dfz\u00fcgigen M\u00e4zenats oder Sponsorings unserer Spender.<\/p>\n<p style=\"text-align: center;\">Wenn auch Sie uns unterst\u00fctzen m\u00f6chten, k\u00f6nnen Sie dies mit einer Spende auf das folgende Konto tun:<br \/>\nWir sind f\u00fcr jede Hilfe dankbar und bedanken uns schon jetzt, auch im Namen unserer Klienten.<\/p>\n<p>[\/vc_column_text][\/vc_column][\/vc_row][vc_row][vc_column][vc_separator border_width=&#8220;2&#8243; css=&#8220;.vc_custom_1683210307309{margin-bottom: 50px !important;}&#8220;][vc_basic_grid post_type=&#8220;post&#8220; max_items=&#8220;3&#8243; grid_id=&#8220;vc_gid:1683271782383-1e409568-b8a6-9&#8243; taxonomies=&#8220;64&#8243; el_class=&#8220;post-grid-style&#8220;][\/vc_column][\/vc_row][vc_row][vc_column][vc_separator border_width=&#8220;2&#8243;][vc_column_text css=&#8220;.vc_custom_1683195997261{margin-bottom: 1em !important;}&#8220;]<\/p>\n<h2 style=\"font-size: 1.6em; text-align: left;\">Spenden<\/h2>\n<p>[\/vc_column_text][vc_column_text css=&#8220;.vc_custom_1640009638810{margin-top: 1em !important;}&#8220;]Herzlichen Dank, dass Sie f\u00fcr unsere gemeinn\u00fctzige Stiftung spenden wollen.<\/p>\n<p>Unser Ziel ist es, Jedem die ben\u00f6tigte Hilfe und Pflege zukommen zu lassen und aktiv gegen soziale Vereinsamung zu arbeiten. Verschiedene Projekte sozialer Natur liegen uns am Herzen und k\u00f6nnen mit Hilfe Ihrer Unterst\u00fctzung umgesetzt werden.<\/p>\n<p>[\/vc_column_text][\/vc_column][\/vc_row][vc_row tm_bgimagefixed=&#8220;&#8220; css=&#8220;.vc_custom_1635832739421{margin-top: 1em !important;}&#8220;][vc_column width=&#8220;1\/2&#8243;][vc_column_text css=&#8220;.vc_custom_1683196173906{margin-bottom: 1em !important;}&#8220;]<\/p>\n<h3 style=\"font-size: 1.5em; text-align: left;\">Die Vorteile einer Spende<\/h3>\n<p>[\/vc_column_text][vc_column_text]Unterst\u00fctzen Sie unsere Projekte durch eine online Spende, einen Dauerauftrag oder eine Spende per \u00dcberweisung.<\/p>\n<p>Ihre Unterst\u00fctzung wird uns erm\u00f6glichen unsere Dienste f\u00fcr hilfs- und pflegebed\u00fcrftige Menschen zu entwickeln und zu erweitern. Spenden an die St\u00ebftung H\u00ebllef Doheem, sowohl von Einzelpersonen als auch von Firmen, sind steuerlich absetzbar im Rahmen des Einkommensgesetzes.<\/p>\n<p>Um in den Genuss des Steuerabzugs zu kommen, muss der kumulierte Betrag der im Laufe des Jahres an verschiedene Organisationen geleisteten Spenden mindestens 120 Euro betragen und darf 20 % des Gesamteinkommens oder 1.000.000 Euro nicht \u00fcbersteigen. (artikel 109 et 112 des Einkommensteuergesetzes).[\/vc_column_text][\/vc_column][vc_column width=&#8220;1\/2&#8243; tm_responsive_css=&#8220;93071231|colbreak_no|||||||||colbreak_no|1em||1em||||||colbreak_no|1em||1em|||||||colbreak_no|||||||||&#8220;][vc_single_image image=&#8220;102&#8243; img_size=&#8220;full&#8220; alignment=&#8220;right&#8220;][\/vc_column][\/vc_row][vc_section css=&#8220;.vc_custom_1630567283777{margin-bottom: 2em !important;}&#8220;][vc_row tm_bgimagefixed=&#8220;&#8220; css=&#8220;.vc_custom_1629371695312{padding-top: 2em !important;}&#8220;][vc_column][vc_column_text]<\/p>\n<h4 style=\"font-size: 1.2em; line-height: 1.2em; text-align: center;\">Unsere Bankverbindungen:<\/h4>\n<p>[\/vc_column_text][vc_column_text css=&#8220;.vc_custom_1631256646886{margin-top: 1em !important;padding-top: 1em !important;padding-right: 1em !important;padding-bottom: 1em !important;padding-left: 1em !important;background-color: #ebe9e9 !important;}&#8220;]<\/p>\n<h5 style=\"text-align: center;\"><strong>CCP\u00a0<\/strong><br \/>\nIBAN LU31 1111 1557 5570 0000<br \/>\nBIC CCPLLULL<\/h5>\n<h5 style=\"text-align: center;\"><strong>BIL\u00a0<\/strong><br \/>\nIBAN LU23 0027 1013 9190 5300<br \/>\nBIC BILLLULL<\/h5>\n<p>[\/vc_column_text][\/vc_column][\/vc_row][\/vc_section][vc_section css=&#8220;.vc_custom_1683183386035{margin-bottom: 64px !important;}&#8220;][vc_row tm_bgimagefixed=&#8220;&#8220; css=&#8220;.vc_custom_1630567178469{padding-top: 2em !important;padding-right: 2em !important;padding-bottom: 2em !important;padding-left: 2em !important;background-color: #0a275a !important;}&#8220;][vc_column width=&#8220;2\/3&#8243;][vc_column_text css=&#8220;.vc_custom_1683197775661{margin-bottom: 15px !important;}&#8220;]<\/p>\n<h4 style=\"color: white; font-size: 22px; line-height: 22px;\">Wie kommen Sie an Hilfe?<\/h4>\n<p>[\/vc_column_text][vc_column_text]<\/p>\n<p style=\"color: white; font-size: 14px; line-height: 20px;\">Rufen Sie unsere Hotline an: 40 20 80. Wir machen dann einen Termin mit Ihnen (und Ihren Angeh\u00f6rigen, wenn Sie das wollen), aus und besprechen gemeinsam die n\u00e4chsten Schritte.<\/p>\n<p>[\/vc_column_text][vc_column_text css=&#8220;.vc_custom_1683197862762{margin-top: 25px !important;margin-bottom: 15px !important;}&#8220;]<\/p>\n<h4 style=\"color: white; font-size: 22px; line-height: 22px;\">Sie ben\u00f6tigen mehr Informationen?<\/h4>\n<p>[\/vc_column_text][vc_column_text]<\/p>\n<p style=\"color: white; font-size: 14px;\">Kontaktieren Sie uns per Telefon: 40 20 80 oder per email: info@shd.inside-maquette.com<\/p>\n<p>[\/vc_column_text][\/vc_column][vc_column width=&#8220;1\/3&#8243;][vc_single_image image=&#8220;75&#8243; img_size=&#8220;200&#215;200&#8243; alignment=&#8220;center&#8220;]\r\n\t\t<div class=\"tm-vc_btn3-container tm-vc_btn3-center vc_custom_1634719310088\"><a class=\"tm-vc_general tm-vc_btn3 tm-vc_btn3-size-md tm-vc_btn3-shape-rounded tm-vc_btn3-style-flat tm-vc_btn3-weight-no tm-vc_btn3-icon-left tm-vc_btn3-color-skincolor\" href=\"tel:%2040%2020%2080\" title=\"\"><i class=\"tm-vc_btn3-icon fa fa-phone\"><\/i> 40 20 80<\/a><\/div>[\/vc_column][\/vc_row][\/vc_section]<\/p>\n","protected":false},"excerpt":{"rendered":"<p>[vc_row tm_bgimagefixed=&#8220;&#8220;][vc_column offset=&#8220;vc_hidden-md vc_hidden-sm vc_hidden-xs&#8220;][vc_empty_space height=&#8220;1em&#8220;][\/vc_column][\/vc_row][vc_row][vc_column width=&#8220;1\/4&#8243; offset=&#8220;vc_hidden-md vc_hidden-sm vc_hidden-xs&#8220;][vc_single_image image=&#8220;490&#8243; alignment=&#8220;center&#8220; css=&#8220;.vc_custom_1641895586486{margin-bottom: 1em !important;}&#8220;][\/vc_column][vc_column width=&#8220;3\/4&#8243; offset=&#8220;vc_hidden-md vc_hidden-sm vc_hidden-xs&#8220;][vc_column_text css=&#8220;.vc_custom_1683202870423{margin-bottom: 1em !important;}&#8220;] M\u00e4zenat [\/vc_column_text][vc_column_text el_class=&#8220;introdarkblue&#8220;]Einige unserer Projekte, die das Leben unserer Klienten verbessern, existieren nur dank des gro\u00dfz\u00fcgigen M\u00e4zenats oder Sponsorings unserer Spender. Wenn Sie uns unterst\u00fctzen wollen, k\u00f6nnen Sie das mit einer Spende auf &hellip; <a href=\"https:\/\/shd.inside-maquette.com\/de\/mazenat\/\" class=\"more-link\">Continue reading <span class=\"screen-reader-text\">M\u00e4zenat<\/span><\/a><\/p>\n","protected":false},"author":4,"featured_media":0,"parent":0,"menu_order":0,"comment_status":"closed","ping_status":"closed","template":"","meta":{"footnotes":""},"class_list":["post-6166","page","type-page","status-publish","hentry"],"yoast_head":"<!-- This site is optimized with the Yoast SEO plugin v27.4 - https:\/\/yoast.com\/product\/yoast-seo-wordpress\/ -->\n<title>M\u00e4zenat - St\u00ebftung H\u00ebllef Doheem<\/title>\n<meta name=\"robots\" content=\"index, follow, max-snippet:-1, max-image-preview:large, max-video-preview:-1\" \/>\n<link rel=\"canonical\" href=\"https:\/\/shd.inside-maquette.com\/de\/mazenat\/\" \/>\n<meta property=\"og:locale\" content=\"de_DE\" \/>\n<meta property=\"og:type\" content=\"article\" \/>\n<meta property=\"og:title\" content=\"M\u00e4zenat - St\u00ebftung H\u00ebllef Doheem\" \/>\n<meta property=\"og:description\" content=\"[vc_row tm_bgimagefixed=&#8220;&#8220;][vc_column offset=&#8220;vc_hidden-md vc_hidden-sm vc_hidden-xs&#8220;][vc_empty_space height=&#8220;1em&#8220;][\/vc_column][\/vc_row][vc_row][vc_column width=&#8220;1\/4&#8243; offset=&#8220;vc_hidden-md vc_hidden-sm vc_hidden-xs&#8220;][vc_single_image image=&#8220;490&#8243; alignment=&#8220;center&#8220; css=&#8220;.vc_custom_1641895586486{margin-bottom: 1em !important;}&#8220;][\/vc_column][vc_column width=&#8220;3\/4&#8243; offset=&#8220;vc_hidden-md vc_hidden-sm vc_hidden-xs&#8220;][vc_column_text css=&#8220;.vc_custom_1683202870423{margin-bottom: 1em !important;}&#8220;] M\u00e4zenat [\/vc_column_text][vc_column_text el_class=&#8220;introdarkblue&#8220;]Einige unserer Projekte, die das Leben unserer Klienten verbessern, existieren nur dank des gro\u00dfz\u00fcgigen M\u00e4zenats oder Sponsorings unserer Spender. Wenn Sie uns unterst\u00fctzen wollen, k\u00f6nnen Sie das mit einer Spende auf &hellip; Continue reading M\u00e4zenat\" \/>\n<meta property=\"og:url\" content=\"https:\/\/shd.inside-maquette.com\/de\/mazenat\/\" \/>\n<meta property=\"og:site_name\" content=\"St\u00ebftung H\u00ebllef Doheem\" \/>\n<meta property=\"article:modified_time\" content=\"2023-05-05T07:30:12+00:00\" \/>\n<meta name=\"twitter:card\" content=\"summary_large_image\" \/>\n<meta name=\"twitter:label1\" content=\"Gesch\u00e4tzte Lesezeit\" \/>\n\t<meta name=\"twitter:data1\" content=\"3\u00a0Minuten\" \/>\n<script type=\"application\/ld+json\" class=\"yoast-schema-graph\">{\"@context\":\"https:\\\/\\\/schema.org\",\"@graph\":[{\"@type\":\"WebPage\",\"@id\":\"https:\\\/\\\/shd.inside-maquette.com\\\/de\\\/mazenat\\\/\",\"url\":\"https:\\\/\\\/shd.inside-maquette.com\\\/de\\\/mazenat\\\/\",\"name\":\"M\u00e4zenat - St\u00ebftung H\u00ebllef Doheem\",\"isPartOf\":{\"@id\":\"https:\\\/\\\/shd.inside-maquette.com\\\/#website\"},\"datePublished\":\"2023-05-04T12:26:52+00:00\",\"dateModified\":\"2023-05-05T07:30:12+00:00\",\"breadcrumb\":{\"@id\":\"https:\\\/\\\/shd.inside-maquette.com\\\/de\\\/mazenat\\\/#breadcrumb\"},\"inLanguage\":\"de\",\"potentialAction\":[{\"@type\":\"ReadAction\",\"target\":[\"https:\\\/\\\/shd.inside-maquette.com\\\/de\\\/mazenat\\\/\"]}]},{\"@type\":\"BreadcrumbList\",\"@id\":\"https:\\\/\\\/shd.inside-maquette.com\\\/de\\\/mazenat\\\/#breadcrumb\",\"itemListElement\":[{\"@type\":\"ListItem\",\"position\":1,\"name\":\"Accueil\",\"item\":\"https:\\\/\\\/shd.inside-maquette.com\\\/de\\\/\"},{\"@type\":\"ListItem\",\"position\":2,\"name\":\"M\u00e4zenat\"}]},{\"@type\":\"WebSite\",\"@id\":\"https:\\\/\\\/shd.inside-maquette.com\\\/#website\",\"url\":\"https:\\\/\\\/shd.inside-maquette.com\\\/\",\"name\":\"St\u00ebftung H\u00ebllef Doheem\",\"description\":\"Aides et soins au Luxembourg\",\"potentialAction\":[{\"@type\":\"SearchAction\",\"target\":{\"@type\":\"EntryPoint\",\"urlTemplate\":\"https:\\\/\\\/shd.inside-maquette.com\\\/?s={search_term_string}\"},\"query-input\":{\"@type\":\"PropertyValueSpecification\",\"valueRequired\":true,\"valueName\":\"search_term_string\"}}],\"inLanguage\":\"de\"}]}<\/script>\n<!-- \/ Yoast SEO plugin. -->","yoast_head_json":{"title":"M\u00e4zenat - St\u00ebftung H\u00ebllef Doheem","robots":{"index":"index","follow":"follow","max-snippet":"max-snippet:-1","max-image-preview":"max-image-preview:large","max-video-preview":"max-video-preview:-1"},"canonical":"https:\/\/shd.inside-maquette.com\/de\/mazenat\/","og_locale":"de_DE","og_type":"article","og_title":"M\u00e4zenat - St\u00ebftung H\u00ebllef Doheem","og_description":"[vc_row tm_bgimagefixed=&#8220;&#8220;][vc_column offset=&#8220;vc_hidden-md vc_hidden-sm vc_hidden-xs&#8220;][vc_empty_space height=&#8220;1em&#8220;][\/vc_column][\/vc_row][vc_row][vc_column width=&#8220;1\/4&#8243; offset=&#8220;vc_hidden-md vc_hidden-sm vc_hidden-xs&#8220;][vc_single_image image=&#8220;490&#8243; alignment=&#8220;center&#8220; css=&#8220;.vc_custom_1641895586486{margin-bottom: 1em !important;}&#8220;][\/vc_column][vc_column width=&#8220;3\/4&#8243; offset=&#8220;vc_hidden-md vc_hidden-sm vc_hidden-xs&#8220;][vc_column_text css=&#8220;.vc_custom_1683202870423{margin-bottom: 1em !important;}&#8220;] M\u00e4zenat [\/vc_column_text][vc_column_text el_class=&#8220;introdarkblue&#8220;]Einige unserer Projekte, die das Leben unserer Klienten verbessern, existieren nur dank des gro\u00dfz\u00fcgigen M\u00e4zenats oder Sponsorings unserer Spender. Wenn Sie uns unterst\u00fctzen wollen, k\u00f6nnen Sie das mit einer Spende auf &hellip; Continue reading M\u00e4zenat","og_url":"https:\/\/shd.inside-maquette.com\/de\/mazenat\/","og_site_name":"St\u00ebftung H\u00ebllef Doheem","article_modified_time":"2023-05-05T07:30:12+00:00","twitter_card":"summary_large_image","twitter_misc":{"Gesch\u00e4tzte Lesezeit":"3\u00a0Minuten"},"schema":{"@context":"https:\/\/schema.org","@graph":[{"@type":"WebPage","@id":"https:\/\/shd.inside-maquette.com\/de\/mazenat\/","url":"https:\/\/shd.inside-maquette.com\/de\/mazenat\/","name":"M\u00e4zenat - St\u00ebftung H\u00ebllef Doheem","isPartOf":{"@id":"https:\/\/shd.inside-maquette.com\/#website"},"datePublished":"2023-05-04T12:26:52+00:00","dateModified":"2023-05-05T07:30:12+00:00","breadcrumb":{"@id":"https:\/\/shd.inside-maquette.com\/de\/mazenat\/#breadcrumb"},"inLanguage":"de","potentialAction":[{"@type":"ReadAction","target":["https:\/\/shd.inside-maquette.com\/de\/mazenat\/"]}]},{"@type":"BreadcrumbList","@id":"https:\/\/shd.inside-maquette.com\/de\/mazenat\/#breadcrumb","itemListElement":[{"@type":"ListItem","position":1,"name":"Accueil","item":"https:\/\/shd.inside-maquette.com\/de\/"},{"@type":"ListItem","position":2,"name":"M\u00e4zenat"}]},{"@type":"WebSite","@id":"https:\/\/shd.inside-maquette.com\/#website","url":"https:\/\/shd.inside-maquette.com\/","name":"St\u00ebftung H\u00ebllef Doheem","description":"Aides et soins au Luxembourg","potentialAction":[{"@type":"SearchAction","target":{"@type":"EntryPoint","urlTemplate":"https:\/\/shd.inside-maquette.com\/?s={search_term_string}"},"query-input":{"@type":"PropertyValueSpecification","valueRequired":true,"valueName":"search_term_string"}}],"inLanguage":"de"}]}},"_links":{"self":[{"href":"https:\/\/shd.inside-maquette.com\/de\/wp-json\/wp\/v2\/pages\/6166","targetHints":{"allow":["GET"]}}],"collection":[{"href":"https:\/\/shd.inside-maquette.com\/de\/wp-json\/wp\/v2\/pages"}],"about":[{"href":"https:\/\/shd.inside-maquette.com\/de\/wp-json\/wp\/v2\/types\/page"}],"author":[{"embeddable":true,"href":"https:\/\/shd.inside-maquette.com\/de\/wp-json\/wp\/v2\/users\/4"}],"replies":[{"embeddable":true,"href":"https:\/\/shd.inside-maquette.com\/de\/wp-json\/wp\/v2\/comments?post=6166"}],"version-history":[{"count":0,"href":"https:\/\/shd.inside-maquette.com\/de\/wp-json\/wp\/v2\/pages\/6166\/revisions"}],"wp:attachment":[{"href":"https:\/\/shd.inside-maquette.com\/de\/wp-json\/wp\/v2\/media?parent=6166"}],"curies":[{"name":"wp","href":"https:\/\/api.w.org\/{rel}","templated":true}]}}