{"id":603,"date":"2022-01-10T16:23:43","date_gmt":"2022-01-10T16:23:43","guid":{"rendered":"https:\/\/shd.inside-maquette.com\/documentation\/"},"modified":"2022-01-26T13:22:00","modified_gmt":"2022-01-26T13:22:00","slug":"dokumentation","status":"publish","type":"page","link":"https:\/\/shd.inside-maquette.com\/de\/dokumentation\/","title":{"rendered":"Dokumentation"},"content":{"rendered":"<p>[vc_row tm_bgimagefixed=&#8220;&#8220;][vc_column width=&#8220;1\/4&#8243; offset=&#8220;vc_hidden-md vc_hidden-sm vc_hidden-xs&#8220;][vc_single_image image=&#8220;690&#8243; alignment=&#8220;center&#8220;][\/vc_column][vc_column width=&#8220;3\/4&#8243; offset=&#8220;vc_hidden-md vc_hidden-sm vc_hidden-xs&#8220;][vc_column_text css=&#8220;.vc_custom_1636021314726{margin-bottom: 1em !important;}&#8220;]<\/p>\n<h1>Dokumentation<\/h1>\n<p>[\/vc_column_text][vc_column_text el_class=&#8220;introdarkblue&#8220;]Hier finden Sie unsere Zeitungen und Flyer, unsere Filme und Videoclips. Wir w\u00fcnschen Ihnen viel Spass beim Entdecken. Gerne k\u00f6nnen Sie unserer Redaktion schreiben mit Kritiken, Anregungen und W\u00fcnschen: com@shd.inside-maquette.com[\/vc_column_text][\/vc_column][\/vc_row][vc_row tm_bgimagefixed=&#8220;&#8220;][vc_column width=&#8220;1\/4&#8243; offset=&#8220;vc_hidden-lg&#8220; css=&#8220;.vc_custom_1631604098604{margin-bottom: 1em !important;}&#8220;][vc_single_image image=&#8220;690&#8243; img_size=&#8220;100&#215;100&#8243; alignment=&#8220;center&#8220;][\/vc_column][vc_column width=&#8220;3\/4&#8243; offset=&#8220;vc_hidden-lg&#8220;][vc_column_text css=&#8220;.vc_custom_1637062025557{margin-bottom: 1em !important;}&#8220;]<\/p>\n<h1 style=\"text-align: center;\">Dokumentation<\/h1>\n<p>[\/vc_column_text][vc_column_text el_class=&#8220;introdarkblue&#8220;]<\/p>\n<p style=\"text-align: center;\"><span style=\"font-weight: 400;\">Hier finden Sie unsere Zeitungen und Flyer, unsere Filme und Videoclips. Wir w\u00fcnschen Ihnen viel Spass beim Entdecken. Gerne k\u00f6nnen Sie unserer Redaktion schreiben mit Kritiken, Anregungen und W\u00fcnschen: com@shd.inside-maquette.com<\/span><\/p>\n<p>[\/vc_column_text][\/vc_column][\/vc_row][vc_row][vc_column][vc_separator border_width=&#8220;2&#8243;][\/vc_column][\/vc_row][vc_row][vc_column width=&#8220;1\/3&#8243; css=&#8220;.vc_custom_1637074857727{margin-bottom: 2em !important;}&#8220;][vc_single_image image=&#8220;699&#8243; img_size=&#8220;full&#8220; alignment=&#8220;center&#8220; onclick=&#8220;custom_link&#8220; img_link_target=&#8220;_blank&#8220; link=&#8220;https:\/\/shd.inside-maquette.com\/de\/dokumentation\/magazine-shd\/&#8220;][vc_column_text]<\/p>\n<h4 style=\"text-align: center;\">Magazines SHD<\/h4>\n<p>[\/vc_column_text][\/vc_column][vc_column width=&#8220;1\/3&#8243; css=&#8220;.vc_custom_1637074869457{margin-bottom: 2em !important;}&#8220;][vc_single_image image=&#8220;837&#8243; img_size=&#8220;full&#8220; alignment=&#8220;center&#8220; onclick=&#8220;custom_link&#8220; img_link_target=&#8220;_blank&#8220; link=&#8220;https:\/\/shd.inside-maquette.com\/de\/dokumentation\/informationsbroschuere\/&#8220;][vc_column_text]<\/p>\n<h4 style=\"text-align: center;\">Informationsbrosch\u00fcre<\/h4>\n<p>[\/vc_column_text][\/vc_column][vc_column width=&#8220;1\/3&#8243; css=&#8220;.vc_custom_1637074875802{margin-bottom: 2em !important;}&#8220;][vc_single_image image=&#8220;695&#8243; img_size=&#8220;full&#8220; alignment=&#8220;center&#8220; onclick=&#8220;custom_link&#8220; img_link_target=&#8220;_blank&#8220; link=&#8220;https:\/\/shd.inside-maquette.com\/de\/dokumentation\/videos\/&#8220;][vc_column_text]<\/p>\n<h4 style=\"text-align: center;\">Vid\u00e9os<\/h4>\n<p>[\/vc_column_text][\/vc_column][\/vc_row][vc_row tm_bgcolor=&#8220;darkgrey&#8220; tm_bgimagefixed=&#8220;&#8220; break_in_responsive=&#8220;991&#8243; tm_zindex=&#8220;2&#8243; equal_height=&#8220;yes&#8220; css=&#8220;.vc_custom_1634995142660{margin-top: 5em !important;padding-top: 0px !important;padding-bottom: 0px !important;}&#8220;][vc_column width=&#8220;1\/2&#8243; css=&#8220;.vc_custom_1628840908149{padding-top: 50px !important;padding-bottom: 40px !important;}&#8220; tm_responsive_css=&#8220;72264376|colbreak_no|||||||||colbreak_no|||||15px||0px||colbreak_no||||||||||colbreak_no|||||||||&#8220;][vc_row_inner css=&#8220;.vc_custom_1603515249134{margin-left: -382px !important;}&#8220; tm_responsive_css=&#8220;87089504|colbreak_no|||||||||colbreak_no||||-15px|||||colbreak_no||||||||||colbreak_no|||||||||&#8220;][vc_column_inner][vc_single_image image=&#8220;42&#8243; img_size=&#8220;full&#8220;][\/vc_column_inner][\/vc_row_inner][\/vc_column][vc_column tm_textcolor=&#8220;white&#8220; tm_bgcolor=&#8220;darkgrey&#8220; tm_col_bg_expand=&#8220;right&#8220; tm_zindex=&#8220;1&#8243; width=&#8220;1\/2&#8243; css=&#8220;.vc_custom_1602071655172{padding-top: 120px !important;padding-bottom: 70px !important;padding-left: 30px !important;}&#8220; tm_responsive_css=&#8220;90093343|colbreak_no|||||30px|15px|20px|15px|colbreak_no|||||||||colbreak_no||||||||||colbreak_no|||||||||&#8220;][vc_row_inner css=&#8220;.vc_custom_1603710799955{padding-right: 25px !important;}&#8220; tm_responsive_css=&#8220;63919401|colbreak_no|||||||||colbreak_no||||||0px|||colbreak_no||||||||||colbreak_no|||||||||&#8220;][vc_column_inner][vc_column_text]<\/p>\n<h2>Entdecken Sie unsere<br \/>\nDienste per Video<\/h2>\n<p>Unsere vielf\u00e4ltigen Hilfs- und Pflegeleistungen k\u00f6nnen Sie in unseren Videos entdecken. Z\u00f6gern Sie bitte nicht uns zu kontaktieren, wenn Sie Hilfe brauchen oder sich alleine f\u00fchlen. Zusammen finden wir DIE f\u00fcr Sie richtige L\u00f6sung.[\/vc_column_text][vc_separator color=&#8220;custom&#8220; accent_color=&#8220;rgba(255,255,255,0.09)&#8220; css=&#8220;.vc_custom_1602072042703{margin-bottom: 45px !important;padding-top: 5px !important;}&#8220;]\r\n\t\t<div class=\"tm-vc_btn3-container tm-vc_btn3-center\"><a class=\"tm-vc_general tm-vc_btn3 tm-vc_btn3-size-md tm-vc_btn3-shape-rounded tm-vc_btn3-style-flat tm-vc_btn3-weight-no tm-vc_btn3-color-skincolor\" href=\"https:\/\/shd.inside-maquette.com\/de\/documentation\/videos\/\" title=\"Vid\u00e9os\">Entdecken Sie alle Videos<\/a><\/div>[\/vc_column_inner][\/vc_row_inner][\/vc_column][\/vc_row]<\/p>\n","protected":false},"excerpt":{"rendered":"<p>[vc_row tm_bgimagefixed=&#8220;&#8220;][vc_column width=&#8220;1\/4&#8243; offset=&#8220;vc_hidden-md vc_hidden-sm vc_hidden-xs&#8220;][vc_single_image image=&#8220;690&#8243; alignment=&#8220;center&#8220;][\/vc_column][vc_column width=&#8220;3\/4&#8243; offset=&#8220;vc_hidden-md vc_hidden-sm vc_hidden-xs&#8220;][vc_column_text css=&#8220;.vc_custom_1636021314726{margin-bottom: 1em !important;}&#8220;] Dokumentation [\/vc_column_text][vc_column_text el_class=&#8220;introdarkblue&#8220;]Hier finden Sie unsere Zeitungen und Flyer, unsere Filme und Videoclips. Wir w\u00fcnschen Ihnen viel Spass beim Entdecken. Gerne k\u00f6nnen Sie unserer Redaktion schreiben mit Kritiken, Anregungen und W\u00fcnschen: com@shd.inside-maquette.com[\/vc_column_text][\/vc_column][\/vc_row][vc_row tm_bgimagefixed=&#8220;&#8220;][vc_column width=&#8220;1\/4&#8243; offset=&#8220;vc_hidden-lg&#8220; css=&#8220;.vc_custom_1631604098604{margin-bottom: 1em !important;}&#8220;][vc_single_image image=&#8220;690&#8243; img_size=&#8220;100&#215;100&#8243; &hellip; <a href=\"https:\/\/shd.inside-maquette.com\/de\/dokumentation\/\" class=\"more-link\">Continue reading <span class=\"screen-reader-text\">Dokumentation<\/span><\/a><\/p>\n","protected":false},"author":1,"featured_media":0,"parent":0,"menu_order":0,"comment_status":"closed","ping_status":"closed","template":"","meta":{"footnotes":""},"class_list":["post-603","page","type-page","status-publish","hentry"],"yoast_head":"<!-- This site is optimized with the Yoast SEO plugin v27.4 - https:\/\/yoast.com\/product\/yoast-seo-wordpress\/ -->\n<title>Dokumentation - St\u00ebftung H\u00ebllef Doheem<\/title>\n<meta name=\"description\" content=\"Hier finden Sie unsere Zeitungen und Flyer, unsere Filme und Videoclips.\" \/>\n<meta name=\"robots\" content=\"index, follow, max-snippet:-1, max-image-preview:large, max-video-preview:-1\" \/>\n<link rel=\"canonical\" href=\"https:\/\/shd.inside-maquette.com\/de\/dokumentation\/\" \/>\n<meta property=\"og:locale\" content=\"de_DE\" \/>\n<meta property=\"og:type\" content=\"article\" \/>\n<meta property=\"og:title\" content=\"Dokumentation - St\u00ebftung H\u00ebllef Doheem\" \/>\n<meta property=\"og:description\" content=\"Hier finden Sie unsere Zeitungen und Flyer, unsere Filme und Videoclips.\" \/>\n<meta property=\"og:url\" content=\"https:\/\/shd.inside-maquette.com\/de\/dokumentation\/\" \/>\n<meta property=\"og:site_name\" content=\"St\u00ebftung H\u00ebllef Doheem\" \/>\n<meta property=\"article:modified_time\" content=\"2022-01-26T13:22:00+00:00\" \/>\n<meta name=\"twitter:card\" content=\"summary_large_image\" \/>\n<meta name=\"twitter:label1\" content=\"Gesch\u00e4tzte Lesezeit\" \/>\n\t<meta name=\"twitter:data1\" content=\"2\u00a0Minuten\" \/>\n<script type=\"application\/ld+json\" class=\"yoast-schema-graph\">{\"@context\":\"https:\\\/\\\/schema.org\",\"@graph\":[{\"@type\":\"WebPage\",\"@id\":\"https:\\\/\\\/shd.inside-maquette.com\\\/de\\\/dokumentation\\\/\",\"url\":\"https:\\\/\\\/shd.inside-maquette.com\\\/de\\\/dokumentation\\\/\",\"name\":\"Dokumentation - St\u00ebftung H\u00ebllef Doheem\",\"isPartOf\":{\"@id\":\"https:\\\/\\\/shd.inside-maquette.com\\\/#website\"},\"datePublished\":\"2022-01-10T16:23:43+00:00\",\"dateModified\":\"2022-01-26T13:22:00+00:00\",\"description\":\"Hier finden Sie unsere Zeitungen und Flyer, unsere Filme und Videoclips.\",\"breadcrumb\":{\"@id\":\"https:\\\/\\\/shd.inside-maquette.com\\\/de\\\/dokumentation\\\/#breadcrumb\"},\"inLanguage\":\"de\",\"potentialAction\":[{\"@type\":\"ReadAction\",\"target\":[\"https:\\\/\\\/shd.inside-maquette.com\\\/de\\\/dokumentation\\\/\"]}]},{\"@type\":\"BreadcrumbList\",\"@id\":\"https:\\\/\\\/shd.inside-maquette.com\\\/de\\\/dokumentation\\\/#breadcrumb\",\"itemListElement\":[{\"@type\":\"ListItem\",\"position\":1,\"name\":\"Accueil\",\"item\":\"https:\\\/\\\/shd.inside-maquette.com\\\/de\\\/\"},{\"@type\":\"ListItem\",\"position\":2,\"name\":\"Dokumentation\"}]},{\"@type\":\"WebSite\",\"@id\":\"https:\\\/\\\/shd.inside-maquette.com\\\/#website\",\"url\":\"https:\\\/\\\/shd.inside-maquette.com\\\/\",\"name\":\"St\u00ebftung H\u00ebllef Doheem\",\"description\":\"Aides et soins au Luxembourg\",\"potentialAction\":[{\"@type\":\"SearchAction\",\"target\":{\"@type\":\"EntryPoint\",\"urlTemplate\":\"https:\\\/\\\/shd.inside-maquette.com\\\/?s={search_term_string}\"},\"query-input\":{\"@type\":\"PropertyValueSpecification\",\"valueRequired\":true,\"valueName\":\"search_term_string\"}}],\"inLanguage\":\"de\"}]}<\/script>\n<!-- \/ Yoast SEO plugin. -->","yoast_head_json":{"title":"Dokumentation - St\u00ebftung H\u00ebllef Doheem","description":"Hier finden Sie unsere Zeitungen und Flyer, unsere Filme und Videoclips.","robots":{"index":"index","follow":"follow","max-snippet":"max-snippet:-1","max-image-preview":"max-image-preview:large","max-video-preview":"max-video-preview:-1"},"canonical":"https:\/\/shd.inside-maquette.com\/de\/dokumentation\/","og_locale":"de_DE","og_type":"article","og_title":"Dokumentation - St\u00ebftung H\u00ebllef Doheem","og_description":"Hier finden Sie unsere Zeitungen und Flyer, unsere Filme und Videoclips.","og_url":"https:\/\/shd.inside-maquette.com\/de\/dokumentation\/","og_site_name":"St\u00ebftung H\u00ebllef Doheem","article_modified_time":"2022-01-26T13:22:00+00:00","twitter_card":"summary_large_image","twitter_misc":{"Gesch\u00e4tzte Lesezeit":"2\u00a0Minuten"},"schema":{"@context":"https:\/\/schema.org","@graph":[{"@type":"WebPage","@id":"https:\/\/shd.inside-maquette.com\/de\/dokumentation\/","url":"https:\/\/shd.inside-maquette.com\/de\/dokumentation\/","name":"Dokumentation - St\u00ebftung H\u00ebllef Doheem","isPartOf":{"@id":"https:\/\/shd.inside-maquette.com\/#website"},"datePublished":"2022-01-10T16:23:43+00:00","dateModified":"2022-01-26T13:22:00+00:00","description":"Hier finden Sie unsere Zeitungen und Flyer, unsere Filme und Videoclips.","breadcrumb":{"@id":"https:\/\/shd.inside-maquette.com\/de\/dokumentation\/#breadcrumb"},"inLanguage":"de","potentialAction":[{"@type":"ReadAction","target":["https:\/\/shd.inside-maquette.com\/de\/dokumentation\/"]}]},{"@type":"BreadcrumbList","@id":"https:\/\/shd.inside-maquette.com\/de\/dokumentation\/#breadcrumb","itemListElement":[{"@type":"ListItem","position":1,"name":"Accueil","item":"https:\/\/shd.inside-maquette.com\/de\/"},{"@type":"ListItem","position":2,"name":"Dokumentation"}]},{"@type":"WebSite","@id":"https:\/\/shd.inside-maquette.com\/#website","url":"https:\/\/shd.inside-maquette.com\/","name":"St\u00ebftung H\u00ebllef Doheem","description":"Aides et soins au Luxembourg","potentialAction":[{"@type":"SearchAction","target":{"@type":"EntryPoint","urlTemplate":"https:\/\/shd.inside-maquette.com\/?s={search_term_string}"},"query-input":{"@type":"PropertyValueSpecification","valueRequired":true,"valueName":"search_term_string"}}],"inLanguage":"de"}]}},"_links":{"self":[{"href":"https:\/\/shd.inside-maquette.com\/de\/wp-json\/wp\/v2\/pages\/603","targetHints":{"allow":["GET"]}}],"collection":[{"href":"https:\/\/shd.inside-maquette.com\/de\/wp-json\/wp\/v2\/pages"}],"about":[{"href":"https:\/\/shd.inside-maquette.com\/de\/wp-json\/wp\/v2\/types\/page"}],"author":[{"embeddable":true,"href":"https:\/\/shd.inside-maquette.com\/de\/wp-json\/wp\/v2\/users\/1"}],"replies":[{"embeddable":true,"href":"https:\/\/shd.inside-maquette.com\/de\/wp-json\/wp\/v2\/comments?post=603"}],"version-history":[{"count":0,"href":"https:\/\/shd.inside-maquette.com\/de\/wp-json\/wp\/v2\/pages\/603\/revisions"}],"wp:attachment":[{"href":"https:\/\/shd.inside-maquette.com\/de\/wp-json\/wp\/v2\/media?parent=603"}],"curies":[{"name":"wp","href":"https:\/\/api.w.org\/{rel}","templated":true}]}}