{"id":600,"date":"2022-01-10T19:32:02","date_gmt":"2022-01-10T19:32:02","guid":{"rendered":"https:\/\/shd.inside-maquette.com\/brochure-dinformation\/"},"modified":"2023-05-11T16:55:31","modified_gmt":"2023-05-11T16:55:31","slug":"informationsbroschuere","status":"publish","type":"page","link":"https:\/\/shd.inside-maquette.com\/de\/dokumentation\/informationsbroschuere\/","title":{"rendered":"Informationsbrosch\u00fcre"},"content":{"rendered":"<p>[vc_row][vc_column offset=&#8220;vc_hidden-md vc_hidden-sm vc_hidden-xs&#8220;][vc_column_text]<nav aria-label=\"breadcrumbs\">\n            <div class=\"breadcrumb-container theme3\">\n                <ol>\n                                    <\/ol>\n            <\/div>\n        <\/nav>    <script type=\"application\/ld+json\">\n        {\n            \"@context\": \"http:\/\/schema.org\",\n            \"@type\": \"BreadcrumbList\",\n            \"itemListElement\": [\n                            ]\n        }\n    <\/script>\n   \n    <script>\n            <\/script>\n[\/vc_column_text][vc_empty_space height=&#8220;1em&#8220;][\/vc_column][\/vc_row][vc_row][vc_column][vc_column_text]<br \/>\n[\/vc_column_text][\/vc_column][\/vc_row][vc_row tm_bgimagefixed=&#8220;&#8220;][vc_column width=&#8220;1\/4&#8243; offset=&#8220;vc_hidden-md vc_hidden-sm vc_hidden-xs&#8220;][vc_single_image image=&#8220;24&#8243; img_size=&#8220;full&#8220; alignment=&#8220;center&#8220; css=&#8220;.vc_custom_1641901828490{margin-bottom: 1em !important;}&#8220;][\/vc_column][vc_column width=&#8220;3\/4&#8243; offset=&#8220;vc_hidden-md vc_hidden-sm vc_hidden-xs&#8220;]<h1 style=\"text-align:left;\" class=\"tm-custom-heading \" >Informationsbrosch\u00fcre<\/h1>\n[vc_column_text el_class=&#8220;introdarkblue&#8220;]<span style=\"font-weight: 400;\">Hier finden Sie in aller K\u00fcrze die wichtigsten Informationen zu unserem vielseitigen Angebot, in kleiner Verpackung.<\/span>[\/vc_column_text][\/vc_column][\/vc_row][vc_row tm_bgimagefixed=&#8220;&#8220;][vc_column width=&#8220;1\/4&#8243; offset=&#8220;vc_hidden-lg&#8220;][vc_single_image image=&#8220;24&#8243; img_size=&#8220;100&#215;100&#8243; alignment=&#8220;center&#8220; css=&#8220;.vc_custom_1633958663623{margin-bottom: 1em !important;}&#8220;][\/vc_column][vc_column width=&#8220;3\/4&#8243; offset=&#8220;vc_hidden-lg&#8220;][vc_column_text]<\/p>\n<h1 style=\"text-align: center; font-size: 2em; line-height: 1.2em;\">Informationsbrosch\u00fcre<\/h1>\n<p>[\/vc_column_text][vc_column_text el_class=&#8220;introdarkblue&#8220;]<\/p>\n<p style=\"text-align: center;\"><span style=\"font-weight: 400;\">Hier finden Sie in aller K\u00fcrze die wichtigsten Informationen zu unserem vielseitigen Angebot, in kleiner Verpackung.<\/span><\/p>\n<p>[\/vc_column_text][\/vc_column][\/vc_row][vc_row tm_bgimagefixed=&#8220;&#8220; css=&#8220;.vc_custom_1603715359298{padding-top: 30px !important;padding-bottom: 40px !important;}&#8220; tm_responsive_css=&#8220;34573578|colbreak_no|||||||||colbreak_no|||||||0px||colbreak_no||||||||||colbreak_no|||||||||&#8220;][vc_column][vc_separator border_width=&#8220;2&#8243; css=&#8220;.vc_custom_1635866259013{margin-top: 1em !important;margin-bottom: 1em !important;}&#8220;][vc_row_inner css=&#8220;.vc_custom_1603193161590{padding-top: 15px !important;}&#8220;][vc_column_inner width=&#8220;1\/4&#8243; css=&#8220;.vc_custom_1603194428964{padding-top: 5px !important;}&#8220;][vc_single_image image=&#8220;5706&#8243; img_size=&#8220;full&#8220; alignment=&#8220;center&#8220;][vc_column_text css=&#8220;.vc_custom_1682417303782{margin-top: 1em !important;}&#8220;]<\/p>\n<h6 class=\"title style-scope ytd-video-primary-info-renderer\" style=\"text-align: center;\">Unsere Dienstleistungen DE-FR<\/h6>\n<p>[\/vc_column_text]\r\n\t\t<div class=\"tm-vc_btn3-container  bouton-media tm-vc_btn3-center\"><a class=\"tm-vc_general tm-vc_btn3 tm-vc_btn3-size-md tm-vc_btn3-shape-rounded tm-vc_btn3-style-flat tm-vc_btn3-weight-no tm-vc_btn3-block tm-vc_btn3-color-skincolor\" href=\"https:\/\/shd.inside-maquette.com\/wp-content\/uploads\/2023\/05\/2305007_depliant-general_FR_AL_web.pdf\" title=\"\" target=\"_blank\">Mehr<\/a><\/div>[\/vc_column_inner][vc_column_inner width=&#8220;1\/4&#8243;][vc_single_image image=&#8220;5708&#8243; img_size=&#8220;full&#8220; alignment=&#8220;center&#8220;][vc_column_text css=&#8220;.vc_custom_1682417311944{margin-top: 1em !important;}&#8220;]<\/p>\n<h6 class=\"title style-scope ytd-video-primary-info-renderer\" style=\"text-align: center;\">Die Tagesst\u00e4tten DE-FR<\/h6>\n<p>[\/vc_column_text]\r\n\t\t<div class=\"tm-vc_btn3-container  bouton-media tm-vc_btn3-center\"><a class=\"tm-vc_general tm-vc_btn3 tm-vc_btn3-size-md tm-vc_btn3-shape-rounded tm-vc_btn3-style-flat tm-vc_btn3-weight-no tm-vc_btn3-color-skincolor\" href=\"https:\/\/shd.inside-maquette.com\/wp-content\/uploads\/2023\/04\/2301132_SHD_Depliant_centre-de-jour-FR_AL_web.pdf\" title=\"\" target=\"_blank\">Mehr<\/a><\/div>[\/vc_column_inner][vc_column_inner width=&#8220;1\/4&#8243;][vc_single_image image=&#8220;5702&#8243; img_size=&#8220;full&#8220; alignment=&#8220;center&#8220;][vc_column_text css=&#8220;.vc_custom_1682417320885{margin-top: 1em !important;}&#8220;]<\/p>\n<h6 class=\"title style-scope ytd-video-primary-info-renderer\" style=\"text-align: center;\">Hilfe und Pflege zuhause DE-FR<\/h6>\n<p>[\/vc_column_text]\r\n\t\t<div class=\"tm-vc_btn3-container  bouton-media tm-vc_btn3-center\"><a class=\"tm-vc_general tm-vc_btn3 tm-vc_btn3-size-md tm-vc_btn3-shape-rounded tm-vc_btn3-style-flat tm-vc_btn3-weight-no tm-vc_btn3-color-skincolor\" href=\"https:\/\/shd.inside-maquette.com\/wp-content\/uploads\/2023\/04\/2301134_SHD_Depliant-Aides_soins-domicile_FR_AL_web.pdf\" title=\"\" target=\"_blank\">Mehr<\/a><\/div>[\/vc_column_inner][vc_column_inner width=&#8220;1\/4&#8243;][vc_single_image image=&#8220;6005&#8243; img_size=&#8220;full&#8220; alignment=&#8220;center&#8220; onclick=&#8220;custom_link&#8220; link=&#8220;https:\/\/shd.inside-maquette.com\/wp-content\/uploads\/2023\/04\/2303067_SHD_depliant-Senior-Plus-FR_AL_web.pdf&#8220;][vc_column_text css=&#8220;.vc_custom_1682417159369{margin-top: 1em !important;}&#8220;]<\/p>\n<h6 class=\"title style-scope ytd-video-primary-info-renderer\" style=\"text-align: center;\">Senior Plus DE-FR<\/h6>\n<p>[\/vc_column_text]\r\n\t\t<div class=\"tm-vc_btn3-container  bouton-media tm-vc_btn3-center\"><a class=\"tm-vc_general tm-vc_btn3 tm-vc_btn3-size-md tm-vc_btn3-shape-rounded tm-vc_btn3-style-flat tm-vc_btn3-weight-no tm-vc_btn3-color-skincolor\" href=\"https:\/\/shd.inside-maquette.com\/wp-content\/uploads\/2023\/04\/2303067_SHD_depliant-Senior-Plus-FR_AL_web.pdf\" title=\"\">Mehr<\/a><\/div>[\/vc_column_inner][\/vc_row_inner][vc_row_inner css=&#8220;.vc_custom_1603193161590{padding-top: 15px !important;}&#8220;][vc_column_inner width=&#8220;1\/4&#8243; css=&#8220;.vc_custom_1603194428964{padding-top: 5px !important;}&#8220;][vc_single_image image=&#8220;5712&#8243; img_size=&#8220;full&#8220; alignment=&#8220;center&#8220;][vc_column_text css=&#8220;.vc_custom_1682417330911{margin-top: 1em !important;}&#8220;]<\/p>\n<h6 class=\"title style-scope ytd-video-primary-info-renderer\" style=\"text-align: center;\">W\u00e4schkuerf DE-FR<\/h6>\n<p>[\/vc_column_text]\r\n\t\t<div class=\"tm-vc_btn3-container  bouton-media tm-vc_btn3-center\"><a class=\"tm-vc_general tm-vc_btn3 tm-vc_btn3-size-md tm-vc_btn3-shape-rounded tm-vc_btn3-style-flat tm-vc_btn3-weight-no tm-vc_btn3-block tm-vc_btn3-color-skincolor\" href=\"https:\/\/shd.inside-maquette.com\/wp-content\/uploads\/2023\/04\/2303060_SHD_Depliant-Waeschkuerf-FR_AL_web.pdf\" title=\"\" target=\"_blank\">Mehr<\/a><\/div>[\/vc_column_inner][vc_column_inner width=&#8220;1\/4&#8243;][vc_single_image image=&#8220;5710&#8243; img_size=&#8220;full&#8220; alignment=&#8220;center&#8220;][vc_column_text css=&#8220;.vc_custom_1682417339736{margin-top: 1em !important;}&#8220;]<\/p>\n<h6 class=\"title style-scope ytd-video-primary-info-renderer\" style=\"text-align: center;\">S\u00e9cher Doheem DE-FR<\/h6>\n<p>[\/vc_column_text]\r\n\t\t<div class=\"tm-vc_btn3-container  bouton-media tm-vc_btn3-center\"><a class=\"tm-vc_general tm-vc_btn3 tm-vc_btn3-size-md tm-vc_btn3-shape-rounded tm-vc_btn3-style-flat tm-vc_btn3-weight-no tm-vc_btn3-color-skincolor\" href=\"https:\/\/shd.inside-maquette.com\/wp-content\/uploads\/2023\/04\/2301133_Depliant_SHD_secherdoheem-FR_AL_web.pdf\" title=\"\" target=\"_blank\">Mehr<\/a><\/div>[\/vc_column_inner][vc_column_inner width=&#8220;1\/4&#8243;][vc_single_image image=&#8220;1694&#8243; img_size=&#8220;full&#8220; alignment=&#8220;center&#8220; onclick=&#8220;custom_link&#8220; link=&#8220;https:\/\/shd.inside-maquette.com\/wp-content\/uploads\/2022\/04\/2204001_SHD_Depliant-DetecteurFumee_1.pdf&#8220;][vc_column_text css=&#8220;.vc_custom_1682417350054{margin-top: 1em !important;}&#8220;]<\/p>\n<h6 class=\"title style-scope ytd-video-primary-info-renderer\" style=\"text-align: center;\">Rauchmelder DE-FR<\/h6>\n<p>[\/vc_column_text]\r\n\t\t<div class=\"tm-vc_btn3-container  bouton-media tm-vc_btn3-center\"><a class=\"tm-vc_general tm-vc_btn3 tm-vc_btn3-size-md tm-vc_btn3-shape-rounded tm-vc_btn3-style-flat tm-vc_btn3-weight-no tm-vc_btn3-color-skincolor\" href=\"https:\/\/shd.inside-maquette.com\/wp-content\/uploads\/2022\/04\/2204001_SHD_Depliant-DetecteurFumee_1.pdf\" title=\"\">Mehr<\/a><\/div>[\/vc_column_inner][vc_column_inner width=&#8220;1\/4&#8243;][\/vc_column_inner][\/vc_row_inner][\/vc_column][\/vc_row][vc_section css=&#8220;.vc_custom_1637138322887{margin-top: 2em !important;}&#8220;][vc_row tm_bgimagefixed=&#8220;&#8220; css=&#8220;.vc_custom_1637138331871{padding-top: 2em !important;padding-right: 2em !important;padding-bottom: 2em !important;padding-left: 2em !important;background-color: #0a275a !important;}&#8220;][vc_column width=&#8220;2\/3&#8243;]<h3 style=\"text-align:left;color:#ffffff;\" class=\"tm-custom-heading \" >Sie an Hilfe?<\/h3>\n[vc_column_text]<\/p>\n<h6 style=\"color: white;\">Rufen Sie unsere Hotline an: 40 20 80. Wir machen dann einen Termin mit Ihnen , aus und besprechen gemeinsam die n\u00e4chsten Schritte.<\/h6>\n<p>[\/vc_column_text]<h3 style=\"text-align:left;line-height:1.2em;color:#ffffff;\" class=\"tm-custom-heading vc_custom_1641902395832\" >Mehr Informationen?<\/h3>\n[vc_column_text]<\/p>\n<h6 style=\"color: white;\">Per Telefon: 40 20 80 oder oder per email: info@shd.inside-maquette.com<\/h6>\n<p>[\/vc_column_text][\/vc_column][vc_column width=&#8220;1\/3&#8243;][vc_single_image image=&#8220;75&#8243; img_size=&#8220;200&#215;200&#8243; alignment=&#8220;center&#8220;]\r\n\t\t<div class=\"tm-vc_btn3-container tm-vc_btn3-center vc_custom_1642147614338\"><a class=\"tm-vc_general tm-vc_btn3 tm-vc_btn3-size-md tm-vc_btn3-shape-rounded tm-vc_btn3-style-flat tm-vc_btn3-weight-no tm-vc_btn3-icon-left tm-vc_btn3-color-skincolor\" href=\"tel:%20402080\" title=\"\"><i class=\"tm-vc_btn3-icon fa fa-phone\"><\/i> 40 20 80<\/a><\/div>[\/vc_column][\/vc_row][\/vc_section]<\/p>\n","protected":false},"excerpt":{"rendered":"<p>[vc_row][vc_column offset=&#8220;vc_hidden-md vc_hidden-sm vc_hidden-xs&#8220;][vc_column_text][\/vc_column_text][vc_empty_space height=&#8220;1em&#8220;][\/vc_column][\/vc_row][vc_row][vc_column][vc_column_text] [\/vc_column_text][\/vc_column][\/vc_row][vc_row tm_bgimagefixed=&#8220;&#8220;][vc_column width=&#8220;1\/4&#8243; offset=&#8220;vc_hidden-md vc_hidden-sm vc_hidden-xs&#8220;][vc_single_image image=&#8220;24&#8243; img_size=&#8220;full&#8220; alignment=&#8220;center&#8220; css=&#8220;.vc_custom_1641901828490{margin-bottom: 1em !important;}&#8220;][\/vc_column][vc_column width=&#8220;3\/4&#8243; offset=&#8220;vc_hidden-md vc_hidden-sm vc_hidden-xs&#8220;][vc_column_text el_class=&#8220;introdarkblue&#8220;]Hier finden Sie in aller K\u00fcrze die wichtigsten Informationen zu unserem vielseitigen Angebot, in kleiner Verpackung.[\/vc_column_text][\/vc_column][\/vc_row][vc_row tm_bgimagefixed=&#8220;&#8220;][vc_column width=&#8220;1\/4&#8243; offset=&#8220;vc_hidden-lg&#8220;][vc_single_image image=&#8220;24&#8243; img_size=&#8220;100&#215;100&#8243; alignment=&#8220;center&#8220; css=&#8220;.vc_custom_1633958663623{margin-bottom: 1em !important;}&#8220;][\/vc_column][vc_column width=&#8220;3\/4&#8243; offset=&#8220;vc_hidden-lg&#8220;][vc_column_text] Informationsbrosch\u00fcre [\/vc_column_text][vc_column_text el_class=&#8220;introdarkblue&#8220;] Hier finden Sie in &hellip; <a href=\"https:\/\/shd.inside-maquette.com\/de\/dokumentation\/informationsbroschuere\/\" class=\"more-link\">Continue reading <span class=\"screen-reader-text\">Informationsbrosch\u00fcre<\/span><\/a><\/p>\n","protected":false},"author":1,"featured_media":0,"parent":603,"menu_order":0,"comment_status":"closed","ping_status":"closed","template":"","meta":{"footnotes":""},"class_list":["post-600","page","type-page","status-publish","hentry"],"yoast_head":"<!-- This site is optimized with the Yoast SEO plugin v27.4 - https:\/\/yoast.com\/product\/yoast-seo-wordpress\/ -->\n<title>Informationsbrosch\u00fcre - St\u00ebftung H\u00ebllef Doheem<\/title>\n<meta name=\"description\" content=\"Vous trouverez ici les informations les plus importantes sur notre gamme vari\u00e9e de services, dans un petit emballage.\" \/>\n<meta name=\"robots\" content=\"index, follow, max-snippet:-1, max-image-preview:large, max-video-preview:-1\" \/>\n<link rel=\"canonical\" href=\"https:\/\/shd.inside-maquette.com\/de\/dokumentation\/informationsbroschuere\/\" \/>\n<meta property=\"og:locale\" content=\"de_DE\" \/>\n<meta property=\"og:type\" content=\"article\" \/>\n<meta property=\"og:title\" content=\"Informationsbrosch\u00fcre - St\u00ebftung H\u00ebllef Doheem\" \/>\n<meta property=\"og:description\" content=\"Vous trouverez ici les informations les plus importantes sur notre gamme vari\u00e9e de services, dans un petit emballage.\" \/>\n<meta property=\"og:url\" content=\"https:\/\/shd.inside-maquette.com\/de\/dokumentation\/informationsbroschuere\/\" \/>\n<meta property=\"og:site_name\" content=\"St\u00ebftung H\u00ebllef Doheem\" \/>\n<meta property=\"article:modified_time\" content=\"2023-05-11T16:55:31+00:00\" \/>\n<meta name=\"twitter:card\" content=\"summary_large_image\" \/>\n<meta name=\"twitter:label1\" content=\"Gesch\u00e4tzte Lesezeit\" \/>\n\t<meta name=\"twitter:data1\" content=\"2\u00a0Minuten\" \/>\n<script type=\"application\/ld+json\" class=\"yoast-schema-graph\">{\"@context\":\"https:\\\/\\\/schema.org\",\"@graph\":[{\"@type\":\"WebPage\",\"@id\":\"https:\\\/\\\/shd.inside-maquette.com\\\/de\\\/dokumentation\\\/informationsbroschuere\\\/\",\"url\":\"https:\\\/\\\/shd.inside-maquette.com\\\/de\\\/dokumentation\\\/informationsbroschuere\\\/\",\"name\":\"Informationsbrosch\u00fcre - St\u00ebftung H\u00ebllef Doheem\",\"isPartOf\":{\"@id\":\"https:\\\/\\\/shd.inside-maquette.com\\\/#website\"},\"datePublished\":\"2022-01-10T19:32:02+00:00\",\"dateModified\":\"2023-05-11T16:55:31+00:00\",\"description\":\"Vous trouverez ici les informations les plus importantes sur notre gamme vari\u00e9e de services, dans un petit emballage.\",\"breadcrumb\":{\"@id\":\"https:\\\/\\\/shd.inside-maquette.com\\\/de\\\/dokumentation\\\/informationsbroschuere\\\/#breadcrumb\"},\"inLanguage\":\"de\",\"potentialAction\":[{\"@type\":\"ReadAction\",\"target\":[\"https:\\\/\\\/shd.inside-maquette.com\\\/de\\\/dokumentation\\\/informationsbroschuere\\\/\"]}]},{\"@type\":\"BreadcrumbList\",\"@id\":\"https:\\\/\\\/shd.inside-maquette.com\\\/de\\\/dokumentation\\\/informationsbroschuere\\\/#breadcrumb\",\"itemListElement\":[{\"@type\":\"ListItem\",\"position\":1,\"name\":\"Accueil\",\"item\":\"https:\\\/\\\/shd.inside-maquette.com\\\/de\\\/\"},{\"@type\":\"ListItem\",\"position\":2,\"name\":\"Dokumentation\",\"item\":\"https:\\\/\\\/shd.inside-maquette.com\\\/de\\\/dokumentation\\\/\"},{\"@type\":\"ListItem\",\"position\":3,\"name\":\"Informationsbrosch\u00fcre\"}]},{\"@type\":\"WebSite\",\"@id\":\"https:\\\/\\\/shd.inside-maquette.com\\\/#website\",\"url\":\"https:\\\/\\\/shd.inside-maquette.com\\\/\",\"name\":\"St\u00ebftung H\u00ebllef Doheem\",\"description\":\"Aides et soins au Luxembourg\",\"potentialAction\":[{\"@type\":\"SearchAction\",\"target\":{\"@type\":\"EntryPoint\",\"urlTemplate\":\"https:\\\/\\\/shd.inside-maquette.com\\\/?s={search_term_string}\"},\"query-input\":{\"@type\":\"PropertyValueSpecification\",\"valueRequired\":true,\"valueName\":\"search_term_string\"}}],\"inLanguage\":\"de\"}]}<\/script>\n<!-- \/ Yoast SEO plugin. -->","yoast_head_json":{"title":"Informationsbrosch\u00fcre - St\u00ebftung H\u00ebllef Doheem","description":"Vous trouverez ici les informations les plus importantes sur notre gamme vari\u00e9e de services, dans un petit emballage.","robots":{"index":"index","follow":"follow","max-snippet":"max-snippet:-1","max-image-preview":"max-image-preview:large","max-video-preview":"max-video-preview:-1"},"canonical":"https:\/\/shd.inside-maquette.com\/de\/dokumentation\/informationsbroschuere\/","og_locale":"de_DE","og_type":"article","og_title":"Informationsbrosch\u00fcre - St\u00ebftung H\u00ebllef Doheem","og_description":"Vous trouverez ici les informations les plus importantes sur notre gamme vari\u00e9e de services, dans un petit emballage.","og_url":"https:\/\/shd.inside-maquette.com\/de\/dokumentation\/informationsbroschuere\/","og_site_name":"St\u00ebftung H\u00ebllef Doheem","article_modified_time":"2023-05-11T16:55:31+00:00","twitter_card":"summary_large_image","twitter_misc":{"Gesch\u00e4tzte Lesezeit":"2\u00a0Minuten"},"schema":{"@context":"https:\/\/schema.org","@graph":[{"@type":"WebPage","@id":"https:\/\/shd.inside-maquette.com\/de\/dokumentation\/informationsbroschuere\/","url":"https:\/\/shd.inside-maquette.com\/de\/dokumentation\/informationsbroschuere\/","name":"Informationsbrosch\u00fcre - St\u00ebftung H\u00ebllef Doheem","isPartOf":{"@id":"https:\/\/shd.inside-maquette.com\/#website"},"datePublished":"2022-01-10T19:32:02+00:00","dateModified":"2023-05-11T16:55:31+00:00","description":"Vous trouverez ici les informations les plus importantes sur notre gamme vari\u00e9e de services, dans un petit emballage.","breadcrumb":{"@id":"https:\/\/shd.inside-maquette.com\/de\/dokumentation\/informationsbroschuere\/#breadcrumb"},"inLanguage":"de","potentialAction":[{"@type":"ReadAction","target":["https:\/\/shd.inside-maquette.com\/de\/dokumentation\/informationsbroschuere\/"]}]},{"@type":"BreadcrumbList","@id":"https:\/\/shd.inside-maquette.com\/de\/dokumentation\/informationsbroschuere\/#breadcrumb","itemListElement":[{"@type":"ListItem","position":1,"name":"Accueil","item":"https:\/\/shd.inside-maquette.com\/de\/"},{"@type":"ListItem","position":2,"name":"Dokumentation","item":"https:\/\/shd.inside-maquette.com\/de\/dokumentation\/"},{"@type":"ListItem","position":3,"name":"Informationsbrosch\u00fcre"}]},{"@type":"WebSite","@id":"https:\/\/shd.inside-maquette.com\/#website","url":"https:\/\/shd.inside-maquette.com\/","name":"St\u00ebftung H\u00ebllef Doheem","description":"Aides et soins au Luxembourg","potentialAction":[{"@type":"SearchAction","target":{"@type":"EntryPoint","urlTemplate":"https:\/\/shd.inside-maquette.com\/?s={search_term_string}"},"query-input":{"@type":"PropertyValueSpecification","valueRequired":true,"valueName":"search_term_string"}}],"inLanguage":"de"}]}},"_links":{"self":[{"href":"https:\/\/shd.inside-maquette.com\/de\/wp-json\/wp\/v2\/pages\/600","targetHints":{"allow":["GET"]}}],"collection":[{"href":"https:\/\/shd.inside-maquette.com\/de\/wp-json\/wp\/v2\/pages"}],"about":[{"href":"https:\/\/shd.inside-maquette.com\/de\/wp-json\/wp\/v2\/types\/page"}],"author":[{"embeddable":true,"href":"https:\/\/shd.inside-maquette.com\/de\/wp-json\/wp\/v2\/users\/1"}],"replies":[{"embeddable":true,"href":"https:\/\/shd.inside-maquette.com\/de\/wp-json\/wp\/v2\/comments?post=600"}],"version-history":[{"count":0,"href":"https:\/\/shd.inside-maquette.com\/de\/wp-json\/wp\/v2\/pages\/600\/revisions"}],"up":[{"embeddable":true,"href":"https:\/\/shd.inside-maquette.com\/de\/wp-json\/wp\/v2\/pages\/603"}],"wp:attachment":[{"href":"https:\/\/shd.inside-maquette.com\/de\/wp-json\/wp\/v2\/media?parent=600"}],"curies":[{"name":"wp","href":"https:\/\/api.w.org\/{rel}","templated":true}]}}