{"id":583,"date":"2022-01-10T19:31:41","date_gmt":"2022-01-10T19:31:41","guid":{"rendered":"https:\/\/shd.inside-maquette.com\/magazines-shd\/"},"modified":"2022-11-22T08:19:05","modified_gmt":"2022-11-22T08:19:05","slug":"magazine-shd","status":"publish","type":"page","link":"https:\/\/shd.inside-maquette.com\/de\/dokumentation\/magazine-shd\/","title":{"rendered":"Magazine SHD"},"content":{"rendered":"<p>[vc_row][vc_column offset=&#8220;vc_hidden-md vc_hidden-sm vc_hidden-xs&#8220;][vc_column_text]<nav aria-label=\"breadcrumbs\">\n            <div class=\"breadcrumb-container theme3\">\n                <ol>\n                                    <\/ol>\n            <\/div>\n        <\/nav>    <script type=\"application\/ld+json\">\n        {\n            \"@context\": \"http:\/\/schema.org\",\n            \"@type\": \"BreadcrumbList\",\n            \"itemListElement\": [\n                            ]\n        }\n    <\/script>\n   \n    <script>\n            <\/script>\n[\/vc_column_text][vc_empty_space height=&#8220;1em&#8220;][\/vc_column][\/vc_row][vc_row tm_bgimagefixed=&#8220;&#8220;][vc_column width=&#8220;1\/4&#8243; offset=&#8220;vc_hidden-md vc_hidden-sm vc_hidden-xs&#8220;][vc_single_image image=&#8220;699&#8243; img_size=&#8220;full&#8220; alignment=&#8220;center&#8220; css=&#8220;.vc_custom_1641900660286{margin-bottom: 1em !important;}&#8220;][\/vc_column][vc_column width=&#8220;3\/4&#8243; offset=&#8220;vc_hidden-md vc_hidden-sm vc_hidden-xs&#8220;][vc_column_text css=&#8220;.vc_custom_1641900612208{margin-bottom: 1em !important;}&#8220;]<\/p>\n<h1 style=\"text-align: left;\">Magazine SHD<\/h1>\n<p>[\/vc_column_text][vc_column_text el_class=&#8220;introdarkblue&#8220;]<span style=\"font-weight: 400;\">Unsere Zeitung, unser doHEEM gibt Ihnen einen regelm\u00e4ssigen Einblick in unsere Arbeit und zeigt Ihnen wichtige Themen in der h\u00e4uslichen Pflege. Normalerweise erscheinen 4 Ausgaben im Jahr.<\/span>[\/vc_column_text][\/vc_column][\/vc_row][vc_row tm_bgimagefixed=&#8220;&#8220;][vc_column width=&#8220;1\/4&#8243; offset=&#8220;vc_hidden-lg&#8220;][vc_single_image image=&#8220;699&#8243; img_size=&#8220;100&#215;100&#8243; alignment=&#8220;center&#8220; css=&#8220;.vc_custom_1633958663623{margin-bottom: 1em !important;}&#8220;][\/vc_column][vc_column width=&#8220;3\/4&#8243; offset=&#8220;vc_hidden-lg&#8220;][vc_column_text css=&#8220;.vc_custom_1641900627555{margin-bottom: 1em !important;}&#8220;]<\/p>\n<h1 style=\"text-align: center; font-size: 2em; line-height: 1.2em;\">Magazine SHD<\/h1>\n<p>[\/vc_column_text][vc_column_text el_class=&#8220;introdarkblue&#8220;]Unsere Zeitung, unser doHEEM gibt Ihnen einen regelm\u00e4ssigen Einblick in unsere Arbeit und zeigt Ihnen wichtige Themen in der h\u00e4uslichen Pflege. Normalerweise erscheinen 4 Ausgaben im Jahr.[\/vc_column_text][\/vc_column][\/vc_row][vc_row tm_bgimagefixed=&#8220;&#8220; tm_responsive_css=&#8220;34573578|colbreak_no|||||||||colbreak_no|||||||0px||colbreak_no||||||||||colbreak_no|||||||||&#8220;][vc_column][vc_separator border_width=&#8220;2&#8243; css=&#8220;.vc_custom_1635861762572{margin-top: 1em !important;margin-bottom: 1em !important;}&#8220;][vc_row_inner css=&#8220;.vc_custom_1603193161590{padding-top: 15px !important;}&#8220;][vc_column_inner width=&#8220;1\/3&#8243; css=&#8220;.vc_custom_1603194428964{padding-top: 5px !important;}&#8220;][vc_single_image image=&#8220;4624&#8243; img_size=&#8220;full&#8220; alignment=&#8220;center&#8220; onclick=&#8220;custom_link&#8220; img_link_target=&#8220;_blank&#8220; link=&#8220;https:\/\/shd.inside-maquette.com\/wp-content\/uploads\/2022\/11\/2208066_SHD_Doheem_20_web.pdf&#8220;][vc_column_text css=&#8220;.vc_custom_1669105138828{margin-top: 2em !important;}&#8220;]<\/p>\n<h5 style=\"text-align: center;\">Journal Client Doheem n\u00b020<br \/>\nD\u00e9cembre 2022<\/h5>\n<p>[\/vc_column_text]\r\n\t\t<div class=\"tm-vc_btn3-container  bouton-media tm-vc_btn3-center vc_custom_1669104932368\"><a class=\"tm-vc_general tm-vc_btn3 tm-vc_btn3-size-md tm-vc_btn3-shape-rounded tm-vc_btn3-style-flat tm-vc_btn3-weight-no tm-vc_btn3-color-skincolor\" href=\"https:\/\/shd.inside-maquette.com\/wp-content\/uploads\/2022\/11\/2208066_SHD_Doheem_20_web.pdf\" title=\"\" target=\"_blank\">Mehr<\/a><\/div>[\/vc_column_inner][vc_column_inner width=&#8220;1\/3&#8243;][vc_single_image image=&#8220;2503&#8243; img_size=&#8220;full&#8220; alignment=&#8220;center&#8220; onclick=&#8220;custom_link&#8220; img_link_target=&#8220;_blank&#8220; link=&#8220;https:\/\/shd.inside-maquette.com\/wp-content\/uploads\/2022\/07\/SHD_Doheem_19.pdf&#8220;][vc_column_text css=&#8220;.vc_custom_1641901236413{margin-top: 2em !important;}&#8220;]<\/p>\n<h5 style=\"text-align: center;\">Journal Client Doheem n\u00b019<br \/>\nJuin 2022<\/h5>\n<p>[\/vc_column_text]\r\n\t\t<div class=\"tm-vc_btn3-container  bouton-media tm-vc_btn3-center vc_custom_1657804832718\"><a class=\"tm-vc_general tm-vc_btn3 tm-vc_btn3-size-md tm-vc_btn3-shape-rounded tm-vc_btn3-style-flat tm-vc_btn3-weight-no tm-vc_btn3-color-skincolor\" href=\"https:\/\/shd.inside-maquette.com\/wp-content\/uploads\/2022\/07\/SHD_Doheem_19.pdf\" title=\"\" target=\"_blank\">Mehr<\/a><\/div>[\/vc_column_inner][vc_column_inner width=&#8220;1\/3&#8243;][vc_single_image image=&#8220;580&#8243; img_size=&#8220;full&#8220; alignment=&#8220;center&#8220; onclick=&#8220;custom_link&#8220; img_link_target=&#8220;_blank&#8220;][vc_column_text css=&#8220;.vc_custom_1641901236413{margin-top: 2em !important;}&#8220;]<\/p>\n<h5 style=\"text-align: center;\">Journal Client Doheem n\u00b018<br \/>\nD\u00e9cembre 2021<\/h5>\n<p>[\/vc_column_text]\r\n\t\t<div class=\"tm-vc_btn3-container  bouton-media tm-vc_btn3-center vc_custom_1641901641529\"><a class=\"tm-vc_general tm-vc_btn3 tm-vc_btn3-size-md tm-vc_btn3-shape-rounded tm-vc_btn3-style-flat tm-vc_btn3-weight-no tm-vc_btn3-color-skincolor\" href=\"https:\/\/shd.inside-maquette.com\/wp-content\/uploads\/2022\/01\/2105036_SHD_Magazine-Doheem_18_web.pdf\" title=\"\" target=\"_blank\">Mehr<\/a><\/div>[\/vc_column_inner][\/vc_row_inner][vc_row_inner css=&#8220;.vc_custom_1603193161590{padding-top: 15px !important;}&#8220;][vc_column_inner width=&#8220;1\/3&#8243; css=&#8220;.vc_custom_1603194428964{padding-top: 5px !important;}&#8220;][vc_single_image image=&#8220;578&#8243; img_size=&#8220;full&#8220; alignment=&#8220;center&#8220; onclick=&#8220;custom_link&#8220; img_link_target=&#8220;_blank&#8220;][vc_column_text css=&#8220;.vc_custom_1641900689274{margin-top: 2em !important;}&#8220;]<\/p>\n<h5 style=\"text-align: center;\">Journal Client Doheem n\u00b017<br \/>\nMars 2021<\/h5>\n<p>[\/vc_column_text]\r\n\t\t<div class=\"tm-vc_btn3-container  bouton-media tm-vc_btn3-center vc_custom_1641901647394\"><a class=\"tm-vc_general tm-vc_btn3 tm-vc_btn3-size-md tm-vc_btn3-shape-rounded tm-vc_btn3-style-flat tm-vc_btn3-weight-no tm-vc_btn3-color-skincolor\" href=\"https:\/\/shd.inside-maquette.com\/wp-content\/uploads\/2022\/01\/2102024_SHD_Journal-Client-Doheem-n17-Mars-2021_HR.pdf\" title=\"\" target=\"_blank\">Mehr<\/a><\/div>[\/vc_column_inner][vc_column_inner width=&#8220;1\/3&#8243;][vc_single_image image=&#8220;576&#8243; img_size=&#8220;full&#8220; alignment=&#8220;center&#8220; onclick=&#8220;custom_link&#8220; img_link_target=&#8220;_blank&#8220;][vc_column_text css=&#8220;.vc_custom_1641900695785{margin-top: 2em !important;}&#8220;]<\/p>\n<h5 style=\"text-align: center;\">Journal Client Doheem n\u00b016 D\u00e9cembre 2020<\/h5>\n<p>[\/vc_column_text]\r\n\t\t<div class=\"tm-vc_btn3-container  bouton-media tm-vc_btn3-center vc_custom_1641901652755\"><a class=\"tm-vc_general tm-vc_btn3 tm-vc_btn3-size-md tm-vc_btn3-shape-rounded tm-vc_btn3-style-flat tm-vc_btn3-weight-no tm-vc_btn3-color-skincolor\" href=\"https:\/\/shd.inside-maquette.com\/wp-content\/uploads\/2022\/01\/2009024_SHD_doheem16_Xmas2020_LR.pdf\" title=\"\" target=\"_blank\">Mehr<\/a><\/div>[\/vc_column_inner][vc_column_inner width=&#8220;1\/3&#8243;][vc_single_image image=&#8220;574&#8243; img_size=&#8220;full&#8220; alignment=&#8220;center&#8220; onclick=&#8220;custom_link&#8220; img_link_target=&#8220;_blank&#8220;][vc_column_text css=&#8220;.vc_custom_1641900702537{margin-top: 2em !important;}&#8220;]<\/p>\n<h5 style=\"text-align: center;\">Journal Client Doheem n\u00b015 D\u00e9cembre 2019<\/h5>\n<p>[\/vc_column_text]\r\n\t\t<div class=\"tm-vc_btn3-container  bouton-media tm-vc_btn3-center vc_custom_1641901657698\"><a class=\"tm-vc_general tm-vc_btn3 tm-vc_btn3-size-md tm-vc_btn3-shape-rounded tm-vc_btn3-style-flat tm-vc_btn3-weight-no tm-vc_btn3-color-skincolor\" href=\"https:\/\/shd.inside-maquette.com\/wp-content\/uploads\/2022\/01\/1909041_SHD_Journal-clients-n15_doheem_Dec19_HR.pdf\" title=\"\" target=\"_blank\">Mehr<\/a><\/div>[\/vc_column_inner][\/vc_row_inner][vc_row_inner css=&#8220;.vc_custom_1603193161590{padding-top: 15px !important;}&#8220;][vc_column_inner width=&#8220;1\/3&#8243; css=&#8220;.vc_custom_1603194428964{padding-top: 5px !important;}&#8220;][vc_single_image image=&#8220;572&#8243; img_size=&#8220;full&#8220; alignment=&#8220;center&#8220; onclick=&#8220;custom_link&#8220; img_link_target=&#8220;_blank&#8220;][vc_column_text css=&#8220;.vc_custom_1641900709198{margin-top: 2em !important;}&#8220;]<\/p>\n<h5 style=\"text-align: center;\">Journal Client Doheem n\u00b014<br \/>\nOctobre 2019<\/h5>\n<p>[\/vc_column_text]\r\n\t\t<div class=\"tm-vc_btn3-container  bouton-media tm-vc_btn3-center vc_custom_1641901663068\"><a class=\"tm-vc_general tm-vc_btn3 tm-vc_btn3-size-md tm-vc_btn3-shape-rounded tm-vc_btn3-style-flat tm-vc_btn3-weight-no tm-vc_btn3-color-skincolor\" href=\"https:\/\/shd.inside-maquette.com\/wp-content\/uploads\/2022\/01\/1905005_SHD_Journal-Client-n14_doheem_20e_HR.pdf\" title=\"\" target=\"_blank\">Mehr<\/a><\/div>[\/vc_column_inner][vc_column_inner width=&#8220;1\/3&#8243;][vc_single_image image=&#8220;570&#8243; img_size=&#8220;full&#8220; alignment=&#8220;center&#8220; onclick=&#8220;custom_link&#8220; img_link_target=&#8220;_blank&#8220;][vc_column_text css=&#8220;.vc_custom_1641900898711{margin-top: 2em !important;}&#8220;]<\/p>\n<h5 style=\"text-align: center;\">Journal Client Doheem n\u00b013<br \/>\nJuin 2019<\/h5>\n<p>[\/vc_column_text]\r\n\t\t<div class=\"tm-vc_btn3-container  bouton-media tm-vc_btn3-center vc_custom_1641901668731\"><a class=\"tm-vc_general tm-vc_btn3 tm-vc_btn3-size-md tm-vc_btn3-shape-rounded tm-vc_btn3-style-flat tm-vc_btn3-weight-no tm-vc_btn3-color-skincolor\" href=\"https:\/\/shd.inside-maquette.com\/wp-content\/uploads\/2022\/01\/1808036_SHD_Journal-clients-n13_doheem_Juin-2019_DE_FR_HR-1.pdf\" title=\"\" target=\"_blank\">Mehr<\/a><\/div>[\/vc_column_inner][vc_column_inner width=&#8220;1\/3&#8243;][\/vc_column_inner][\/vc_row_inner][\/vc_column][\/vc_row][vc_row][vc_column][vc_column_text]<\/p>\n<p>[\/vc_column_text][\/vc_column][\/vc_row][vc_section css=&#8220;.vc_custom_1637138322887{margin-top: 2em !important;}&#8220;][vc_row tm_bgimagefixed=&#8220;&#8220; css=&#8220;.vc_custom_1637138331871{padding-top: 2em !important;padding-right: 2em !important;padding-bottom: 2em !important;padding-left: 2em !important;background-color: #0a275a !important;}&#8220;][vc_column width=&#8220;2\/3&#8243;]<h3 style=\"text-align:left;color:#ffffff;\" class=\"tm-custom-heading \" >Sie an Hilfe?<\/h3>\n[vc_column_text]<\/p>\n<h6 style=\"color: white;\">Rufen Sie unsere Hotline an: 40 20 80. Wir machen dann einen Termin mit Ihnen , aus und besprechen gemeinsam die n\u00e4chsten Schritte.<\/h6>\n<p>[\/vc_column_text]<h3 style=\"text-align:left;line-height:1.2em;color:#ffffff;\" class=\"tm-custom-heading vc_custom_1641901689553\" >Mehr Informationen?<\/h3>\n[vc_column_text]<\/p>\n<h6 style=\"color: white;\">Per Telefon: 40 20 80 oder oder per email: info@shd.inside-maquette.com<\/h6>\n<p>[\/vc_column_text][\/vc_column][vc_column width=&#8220;1\/3&#8243;][vc_single_image image=&#8220;75&#8243; img_size=&#8220;200&#215;200&#8243; alignment=&#8220;center&#8220;]\r\n\t\t<div class=\"tm-vc_btn3-container tm-vc_btn3-center vc_custom_1642012877913\"><a class=\"tm-vc_general tm-vc_btn3 tm-vc_btn3-size-md tm-vc_btn3-shape-rounded tm-vc_btn3-style-flat tm-vc_btn3-weight-no tm-vc_btn3-icon-left tm-vc_btn3-color-skincolor\" href=\"tel:%20402080\" title=\"\"><i class=\"tm-vc_btn3-icon fa fa-phone\"><\/i> 40 20 80<\/a><\/div>[\/vc_column][\/vc_row][\/vc_section]<\/p>\n","protected":false},"excerpt":{"rendered":"<p>[vc_row][vc_column offset=&#8220;vc_hidden-md vc_hidden-sm vc_hidden-xs&#8220;][vc_column_text][\/vc_column_text][vc_empty_space height=&#8220;1em&#8220;][\/vc_column][\/vc_row][vc_row tm_bgimagefixed=&#8220;&#8220;][vc_column width=&#8220;1\/4&#8243; offset=&#8220;vc_hidden-md vc_hidden-sm vc_hidden-xs&#8220;][vc_single_image image=&#8220;699&#8243; img_size=&#8220;full&#8220; alignment=&#8220;center&#8220; css=&#8220;.vc_custom_1641900660286{margin-bottom: 1em !important;}&#8220;][\/vc_column][vc_column width=&#8220;3\/4&#8243; offset=&#8220;vc_hidden-md vc_hidden-sm vc_hidden-xs&#8220;][vc_column_text css=&#8220;.vc_custom_1641900612208{margin-bottom: 1em !important;}&#8220;] Magazine SHD [\/vc_column_text][vc_column_text el_class=&#8220;introdarkblue&#8220;]Unsere Zeitung, unser doHEEM gibt Ihnen einen regelm\u00e4ssigen Einblick in unsere Arbeit und zeigt Ihnen wichtige Themen in der h\u00e4uslichen Pflege. Normalerweise erscheinen 4 Ausgaben im Jahr.[\/vc_column_text][\/vc_column][\/vc_row][vc_row tm_bgimagefixed=&#8220;&#8220;][vc_column width=&#8220;1\/4&#8243; &hellip; <a href=\"https:\/\/shd.inside-maquette.com\/de\/dokumentation\/magazine-shd\/\" class=\"more-link\">Continue reading <span class=\"screen-reader-text\">Magazine SHD<\/span><\/a><\/p>\n","protected":false},"author":1,"featured_media":0,"parent":603,"menu_order":0,"comment_status":"closed","ping_status":"closed","template":"","meta":{"footnotes":""},"class_list":["post-583","page","type-page","status-publish","hentry"],"yoast_head":"<!-- This site is optimized with the Yoast SEO plugin v27.4 - https:\/\/yoast.com\/product\/yoast-seo-wordpress\/ -->\n<title>Magazine SHD - St\u00ebftung H\u00ebllef Doheem<\/title>\n<meta name=\"description\" content=\"Unsere Zeitung, unser doHEEM gibt Ihnen einen regelm\u00e4ssigen Einblick in unsere Arbeit und zeigt Ihnen wichtige Themen in der h\u00e4uslichen Pflege.\" \/>\n<meta name=\"robots\" content=\"index, follow, max-snippet:-1, max-image-preview:large, max-video-preview:-1\" \/>\n<link rel=\"canonical\" href=\"https:\/\/shd.inside-maquette.com\/de\/dokumentation\/magazine-shd\/\" \/>\n<meta property=\"og:locale\" content=\"de_DE\" \/>\n<meta property=\"og:type\" content=\"article\" \/>\n<meta property=\"og:title\" content=\"Magazine SHD - St\u00ebftung H\u00ebllef Doheem\" \/>\n<meta property=\"og:description\" content=\"Unsere Zeitung, unser doHEEM gibt Ihnen einen regelm\u00e4ssigen Einblick in unsere Arbeit und zeigt Ihnen wichtige Themen in der h\u00e4uslichen Pflege.\" \/>\n<meta property=\"og:url\" content=\"https:\/\/shd.inside-maquette.com\/de\/dokumentation\/magazine-shd\/\" \/>\n<meta property=\"og:site_name\" content=\"St\u00ebftung H\u00ebllef Doheem\" \/>\n<meta property=\"article:modified_time\" content=\"2022-11-22T08:19:05+00:00\" \/>\n<meta name=\"twitter:card\" content=\"summary_large_image\" \/>\n<meta name=\"twitter:label1\" content=\"Gesch\u00e4tzte Lesezeit\" \/>\n\t<meta name=\"twitter:data1\" content=\"3\u00a0Minuten\" \/>\n<script type=\"application\/ld+json\" class=\"yoast-schema-graph\">{\"@context\":\"https:\\\/\\\/schema.org\",\"@graph\":[{\"@type\":\"WebPage\",\"@id\":\"https:\\\/\\\/shd.inside-maquette.com\\\/de\\\/dokumentation\\\/magazine-shd\\\/\",\"url\":\"https:\\\/\\\/shd.inside-maquette.com\\\/de\\\/dokumentation\\\/magazine-shd\\\/\",\"name\":\"Magazine SHD - St\u00ebftung H\u00ebllef Doheem\",\"isPartOf\":{\"@id\":\"https:\\\/\\\/shd.inside-maquette.com\\\/#website\"},\"datePublished\":\"2022-01-10T19:31:41+00:00\",\"dateModified\":\"2022-11-22T08:19:05+00:00\",\"description\":\"Unsere Zeitung, unser doHEEM gibt Ihnen einen regelm\u00e4ssigen Einblick in unsere Arbeit und zeigt Ihnen wichtige Themen in der h\u00e4uslichen Pflege.\",\"breadcrumb\":{\"@id\":\"https:\\\/\\\/shd.inside-maquette.com\\\/de\\\/dokumentation\\\/magazine-shd\\\/#breadcrumb\"},\"inLanguage\":\"de\",\"potentialAction\":[{\"@type\":\"ReadAction\",\"target\":[\"https:\\\/\\\/shd.inside-maquette.com\\\/de\\\/dokumentation\\\/magazine-shd\\\/\"]}]},{\"@type\":\"BreadcrumbList\",\"@id\":\"https:\\\/\\\/shd.inside-maquette.com\\\/de\\\/dokumentation\\\/magazine-shd\\\/#breadcrumb\",\"itemListElement\":[{\"@type\":\"ListItem\",\"position\":1,\"name\":\"Accueil\",\"item\":\"https:\\\/\\\/shd.inside-maquette.com\\\/de\\\/\"},{\"@type\":\"ListItem\",\"position\":2,\"name\":\"Dokumentation\",\"item\":\"https:\\\/\\\/shd.inside-maquette.com\\\/de\\\/dokumentation\\\/\"},{\"@type\":\"ListItem\",\"position\":3,\"name\":\"Magazine SHD\"}]},{\"@type\":\"WebSite\",\"@id\":\"https:\\\/\\\/shd.inside-maquette.com\\\/#website\",\"url\":\"https:\\\/\\\/shd.inside-maquette.com\\\/\",\"name\":\"St\u00ebftung H\u00ebllef Doheem\",\"description\":\"Aides et soins au Luxembourg\",\"potentialAction\":[{\"@type\":\"SearchAction\",\"target\":{\"@type\":\"EntryPoint\",\"urlTemplate\":\"https:\\\/\\\/shd.inside-maquette.com\\\/?s={search_term_string}\"},\"query-input\":{\"@type\":\"PropertyValueSpecification\",\"valueRequired\":true,\"valueName\":\"search_term_string\"}}],\"inLanguage\":\"de\"}]}<\/script>\n<!-- \/ Yoast SEO plugin. -->","yoast_head_json":{"title":"Magazine SHD - St\u00ebftung H\u00ebllef Doheem","description":"Unsere Zeitung, unser doHEEM gibt Ihnen einen regelm\u00e4ssigen Einblick in unsere Arbeit und zeigt Ihnen wichtige Themen in der h\u00e4uslichen Pflege.","robots":{"index":"index","follow":"follow","max-snippet":"max-snippet:-1","max-image-preview":"max-image-preview:large","max-video-preview":"max-video-preview:-1"},"canonical":"https:\/\/shd.inside-maquette.com\/de\/dokumentation\/magazine-shd\/","og_locale":"de_DE","og_type":"article","og_title":"Magazine SHD - St\u00ebftung H\u00ebllef Doheem","og_description":"Unsere Zeitung, unser doHEEM gibt Ihnen einen regelm\u00e4ssigen Einblick in unsere Arbeit und zeigt Ihnen wichtige Themen in der h\u00e4uslichen Pflege.","og_url":"https:\/\/shd.inside-maquette.com\/de\/dokumentation\/magazine-shd\/","og_site_name":"St\u00ebftung H\u00ebllef Doheem","article_modified_time":"2022-11-22T08:19:05+00:00","twitter_card":"summary_large_image","twitter_misc":{"Gesch\u00e4tzte Lesezeit":"3\u00a0Minuten"},"schema":{"@context":"https:\/\/schema.org","@graph":[{"@type":"WebPage","@id":"https:\/\/shd.inside-maquette.com\/de\/dokumentation\/magazine-shd\/","url":"https:\/\/shd.inside-maquette.com\/de\/dokumentation\/magazine-shd\/","name":"Magazine SHD - St\u00ebftung H\u00ebllef Doheem","isPartOf":{"@id":"https:\/\/shd.inside-maquette.com\/#website"},"datePublished":"2022-01-10T19:31:41+00:00","dateModified":"2022-11-22T08:19:05+00:00","description":"Unsere Zeitung, unser doHEEM gibt Ihnen einen regelm\u00e4ssigen Einblick in unsere Arbeit und zeigt Ihnen wichtige Themen in der h\u00e4uslichen Pflege.","breadcrumb":{"@id":"https:\/\/shd.inside-maquette.com\/de\/dokumentation\/magazine-shd\/#breadcrumb"},"inLanguage":"de","potentialAction":[{"@type":"ReadAction","target":["https:\/\/shd.inside-maquette.com\/de\/dokumentation\/magazine-shd\/"]}]},{"@type":"BreadcrumbList","@id":"https:\/\/shd.inside-maquette.com\/de\/dokumentation\/magazine-shd\/#breadcrumb","itemListElement":[{"@type":"ListItem","position":1,"name":"Accueil","item":"https:\/\/shd.inside-maquette.com\/de\/"},{"@type":"ListItem","position":2,"name":"Dokumentation","item":"https:\/\/shd.inside-maquette.com\/de\/dokumentation\/"},{"@type":"ListItem","position":3,"name":"Magazine SHD"}]},{"@type":"WebSite","@id":"https:\/\/shd.inside-maquette.com\/#website","url":"https:\/\/shd.inside-maquette.com\/","name":"St\u00ebftung H\u00ebllef Doheem","description":"Aides et soins au Luxembourg","potentialAction":[{"@type":"SearchAction","target":{"@type":"EntryPoint","urlTemplate":"https:\/\/shd.inside-maquette.com\/?s={search_term_string}"},"query-input":{"@type":"PropertyValueSpecification","valueRequired":true,"valueName":"search_term_string"}}],"inLanguage":"de"}]}},"_links":{"self":[{"href":"https:\/\/shd.inside-maquette.com\/de\/wp-json\/wp\/v2\/pages\/583","targetHints":{"allow":["GET"]}}],"collection":[{"href":"https:\/\/shd.inside-maquette.com\/de\/wp-json\/wp\/v2\/pages"}],"about":[{"href":"https:\/\/shd.inside-maquette.com\/de\/wp-json\/wp\/v2\/types\/page"}],"author":[{"embeddable":true,"href":"https:\/\/shd.inside-maquette.com\/de\/wp-json\/wp\/v2\/users\/1"}],"replies":[{"embeddable":true,"href":"https:\/\/shd.inside-maquette.com\/de\/wp-json\/wp\/v2\/comments?post=583"}],"version-history":[{"count":0,"href":"https:\/\/shd.inside-maquette.com\/de\/wp-json\/wp\/v2\/pages\/583\/revisions"}],"up":[{"embeddable":true,"href":"https:\/\/shd.inside-maquette.com\/de\/wp-json\/wp\/v2\/pages\/603"}],"wp:attachment":[{"href":"https:\/\/shd.inside-maquette.com\/de\/wp-json\/wp\/v2\/media?parent=583"}],"curies":[{"name":"wp","href":"https:\/\/api.w.org\/{rel}","templated":true}]}}