{"id":414,"date":"2022-01-10T16:16:31","date_gmt":"2022-01-10T16:16:31","guid":{"rendered":"https:\/\/shd.inside-maquette.com\/en-centre-de-jour\/"},"modified":"2022-01-26T08:31:12","modified_gmt":"2022-01-26T08:31:12","slug":"tagesstaetten","status":"publish","type":"page","link":"https:\/\/shd.inside-maquette.com\/de\/ihr-bedarf\/tagesstaetten\/","title":{"rendered":"Tagesst\u00e4tten"},"content":{"rendered":"<p>[vc_row][vc_column width=&#8220;1\/4&#8243; offset=&#8220;vc_hidden-sm vc_hidden-xs&#8220;][vc_single_image image=&#8220;722&#8243; img_size=&#8220;150&#215;150&#8243; alignment=&#8220;center&#8220;][\/vc_column][vc_column width=&#8220;3\/4&#8243; offset=&#8220;vc_hidden-sm vc_hidden-xs&#8220;][vc_column_text css=&#8220;.vc_custom_1633004737963{margin-bottom: 1em !important;}&#8220;]<\/p>\n<h1 style=\"line-height: 1.2em;\">Tagesst\u00e4tten<\/h1>\n<p>[\/vc_column_text][vc_empty_space height=&#8220;16px&#8220;][vc_column_text el_class=&#8220;introdarkblue&#8220;]In unseren Tageszentren k\u00f6nnen unsere Klienten, die nicht mehr den ganzen Tag zu Hause bleiben k\u00f6nnen oder wollen, von einem abwechslungsreichen und vielf\u00e4ltigen <strong>Rahmenprogramm<\/strong> profitieren. Neben <strong>kreativen Aktivit\u00e4ten<\/strong> stehen auch <strong>leichte Gymnastik<\/strong> und <strong>unterhaltsame Momente<\/strong> auf dem Plan. Unsere Angebote in den Tagesst\u00e4tten sind an die jeweiligen Bed\u00fcrfnisse der einzelnen Besucher orientiert und zielen auf die <strong>F\u00f6rderung oder das Erhalten der kognitiven und k\u00f6rperlichen F\u00e4higkeiten<\/strong> ab.<\/p>\n<p>Auch die vom Klienten ben\u00f6tigten <strong>Pflegeleistungen<\/strong> werden von den Tageszentren \u00fcbernommen.<\/p>\n<p>Unsere Teams organisieren selbstverst\u00e4ndlich einen (bei Bedarf Rollstuhlgerechten) <strong>Bustransport<\/strong> hin und zur\u00fcck.[\/vc_column_text][\/vc_column][\/vc_row][vc_row][vc_column width=&#8220;1\/4&#8243; offset=&#8220;vc_hidden-lg vc_hidden-md&#8220;][vc_single_image image=&#8220;722&#8243; img_size=&#8220;150&#215;150&#8243; alignment=&#8220;center&#8220;][\/vc_column][vc_column width=&#8220;3\/4&#8243; offset=&#8220;vc_hidden-lg vc_hidden-md&#8220;][vc_column_text css=&#8220;.vc_custom_1636988186439{margin-bottom: 1em !important;}&#8220;]<\/p>\n<h1 style=\"text-align: center; font-size: 2em; line-height: 1.2em;\">Tagesst\u00e4tten<\/h1>\n<p>[\/vc_column_text][vc_column_text el_class=&#8220;introdarkblue&#8220;]<\/p>\n<p style=\"text-align: center;\">In diesen Einrichtung k\u00f6nnen unsere Klienten ein breites Besch\u00e4ftigungsangebot wahrnehmen: Neben kreativen Dingen stehen auch leichte Gymnastik oder unterhaltsame Programmpunkte mit auf dem Plan. Unsere Angebote in den Tagesst\u00e4tten sind stark bed\u00fcrfnisorientiert und zielen auf die F\u00f6rderung oder das Erhalten der vorhandenen kognitiven und k\u00f6rperlichen F\u00e4higkeiten ab.<\/p>\n<p>[\/vc_column_text][\/vc_column][\/vc_row][vc_row][vc_column][vc_separator border_width=&#8220;2&#8243; css=&#8220;.vc_custom_1635867444348{margin-top: 1em !important;margin-bottom: 1em !important;}&#8220;][vc_single_image image=&#8220;146&#8243; img_size=&#8220;full&#8220; alignment=&#8220;center&#8220; css=&#8220;.vc_custom_1634907592226{margin-bottom: 2em !important;}&#8220;][\/vc_column][\/vc_row][vc_row tm_bgimagefixed=&#8220;&#8220; content_placement=&#8220;middle&#8220; css=&#8220;.vc_custom_1635877454504{margin-bottom: 1em !important;background-color: #ebe9e9 !important;}&#8220;][vc_column width=&#8220;1\/4&#8243; offset=&#8220;vc_hidden-sm vc_hidden-xs&#8220;][vc_single_image image=&#8220;176&#8243; img_size=&#8220;80&#215;80&#8243; css=&#8220;.vc_custom_1635867432124{margin-top: 1em !important;margin-bottom: 1em !important;}&#8220;][\/vc_column][vc_column width=&#8220;1\/2&#8243; offset=&#8220;vc_hidden-sm vc_hidden-xs&#8220;][vc_empty_space height=&#8220;40px&#8220;][vc_column_text]<\/p>\n<p style=\"line-height: 1.2em;\"><strong>Finden Sie ein Zentrum in Ihrer N\u00e4he:<\/strong><\/p>\n<p>[\/vc_column_text][\/vc_column][vc_column width=&#8220;1\/4&#8243; offset=&#8220;vc_hidden-sm vc_hidden-xs&#8220;][vc_empty_space height=&#8220;26px&#8220;]\r\n\t\t<div class=\"tm-vc_btn3-container tm-vc_btn3-inline\"><a class=\"tm-vc_general tm-vc_btn3 tm-vc_btn3-size-md tm-vc_btn3-shape-rounded tm-vc_btn3-style-flat tm-vc_btn3-weight-no tm-vc_btn3-color-skincolor\" href=\"https:\/\/shd.inside-maquette.com\/de\/ihr-bedarf\/uns-finden\/\" title=\"Carte\">Die Karte unserer Zentren<\/a><\/div>[\/vc_column][\/vc_row][vc_row tm_bgimagefixed=&#8220;&#8220; content_placement=&#8220;middle&#8220; css=&#8220;.vc_custom_1636986734435{margin-bottom: 1em !important;background-color: #ebe9e9 !important;}&#8220; el_class=&#8220;desktophidden&#8220;][vc_column width=&#8220;1\/4&#8243; offset=&#8220;vc_hidden-lg vc_hidden-md&#8220;][vc_single_image image=&#8220;176&#8243; img_size=&#8220;80&#215;80&#8243; alignment=&#8220;center&#8220; css=&#8220;.vc_custom_1636986942395{margin-top: 1em !important;margin-bottom: 1em !important;}&#8220;][\/vc_column][vc_column width=&#8220;1\/2&#8243; offset=&#8220;vc_hidden-lg vc_hidden-md&#8220;][vc_column_text]<\/p>\n<p style=\"line-height: 1.2em; text-align: center;\"><strong>Finden Sie ein Zentrum in Ihrer N\u00e4he:<\/strong><\/p>\n<p>[\/vc_column_text][\/vc_column][vc_column width=&#8220;1\/4&#8243; offset=&#8220;vc_hidden-lg vc_hidden-md&#8220;]\r\n\t\t<div class=\"tm-vc_btn3-container tm-vc_btn3-center vc_custom_1642059201269\"><a class=\"tm-vc_general tm-vc_btn3 tm-vc_btn3-size-md tm-vc_btn3-shape-rounded tm-vc_btn3-style-flat tm-vc_btn3-weight-no tm-vc_btn3-color-skincolor\" href=\"https:\/\/shd.inside-maquette.com\/de\/ihr-bedarf\/uns-finden\/\" title=\"Carte\">Die Karte unserer Zentren<\/a><\/div>[\/vc_column][\/vc_row][vc_section][vc_row][vc_column width=&#8220;2\/3&#8243;][vc_column_text css=&#8220;.vc_custom_1640681853771{margin-bottom: 1em !important;}&#8220;]<\/p>\n<h2>Unsere Tageszentren sind gesellige Orte an denen ein soziales Miteinander auf Augenh\u00f6he und angepasste Unterst\u00fctzung jeglicher Art stattfinden.<\/h2>\n<p>[\/vc_column_text][vc_column_text]Unsere <strong>Tageszentren haben als Ziel<\/strong>, das k\u00f6rperliche und <strong>kognitive Wohlbefinden<\/strong> der Klienten in einer angepassten und geselligen Umgebung zu verbessern. T\u00e4gliche, ma\u00dfgeschneiderte, <strong>therapeutische und soziale Aktivit\u00e4ten<\/strong> werden dem Einzelnen oder einer Gruppe angeboten. Alle unsere Aktivit\u00e4ten werden von <strong>interdisziplin\u00e4ren Teams<\/strong> vorbereitet und betreut und sind an die individuellen geistigen und k\u00f6rperlichen Bed\u00fcrfnisse der Klienten angepasst.<\/p>\n<p>Unsere Teams setzen sich zusammen aus Pflegern, Ergotherapeuten, Physiotherapeuten und Ern\u00e4hrungsberatern.<\/p>\n<p>Die Tageszentren sind ein wichtiger Faktor im Kampf gegen die <strong>soziale Isolation<\/strong>. Die Gruppeneinbindung bewirkt, dass der Mensch neuen Anschluss und neue Kontakte kn\u00fcpfen kann. Deshalb legen wir viel Wert auf eine <strong>Atmosph\u00e4re<\/strong> in der das Prinzip der Geselligkeit herrscht. Wir glauben fest daran, dass der Mensch regelm\u00e4\u00dfig Gesellschaft braucht und sorgen f\u00fcr gute Stimmung und vielf\u00e4ltige Anregungen und <strong>kognitive Stimulationen<\/strong>. In unseren Tagesst\u00e4tten k\u00f6nnen Sie st\u00e4ndig Neues entdecken und lernen, bis hin zur <strong>E-Inklusion<\/strong>. Das hei\u00dft wir haben von Wii (mit Geschicklichkeitsspielen) bis Tablets die neueste und modernste Technik zu Ihrer Verf\u00fcgung und binden sie in unsere therapeutischen Ma\u00dfnahmen mit ein.<\/p>\n<p>Nat\u00fcrlich kommen <strong>Zusammensein<\/strong>, <strong>Gespr\u00e4che<\/strong>, <strong>Reminiszenz Arbeit<\/strong> und <strong>soziale<\/strong> <strong>Aktivit\u00e4ten<\/strong> nicht zu kurz. Damit die Klienten sich rundum wohlf\u00fchlen k\u00f6nnen, haben sie die M\u00f6glichkeit Einfluss auf die <strong>Tagesgestaltung<\/strong> zu nehmen.[\/vc_column_text][vc_empty_space][\/vc_column][vc_column width=&#8220;1\/3&#8243;][vc_single_image image=&#8220;177&#8243; img_size=&#8220;full&#8220; alignment=&#8220;center&#8220;][vc_empty_space][vc_single_image image=&#8220;178&#8243; img_size=&#8220;full&#8220; alignment=&#8220;center&#8220;][\/vc_column][\/vc_row][vc_row tm_bgimagefixed=&#8220;&#8220; css=&#8220;.vc_custom_1635404302340{margin-top: 2em !important;}&#8220;][vc_column][vc_column_text]<\/p>\n<p style=\"line-height: 1.2em;\"><strong>Sie sind interessiert?<\/strong><\/p>\n<p>[\/vc_column_text][vc_column_text]Sie w\u00fcrden gerne mehr Zeit in Gesellschaft verbringen und gleichzeitig von einer spezialisierten Betreuung und Pflege profitieren? Dann sind unsere Tageszentren genau das Richtige f\u00fcr Sie. Sprechen Sie mit uns. Gemeinsam werden wir einen individuellen auf Sie abgestimmten Plan erarbeiten k\u00f6nnen. Nat\u00fcrlich sind unsere Zentren barrierefrei und inklusiv eingerichtet.[\/vc_column_text][\/vc_column][\/vc_row][vc_row tm_bgimagefixed=&#8220;&#8220; css=&#8220;.vc_custom_1635404306784{padding-top: 2em !important;}&#8220;][vc_column][vc_column_text]<\/p>\n<p style=\"line-height: 1.2em;\"><strong>Sie sind Angeh\u00f6rige(r)?<\/strong><\/p>\n<p>[\/vc_column_text][vc_column_text]Hat Ihr Angeh\u00f6riger eine <strong>Demenz<\/strong> oder eine schwere Krankheit? Dann k\u00f6nnen unsere Tagesst\u00e4tten zus\u00e4tzlich zur Betretung zu Hause, eine unterst\u00fctzende Alternative f\u00fcr Sie sein. Z\u00f6gern Sie nicht, uns anzurufen, wir beraten Sie gerne. Unsere Tageszentren bieten Aktivit\u00e4ten an, die auf \u00e4ltere Menschen (ihre Bed\u00fcrfnisse, M\u00f6glichkeiten, Krankheiten usw.) zugeschnitten sind, dank eines multidisziplin\u00e4ren und qualifizierten Teams, das <strong>eine umfassende Betreuung\/Begleitung des<\/strong> <strong>Klienten und seiner Familie<\/strong>\u00a0gew\u00e4hrleistet.<\/p>\n<p><strong>Unsere Tagesst\u00e4tten sind montags bis samstags ge\u00f6ffnet<\/strong>. Wie bereits erw\u00e4hnt steht Ihnen ein Bustransport zur Verf\u00fcgung.[\/vc_column_text][\/vc_column][\/vc_row][\/vc_section][vc_row][vc_column][vc_column_text]<\/p>\n<p>[\/vc_column_text][\/vc_column][\/vc_row][vc_section css=&#8220;.vc_custom_1637757833616{margin-top: 1em !important;}&#8220;][vc_row tm_bgimagefixed=&#8220;&#8220; css=&#8220;.vc_custom_1637757843228{padding-top: 2em !important;padding-right: 2em !important;padding-bottom: 2em !important;padding-left: 2em !important;background-color: #0a275a !important;}&#8220;][vc_column width=&#8220;2\/3&#8243;]<h3 style=\"text-align:left;color:#ffffff;\" class=\"tm-custom-heading \" >Sie an Hilfe?<\/h3>\n[vc_column_text]<\/p>\n<p style=\"color: white;\">Rufen Sie unsere Hotline an: 40 20 80. Wir machen dann einen Termin mit Ihnen , aus und besprechen gemeinsam die n\u00e4chsten Schritte.<\/p>\n<p>[\/vc_column_text]<h3 style=\"text-align:left;line-height:1.2em;color:#ffffff;\" class=\"tm-custom-heading vc_custom_1637076638378\" >Mehr Informationen?<\/h3>\n[vc_column_text]<\/p>\n<p style=\"color: white;\">Per Telefon: 40 20 80 oder oder per email: info@shd.inside-maquette.com<\/p>\n<p>[\/vc_column_text][\/vc_column][vc_column width=&#8220;1\/3&#8243;][vc_single_image image=&#8220;75&#8243; img_size=&#8220;200&#215;200&#8243; alignment=&#8220;center&#8220;]\r\n\t\t<div class=\"tm-vc_btn3-container tm-vc_btn3-center vc_custom_1635608066452\"><a class=\"tm-vc_general tm-vc_btn3 tm-vc_btn3-size-md tm-vc_btn3-shape-rounded tm-vc_btn3-style-flat tm-vc_btn3-weight-no tm-vc_btn3-icon-left tm-vc_btn3-color-skincolor\" href=\"tel:%2040%2020%2080\" title=\"\"><i class=\"tm-vc_btn3-icon fa fa-phone\"><\/i> 40 20 80<\/a><\/div>[\/vc_column][\/vc_row][\/vc_section]<\/p>\n","protected":false},"excerpt":{"rendered":"<p>[vc_row][vc_column width=&#8220;1\/4&#8243; offset=&#8220;vc_hidden-sm vc_hidden-xs&#8220;][vc_single_image image=&#8220;722&#8243; img_size=&#8220;150&#215;150&#8243; alignment=&#8220;center&#8220;][\/vc_column][vc_column width=&#8220;3\/4&#8243; offset=&#8220;vc_hidden-sm vc_hidden-xs&#8220;][vc_column_text css=&#8220;.vc_custom_1633004737963{margin-bottom: 1em !important;}&#8220;] Tagesst\u00e4tten [\/vc_column_text][vc_empty_space height=&#8220;16px&#8220;][vc_column_text el_class=&#8220;introdarkblue&#8220;]In unseren Tageszentren k\u00f6nnen unsere Klienten, die nicht mehr den ganzen Tag zu Hause bleiben k\u00f6nnen oder wollen, von einem abwechslungsreichen und vielf\u00e4ltigen Rahmenprogramm profitieren. Neben kreativen Aktivit\u00e4ten stehen auch leichte Gymnastik und unterhaltsame Momente auf dem Plan. Unsere &hellip; <a href=\"https:\/\/shd.inside-maquette.com\/de\/ihr-bedarf\/tagesstaetten\/\" class=\"more-link\">Continue reading <span class=\"screen-reader-text\">Tagesst\u00e4tten<\/span><\/a><\/p>\n","protected":false},"author":1,"featured_media":0,"parent":413,"menu_order":0,"comment_status":"closed","ping_status":"closed","template":"","meta":{"footnotes":""},"class_list":["post-414","page","type-page","status-publish","hentry"],"yoast_head":"<!-- This site is optimized with the Yoast SEO plugin v27.4 - https:\/\/yoast.com\/product\/yoast-seo-wordpress\/ -->\n<title>Tagesst\u00e4tten - St\u00ebftung H\u00ebllef Doheem<\/title>\n<meta name=\"description\" content=\"In unseren Tageszentren k\u00f6nnen unsere Klienten, die nicht mehr den ganzen Tag zu Hause bleiben k\u00f6nnen oder wollen, von einem abwechslungsreichen und vielf\u00e4ltigen Rahmenprogramm profitieren.\" \/>\n<meta name=\"robots\" content=\"index, follow, max-snippet:-1, max-image-preview:large, max-video-preview:-1\" \/>\n<link rel=\"canonical\" href=\"https:\/\/shd.inside-maquette.com\/de\/ihr-bedarf\/tagesstaetten\/\" \/>\n<meta property=\"og:locale\" content=\"de_DE\" \/>\n<meta property=\"og:type\" content=\"article\" \/>\n<meta property=\"og:title\" content=\"Tagesst\u00e4tten - St\u00ebftung H\u00ebllef Doheem\" \/>\n<meta property=\"og:description\" content=\"In unseren Tageszentren k\u00f6nnen unsere Klienten, die nicht mehr den ganzen Tag zu Hause bleiben k\u00f6nnen oder wollen, von einem abwechslungsreichen und vielf\u00e4ltigen Rahmenprogramm profitieren.\" \/>\n<meta property=\"og:url\" content=\"https:\/\/shd.inside-maquette.com\/de\/ihr-bedarf\/tagesstaetten\/\" \/>\n<meta property=\"og:site_name\" content=\"St\u00ebftung H\u00ebllef Doheem\" \/>\n<meta property=\"article:modified_time\" content=\"2022-01-26T08:31:12+00:00\" \/>\n<meta name=\"twitter:card\" content=\"summary_large_image\" \/>\n<meta name=\"twitter:label1\" content=\"Gesch\u00e4tzte Lesezeit\" \/>\n\t<meta name=\"twitter:data1\" content=\"4\u00a0Minuten\" \/>\n<script type=\"application\/ld+json\" class=\"yoast-schema-graph\">{\"@context\":\"https:\\\/\\\/schema.org\",\"@graph\":[{\"@type\":\"WebPage\",\"@id\":\"https:\\\/\\\/shd.inside-maquette.com\\\/de\\\/ihr-bedarf\\\/tagesstaetten\\\/\",\"url\":\"https:\\\/\\\/shd.inside-maquette.com\\\/de\\\/ihr-bedarf\\\/tagesstaetten\\\/\",\"name\":\"Tagesst\u00e4tten - St\u00ebftung H\u00ebllef Doheem\",\"isPartOf\":{\"@id\":\"https:\\\/\\\/shd.inside-maquette.com\\\/#website\"},\"datePublished\":\"2022-01-10T16:16:31+00:00\",\"dateModified\":\"2022-01-26T08:31:12+00:00\",\"description\":\"In unseren Tageszentren k\u00f6nnen unsere Klienten, die nicht mehr den ganzen Tag zu Hause bleiben k\u00f6nnen oder wollen, von einem abwechslungsreichen und vielf\u00e4ltigen Rahmenprogramm profitieren.\",\"breadcrumb\":{\"@id\":\"https:\\\/\\\/shd.inside-maquette.com\\\/de\\\/ihr-bedarf\\\/tagesstaetten\\\/#breadcrumb\"},\"inLanguage\":\"de\",\"potentialAction\":[{\"@type\":\"ReadAction\",\"target\":[\"https:\\\/\\\/shd.inside-maquette.com\\\/de\\\/ihr-bedarf\\\/tagesstaetten\\\/\"]}]},{\"@type\":\"BreadcrumbList\",\"@id\":\"https:\\\/\\\/shd.inside-maquette.com\\\/de\\\/ihr-bedarf\\\/tagesstaetten\\\/#breadcrumb\",\"itemListElement\":[{\"@type\":\"ListItem\",\"position\":1,\"name\":\"Accueil\",\"item\":\"https:\\\/\\\/shd.inside-maquette.com\\\/de\\\/\"},{\"@type\":\"ListItem\",\"position\":2,\"name\":\"Ihr Bedarf\",\"item\":\"https:\\\/\\\/shd.inside-maquette.com\\\/de\\\/ihr-bedarf\\\/\"},{\"@type\":\"ListItem\",\"position\":3,\"name\":\"Tagesst\u00e4tten\"}]},{\"@type\":\"WebSite\",\"@id\":\"https:\\\/\\\/shd.inside-maquette.com\\\/#website\",\"url\":\"https:\\\/\\\/shd.inside-maquette.com\\\/\",\"name\":\"St\u00ebftung H\u00ebllef Doheem\",\"description\":\"Aides et soins au Luxembourg\",\"potentialAction\":[{\"@type\":\"SearchAction\",\"target\":{\"@type\":\"EntryPoint\",\"urlTemplate\":\"https:\\\/\\\/shd.inside-maquette.com\\\/?s={search_term_string}\"},\"query-input\":{\"@type\":\"PropertyValueSpecification\",\"valueRequired\":true,\"valueName\":\"search_term_string\"}}],\"inLanguage\":\"de\"}]}<\/script>\n<!-- \/ Yoast SEO plugin. -->","yoast_head_json":{"title":"Tagesst\u00e4tten - St\u00ebftung H\u00ebllef Doheem","description":"In unseren Tageszentren k\u00f6nnen unsere Klienten, die nicht mehr den ganzen Tag zu Hause bleiben k\u00f6nnen oder wollen, von einem abwechslungsreichen und vielf\u00e4ltigen Rahmenprogramm profitieren.","robots":{"index":"index","follow":"follow","max-snippet":"max-snippet:-1","max-image-preview":"max-image-preview:large","max-video-preview":"max-video-preview:-1"},"canonical":"https:\/\/shd.inside-maquette.com\/de\/ihr-bedarf\/tagesstaetten\/","og_locale":"de_DE","og_type":"article","og_title":"Tagesst\u00e4tten - St\u00ebftung H\u00ebllef Doheem","og_description":"In unseren Tageszentren k\u00f6nnen unsere Klienten, die nicht mehr den ganzen Tag zu Hause bleiben k\u00f6nnen oder wollen, von einem abwechslungsreichen und vielf\u00e4ltigen Rahmenprogramm profitieren.","og_url":"https:\/\/shd.inside-maquette.com\/de\/ihr-bedarf\/tagesstaetten\/","og_site_name":"St\u00ebftung H\u00ebllef Doheem","article_modified_time":"2022-01-26T08:31:12+00:00","twitter_card":"summary_large_image","twitter_misc":{"Gesch\u00e4tzte Lesezeit":"4\u00a0Minuten"},"schema":{"@context":"https:\/\/schema.org","@graph":[{"@type":"WebPage","@id":"https:\/\/shd.inside-maquette.com\/de\/ihr-bedarf\/tagesstaetten\/","url":"https:\/\/shd.inside-maquette.com\/de\/ihr-bedarf\/tagesstaetten\/","name":"Tagesst\u00e4tten - St\u00ebftung H\u00ebllef Doheem","isPartOf":{"@id":"https:\/\/shd.inside-maquette.com\/#website"},"datePublished":"2022-01-10T16:16:31+00:00","dateModified":"2022-01-26T08:31:12+00:00","description":"In unseren Tageszentren k\u00f6nnen unsere Klienten, die nicht mehr den ganzen Tag zu Hause bleiben k\u00f6nnen oder wollen, von einem abwechslungsreichen und vielf\u00e4ltigen Rahmenprogramm profitieren.","breadcrumb":{"@id":"https:\/\/shd.inside-maquette.com\/de\/ihr-bedarf\/tagesstaetten\/#breadcrumb"},"inLanguage":"de","potentialAction":[{"@type":"ReadAction","target":["https:\/\/shd.inside-maquette.com\/de\/ihr-bedarf\/tagesstaetten\/"]}]},{"@type":"BreadcrumbList","@id":"https:\/\/shd.inside-maquette.com\/de\/ihr-bedarf\/tagesstaetten\/#breadcrumb","itemListElement":[{"@type":"ListItem","position":1,"name":"Accueil","item":"https:\/\/shd.inside-maquette.com\/de\/"},{"@type":"ListItem","position":2,"name":"Ihr Bedarf","item":"https:\/\/shd.inside-maquette.com\/de\/ihr-bedarf\/"},{"@type":"ListItem","position":3,"name":"Tagesst\u00e4tten"}]},{"@type":"WebSite","@id":"https:\/\/shd.inside-maquette.com\/#website","url":"https:\/\/shd.inside-maquette.com\/","name":"St\u00ebftung H\u00ebllef Doheem","description":"Aides et soins au Luxembourg","potentialAction":[{"@type":"SearchAction","target":{"@type":"EntryPoint","urlTemplate":"https:\/\/shd.inside-maquette.com\/?s={search_term_string}"},"query-input":{"@type":"PropertyValueSpecification","valueRequired":true,"valueName":"search_term_string"}}],"inLanguage":"de"}]}},"_links":{"self":[{"href":"https:\/\/shd.inside-maquette.com\/de\/wp-json\/wp\/v2\/pages\/414","targetHints":{"allow":["GET"]}}],"collection":[{"href":"https:\/\/shd.inside-maquette.com\/de\/wp-json\/wp\/v2\/pages"}],"about":[{"href":"https:\/\/shd.inside-maquette.com\/de\/wp-json\/wp\/v2\/types\/page"}],"author":[{"embeddable":true,"href":"https:\/\/shd.inside-maquette.com\/de\/wp-json\/wp\/v2\/users\/1"}],"replies":[{"embeddable":true,"href":"https:\/\/shd.inside-maquette.com\/de\/wp-json\/wp\/v2\/comments?post=414"}],"version-history":[{"count":0,"href":"https:\/\/shd.inside-maquette.com\/de\/wp-json\/wp\/v2\/pages\/414\/revisions"}],"up":[{"embeddable":true,"href":"https:\/\/shd.inside-maquette.com\/de\/wp-json\/wp\/v2\/pages\/413"}],"wp:attachment":[{"href":"https:\/\/shd.inside-maquette.com\/de\/wp-json\/wp\/v2\/media?parent=414"}],"curies":[{"name":"wp","href":"https:\/\/api.w.org\/{rel}","templated":true}]}}