{"id":408,"date":"2022-01-10T16:15:05","date_gmt":"2022-01-10T16:15:05","guid":{"rendered":"https:\/\/shd.inside-maquette.com\/agrements\/"},"modified":"2023-02-27T09:21:54","modified_gmt":"2023-02-27T09:21:54","slug":"approbationen","status":"publish","type":"page","link":"https:\/\/shd.inside-maquette.com\/de\/die-stiftung\/approbationen\/","title":{"rendered":"Approbationen"},"content":{"rendered":"<p>[vc_row tm_bgimagefixed=&#8220;&#8220; css=&#8220;.vc_custom_1630165001490{padding-bottom: 2em !important;}&#8220;][vc_column offset=&#8220;vc_hidden-md vc_hidden-sm vc_hidden-xs&#8220;][vc_column_text]<nav aria-label=\"breadcrumbs\">\n            <div class=\"breadcrumb-container theme3\">\n                <ol>\n                                    <\/ol>\n            <\/div>\n        <\/nav>    <script type=\"application\/ld+json\">\n        {\n            \"@context\": \"http:\/\/schema.org\",\n            \"@type\": \"BreadcrumbList\",\n            \"itemListElement\": [\n                            ]\n        }\n    <\/script>\n   \n    <script>\n            <\/script>\n[\/vc_column_text][vc_empty_space height=&#8220;1em&#8220;][\/vc_column][\/vc_row][vc_row tm_bgimagefixed=&#8220;&#8220; content_placement=&#8220;bottom&#8220;][vc_column width=&#8220;1\/4&#8243; offset=&#8220;vc_hidden-md vc_hidden-sm vc_hidden-xs&#8220;][vc_single_image image=&#8220;17&#8243; alignment=&#8220;center&#8220; css=&#8220;.vc_custom_1632739434687{margin-bottom: 1em !important;}&#8220;][\/vc_column][vc_column width=&#8220;3\/4&#8243; offset=&#8220;vc_hidden-md vc_hidden-sm vc_hidden-xs&#8220;][vc_column_text css=&#8220;.vc_custom_1641847835901{margin-bottom: 1em !important;}&#8220;]<\/p>\n<h1 style=\"text-align: left;\">Zulassungen<\/h1>\n<p>[\/vc_column_text][vc_column_text el_class=&#8220;introdarkblue&#8220;]Gem\u00e4\u00df Artikel 1 des Gesetzes vom 8. September 1998 \u00fcber die Regelung der Beziehung zwischen Staat und den in den Bereichen Soziales, Familie und Therapie t\u00e4tigen Organisationen, verf\u00fcgt H\u00ebllef Doheem \u00fcber folgende, vom Familienministerium genehmigte Zulassungen:[\/vc_column_text][\/vc_column][\/vc_row][vc_row tm_bgimagefixed=&#8220;&#8220; content_placement=&#8220;bottom&#8220;][vc_column width=&#8220;1\/4&#8243; offset=&#8220;vc_hidden-lg&#8220;][vc_single_image image=&#8220;1041&#8243; img_size=&#8220;100&#215;100&#8243; alignment=&#8220;center&#8220; css=&#8220;.vc_custom_1643207351329{margin-bottom: 1em !important;}&#8220;][\/vc_column][vc_column width=&#8220;3\/4&#8243; offset=&#8220;vc_hidden-lg&#8220;][vc_column_text css=&#8220;.vc_custom_1641847853883{margin-bottom: 1em !important;}&#8220;]<\/p>\n<h1 style=\"text-align: center; font-size: 2em; line-height: 1.2em;\">Approbationen<\/h1>\n<p>[\/vc_column_text][vc_column_text el_class=&#8220;introdarkblue&#8220;]<\/p>\n<p style=\"text-align: center;\">Die St\u00ebftung H\u00ebllef Doheem ist konform gem\u00e4\u00df Artikel 1 des Gesetzes vom 8. September 1998 \u00fcber die Beziehungen zwischen dem Staat und Organisationen, die im sozialen, famili\u00e4ren und therapeutischen Bereich t\u00e4tig sind.<\/p>\n<p>[\/vc_column_text][\/vc_column][\/vc_row][vc_row][vc_column][vc_separator border_width=&#8220;2&#8243; css=&#8220;.vc_custom_1635861375713{margin-top: 1em !important;margin-bottom: 1em !important;}&#8220;][\/vc_column][\/vc_row][vc_row tm_bgimagefixed=&#8220;&#8220; css=&#8220;.vc_custom_1630567437744{margin-bottom: 2em !important;}&#8220;][vc_column width=&#8220;1\/2&#8243;]<ul class=\"tm-list tm-list-style-icon tm-list-icon-color-skincolor tm- tm-icon-skincolor tm-list-textsize-small tm-list-icon-library-fontawesome\"><li><i class=\"tm-skincolor fa fa-caret-right\"><\/i>  <span class=\"tm-list-li-content\">Soins \u00e0 domicile: PA\/00\/11\/001<\/span><\/li><li><i class=\"tm-skincolor fa fa-caret-right\"><\/i>  <span class=\"tm-list-li-content\">Aide \u00e0 domicile: PA\/00\/06\/011<\/span><\/li><li><i class=\"tm-skincolor fa fa-caret-right\"><\/i>  <span class=\"tm-list-li-content\">S\u00e9cher Doheem: PA\/11\/08\/018<\/span><\/li><li><i class=\"tm-skincolor fa fa-caret-right\"><\/i>  <span class=\"tm-list-li-content\">Assistance, conseil et soutien: PA\/11\/09\/007<\/span><\/li><li><i class=\"tm-skincolor fa fa-caret-right\"><\/i>  <span class=\"tm-list-li-content\">Activit\u00e9 du service volontaire des jeunes: SV2011\/012<\/span><\/li><li><i class=\"tm-skincolor fa fa-caret-right\"><\/i>  <span class=\"tm-list-li-content\">Action positive: AP\/21-2016<\/span><\/li><li><i class=\"tm-skincolor fa fa-caret-right\"><\/i>  <span class=\"tm-list-li-content\">Foyer Op der Heed: PA\/00\/04\/029<\/span><\/li><li><i class=\"tm-skincolor fa fa-caret-right\"><\/i>  <span class=\"tm-list-li-content\">Foyer Op Massen: PA\/07\/04\/045<\/span><\/li><\/ul>[\/vc_column][vc_column width=&#8220;1\/2&#8243;]<ul class=\"tm-list tm-list-style-icon tm-list-icon-color-skincolor tm- tm-icon-skincolor tm-list-textsize-small tm-list-icon-library-fontawesome\"><li><i class=\"tm-skincolor fa fa-caret-right\"><\/i>  <span class=\"tm-list-li-content\">Foyer Didderich op der Grenz: PA\/22\/05\/071<\/span><\/li><li><i class=\"tm-skincolor fa fa-caret-right\"><\/i>  <span class=\"tm-list-li-content\">Foyer Siwebueren: PA\/01\/04\/031<\/span><\/li><li><i class=\"tm-skincolor fa fa-caret-right\"><\/i>  <span class=\"tm-list-li-content\">Foyer Aalbach: PA\/07\/04\/44<\/span><\/li><li><i class=\"tm-skincolor fa fa-caret-right\"><\/i>  <span class=\"tm-list-li-content\">Foyer Um aale Gaart: PA\/02\/04\/033<\/span><\/li><li><i class=\"tm-skincolor fa fa-caret-right\"><\/i>  <span class=\"tm-list-li-content\">Foyer Am Brill: PA\/04\/04\/038<\/span><\/li><li><i class=\"tm-skincolor fa fa-caret-right\"><\/i>  <span class=\"tm-list-li-content\">Foyer Bei der Kor: PA\/10\/04\/053<\/span><\/li><li><i class=\"tm-skincolor fa fa-caret-right\"><\/i>  <span class=\"tm-list-li-content\">Foyer Elise de Roebe: PA\/07\/04\/046<\/span><\/li><li><i class=\"tm-skincolor fa fa-caret-right\"><\/i>  <span class=\"tm-list-li-content\">Foyer Hesper Kopp: PA\/02\/04\/034<\/span><\/li><\/ul>[\/vc_column][\/vc_row][vc_section css=&#8220;.vc_custom_1635755618081{margin-top: 2em !important;}&#8220;][vc_row tm_bgimagefixed=&#8220;&#8220; css=&#8220;.vc_custom_1635755629359{padding-top: 2em !important;padding-right: 2em !important;padding-bottom: 2em !important;padding-left: 2em !important;background-color: #0a275a !important;}&#8220;][vc_column width=&#8220;2\/3&#8243;]<h4 style=\"text-align:left;color:#ffffff;\" class=\"tm-custom-heading \" >Wie kommen Sie an Hilfe?<\/h4>\n[vc_column_text]<\/p>\n<p style=\"color: white; font-size: 14px; line-height: 20px;\">Rufen Sie unsere Hotline an: 40 20 80. Wir machen dann einen Termin mit Ihnen (und Ihren Angeh\u00f6rigen, wenn Sie das wollen), aus und besprechen gemeinsam die n\u00e4chsten Schritte.<\/p>\n<p>[\/vc_column_text]<h4 style=\"text-align:left;line-height:1.2em;color:#ffffff;\" class=\"tm-custom-heading vc_custom_1634904813024\" >Sie ben\u00f6tigen mehr Informationen?<\/h4>\n[vc_column_text]<\/p>\n<p style=\"color: white; font-size: 14px;\">Kontaktieren Sie uns per Telefon: 40 20 80 oder per email: info@shd.inside-maquette.com<\/p>\n<p>[\/vc_column_text][\/vc_column][vc_column width=&#8220;1\/3&#8243;][vc_single_image image=&#8220;75&#8243; img_size=&#8220;200&#215;200&#8243; alignment=&#8220;center&#8220;]\r\n\t\t<div class=\"tm-vc_btn3-container tm-vc_btn3-center vc_custom_1634904835784\"><a class=\"tm-vc_general tm-vc_btn3 tm-vc_btn3-size-md tm-vc_btn3-shape-rounded tm-vc_btn3-style-flat tm-vc_btn3-weight-no tm-vc_btn3-icon-left tm-vc_btn3-color-skincolor\" href=\"tel:%2040%2020%2080\" title=\"\"><i class=\"tm-vc_btn3-icon fa fa-phone\"><\/i> 40 20 80<\/a><\/div>[\/vc_column][\/vc_row][\/vc_section]<\/p>\n","protected":false},"excerpt":{"rendered":"<p>[vc_row tm_bgimagefixed=&#8220;&#8220; css=&#8220;.vc_custom_1630165001490{padding-bottom: 2em !important;}&#8220;][vc_column offset=&#8220;vc_hidden-md vc_hidden-sm vc_hidden-xs&#8220;][vc_column_text][\/vc_column_text][vc_empty_space height=&#8220;1em&#8220;][\/vc_column][\/vc_row][vc_row tm_bgimagefixed=&#8220;&#8220; content_placement=&#8220;bottom&#8220;][vc_column width=&#8220;1\/4&#8243; offset=&#8220;vc_hidden-md vc_hidden-sm vc_hidden-xs&#8220;][vc_single_image image=&#8220;17&#8243; alignment=&#8220;center&#8220; css=&#8220;.vc_custom_1632739434687{margin-bottom: 1em !important;}&#8220;][\/vc_column][vc_column width=&#8220;3\/4&#8243; offset=&#8220;vc_hidden-md vc_hidden-sm vc_hidden-xs&#8220;][vc_column_text css=&#8220;.vc_custom_1641847835901{margin-bottom: 1em !important;}&#8220;] Zulassungen [\/vc_column_text][vc_column_text el_class=&#8220;introdarkblue&#8220;]Gem\u00e4\u00df Artikel 1 des Gesetzes vom 8. September 1998 \u00fcber die Regelung der Beziehung zwischen Staat und den in den Bereichen Soziales, Familie und Therapie t\u00e4tigen &hellip; <a href=\"https:\/\/shd.inside-maquette.com\/de\/die-stiftung\/approbationen\/\" class=\"more-link\">Continue reading <span class=\"screen-reader-text\">Approbationen<\/span><\/a><\/p>\n","protected":false},"author":1,"featured_media":0,"parent":407,"menu_order":0,"comment_status":"closed","ping_status":"closed","template":"","meta":{"footnotes":""},"class_list":["post-408","page","type-page","status-publish","hentry"],"yoast_head":"<!-- This site is optimized with the Yoast SEO plugin v27.4 - https:\/\/yoast.com\/product\/yoast-seo-wordpress\/ -->\n<title>Approbationen - St\u00ebftung H\u00ebllef Doheem<\/title>\n<meta name=\"robots\" content=\"index, follow, max-snippet:-1, max-image-preview:large, max-video-preview:-1\" \/>\n<link rel=\"canonical\" href=\"https:\/\/shd.inside-maquette.com\/de\/die-stiftung\/approbationen\/\" \/>\n<meta property=\"og:locale\" content=\"de_DE\" \/>\n<meta property=\"og:type\" content=\"article\" \/>\n<meta property=\"og:title\" content=\"Approbationen - St\u00ebftung H\u00ebllef Doheem\" \/>\n<meta property=\"og:description\" content=\"[vc_row tm_bgimagefixed=&#8220;&#8220; css=&#8220;.vc_custom_1630165001490{padding-bottom: 2em !important;}&#8220;][vc_column offset=&#8220;vc_hidden-md vc_hidden-sm vc_hidden-xs&#8220;][vc_column_text][\/vc_column_text][vc_empty_space height=&#8220;1em&#8220;][\/vc_column][\/vc_row][vc_row tm_bgimagefixed=&#8220;&#8220; content_placement=&#8220;bottom&#8220;][vc_column width=&#8220;1\/4&#8243; offset=&#8220;vc_hidden-md vc_hidden-sm vc_hidden-xs&#8220;][vc_single_image image=&#8220;17&#8243; alignment=&#8220;center&#8220; css=&#8220;.vc_custom_1632739434687{margin-bottom: 1em !important;}&#8220;][\/vc_column][vc_column width=&#8220;3\/4&#8243; offset=&#8220;vc_hidden-md vc_hidden-sm vc_hidden-xs&#8220;][vc_column_text css=&#8220;.vc_custom_1641847835901{margin-bottom: 1em !important;}&#8220;] Zulassungen [\/vc_column_text][vc_column_text el_class=&#8220;introdarkblue&#8220;]Gem\u00e4\u00df Artikel 1 des Gesetzes vom 8. September 1998 \u00fcber die Regelung der Beziehung zwischen Staat und den in den Bereichen Soziales, Familie und Therapie t\u00e4tigen &hellip; Continue reading Approbationen\" \/>\n<meta property=\"og:url\" content=\"https:\/\/shd.inside-maquette.com\/de\/die-stiftung\/approbationen\/\" \/>\n<meta property=\"og:site_name\" content=\"St\u00ebftung H\u00ebllef Doheem\" \/>\n<meta property=\"article:modified_time\" content=\"2023-02-27T09:21:54+00:00\" \/>\n<meta name=\"twitter:card\" content=\"summary_large_image\" \/>\n<meta name=\"twitter:label1\" content=\"Gesch\u00e4tzte Lesezeit\" \/>\n\t<meta name=\"twitter:data1\" content=\"2\u00a0Minuten\" \/>\n<script type=\"application\/ld+json\" class=\"yoast-schema-graph\">{\"@context\":\"https:\\\/\\\/schema.org\",\"@graph\":[{\"@type\":\"WebPage\",\"@id\":\"https:\\\/\\\/shd.inside-maquette.com\\\/de\\\/die-stiftung\\\/approbationen\\\/\",\"url\":\"https:\\\/\\\/shd.inside-maquette.com\\\/de\\\/die-stiftung\\\/approbationen\\\/\",\"name\":\"Approbationen - St\u00ebftung H\u00ebllef Doheem\",\"isPartOf\":{\"@id\":\"https:\\\/\\\/shd.inside-maquette.com\\\/#website\"},\"datePublished\":\"2022-01-10T16:15:05+00:00\",\"dateModified\":\"2023-02-27T09:21:54+00:00\",\"breadcrumb\":{\"@id\":\"https:\\\/\\\/shd.inside-maquette.com\\\/de\\\/die-stiftung\\\/approbationen\\\/#breadcrumb\"},\"inLanguage\":\"de\",\"potentialAction\":[{\"@type\":\"ReadAction\",\"target\":[\"https:\\\/\\\/shd.inside-maquette.com\\\/de\\\/die-stiftung\\\/approbationen\\\/\"]}]},{\"@type\":\"BreadcrumbList\",\"@id\":\"https:\\\/\\\/shd.inside-maquette.com\\\/de\\\/die-stiftung\\\/approbationen\\\/#breadcrumb\",\"itemListElement\":[{\"@type\":\"ListItem\",\"position\":1,\"name\":\"Accueil\",\"item\":\"https:\\\/\\\/shd.inside-maquette.com\\\/de\\\/\"},{\"@type\":\"ListItem\",\"position\":2,\"name\":\"Die Stiftung\",\"item\":\"https:\\\/\\\/shd.inside-maquette.com\\\/de\\\/die-stiftung\\\/\"},{\"@type\":\"ListItem\",\"position\":3,\"name\":\"Approbationen\"}]},{\"@type\":\"WebSite\",\"@id\":\"https:\\\/\\\/shd.inside-maquette.com\\\/#website\",\"url\":\"https:\\\/\\\/shd.inside-maquette.com\\\/\",\"name\":\"St\u00ebftung H\u00ebllef Doheem\",\"description\":\"Aides et soins au Luxembourg\",\"potentialAction\":[{\"@type\":\"SearchAction\",\"target\":{\"@type\":\"EntryPoint\",\"urlTemplate\":\"https:\\\/\\\/shd.inside-maquette.com\\\/?s={search_term_string}\"},\"query-input\":{\"@type\":\"PropertyValueSpecification\",\"valueRequired\":true,\"valueName\":\"search_term_string\"}}],\"inLanguage\":\"de\"}]}<\/script>\n<!-- \/ Yoast SEO plugin. -->","yoast_head_json":{"title":"Approbationen - St\u00ebftung H\u00ebllef Doheem","robots":{"index":"index","follow":"follow","max-snippet":"max-snippet:-1","max-image-preview":"max-image-preview:large","max-video-preview":"max-video-preview:-1"},"canonical":"https:\/\/shd.inside-maquette.com\/de\/die-stiftung\/approbationen\/","og_locale":"de_DE","og_type":"article","og_title":"Approbationen - St\u00ebftung H\u00ebllef Doheem","og_description":"[vc_row tm_bgimagefixed=&#8220;&#8220; css=&#8220;.vc_custom_1630165001490{padding-bottom: 2em !important;}&#8220;][vc_column offset=&#8220;vc_hidden-md vc_hidden-sm vc_hidden-xs&#8220;][vc_column_text][\/vc_column_text][vc_empty_space height=&#8220;1em&#8220;][\/vc_column][\/vc_row][vc_row tm_bgimagefixed=&#8220;&#8220; content_placement=&#8220;bottom&#8220;][vc_column width=&#8220;1\/4&#8243; offset=&#8220;vc_hidden-md vc_hidden-sm vc_hidden-xs&#8220;][vc_single_image image=&#8220;17&#8243; alignment=&#8220;center&#8220; css=&#8220;.vc_custom_1632739434687{margin-bottom: 1em !important;}&#8220;][\/vc_column][vc_column width=&#8220;3\/4&#8243; offset=&#8220;vc_hidden-md vc_hidden-sm vc_hidden-xs&#8220;][vc_column_text css=&#8220;.vc_custom_1641847835901{margin-bottom: 1em !important;}&#8220;] Zulassungen [\/vc_column_text][vc_column_text el_class=&#8220;introdarkblue&#8220;]Gem\u00e4\u00df Artikel 1 des Gesetzes vom 8. September 1998 \u00fcber die Regelung der Beziehung zwischen Staat und den in den Bereichen Soziales, Familie und Therapie t\u00e4tigen &hellip; Continue reading Approbationen","og_url":"https:\/\/shd.inside-maquette.com\/de\/die-stiftung\/approbationen\/","og_site_name":"St\u00ebftung H\u00ebllef Doheem","article_modified_time":"2023-02-27T09:21:54+00:00","twitter_card":"summary_large_image","twitter_misc":{"Gesch\u00e4tzte Lesezeit":"2\u00a0Minuten"},"schema":{"@context":"https:\/\/schema.org","@graph":[{"@type":"WebPage","@id":"https:\/\/shd.inside-maquette.com\/de\/die-stiftung\/approbationen\/","url":"https:\/\/shd.inside-maquette.com\/de\/die-stiftung\/approbationen\/","name":"Approbationen - St\u00ebftung H\u00ebllef Doheem","isPartOf":{"@id":"https:\/\/shd.inside-maquette.com\/#website"},"datePublished":"2022-01-10T16:15:05+00:00","dateModified":"2023-02-27T09:21:54+00:00","breadcrumb":{"@id":"https:\/\/shd.inside-maquette.com\/de\/die-stiftung\/approbationen\/#breadcrumb"},"inLanguage":"de","potentialAction":[{"@type":"ReadAction","target":["https:\/\/shd.inside-maquette.com\/de\/die-stiftung\/approbationen\/"]}]},{"@type":"BreadcrumbList","@id":"https:\/\/shd.inside-maquette.com\/de\/die-stiftung\/approbationen\/#breadcrumb","itemListElement":[{"@type":"ListItem","position":1,"name":"Accueil","item":"https:\/\/shd.inside-maquette.com\/de\/"},{"@type":"ListItem","position":2,"name":"Die Stiftung","item":"https:\/\/shd.inside-maquette.com\/de\/die-stiftung\/"},{"@type":"ListItem","position":3,"name":"Approbationen"}]},{"@type":"WebSite","@id":"https:\/\/shd.inside-maquette.com\/#website","url":"https:\/\/shd.inside-maquette.com\/","name":"St\u00ebftung H\u00ebllef Doheem","description":"Aides et soins au Luxembourg","potentialAction":[{"@type":"SearchAction","target":{"@type":"EntryPoint","urlTemplate":"https:\/\/shd.inside-maquette.com\/?s={search_term_string}"},"query-input":{"@type":"PropertyValueSpecification","valueRequired":true,"valueName":"search_term_string"}}],"inLanguage":"de"}]}},"_links":{"self":[{"href":"https:\/\/shd.inside-maquette.com\/de\/wp-json\/wp\/v2\/pages\/408","targetHints":{"allow":["GET"]}}],"collection":[{"href":"https:\/\/shd.inside-maquette.com\/de\/wp-json\/wp\/v2\/pages"}],"about":[{"href":"https:\/\/shd.inside-maquette.com\/de\/wp-json\/wp\/v2\/types\/page"}],"author":[{"embeddable":true,"href":"https:\/\/shd.inside-maquette.com\/de\/wp-json\/wp\/v2\/users\/1"}],"replies":[{"embeddable":true,"href":"https:\/\/shd.inside-maquette.com\/de\/wp-json\/wp\/v2\/comments?post=408"}],"version-history":[{"count":0,"href":"https:\/\/shd.inside-maquette.com\/de\/wp-json\/wp\/v2\/pages\/408\/revisions"}],"up":[{"embeddable":true,"href":"https:\/\/shd.inside-maquette.com\/de\/wp-json\/wp\/v2\/pages\/407"}],"wp:attachment":[{"href":"https:\/\/shd.inside-maquette.com\/de\/wp-json\/wp\/v2\/media?parent=408"}],"curies":[{"name":"wp","href":"https:\/\/api.w.org\/{rel}","templated":true}]}}