{"id":407,"date":"2022-01-10T16:14:40","date_gmt":"2022-01-10T16:14:40","guid":{"rendered":"https:\/\/shd.inside-maquette.com\/la-fondation\/"},"modified":"2023-02-16T07:41:30","modified_gmt":"2023-02-16T07:41:30","slug":"die-stiftung","status":"publish","type":"page","link":"https:\/\/shd.inside-maquette.com\/de\/die-stiftung\/","title":{"rendered":"Die Stiftung"},"content":{"rendered":"<p>[vc_row tm_bgimagefixed=&#8220;&#8220;][vc_column width=&#8220;1\/4&#8243; offset=&#8220;vc_hidden-md vc_hidden-sm vc_hidden-xs&#8220;][vc_single_image image=&#8220;26&#8243; alignment=&#8220;center&#8220;][\/vc_column][vc_column width=&#8220;3\/4&#8243; offset=&#8220;vc_hidden-md vc_hidden-sm vc_hidden-xs&#8220;][vc_column_text css=&#8220;.vc_custom_1640872745883{margin-bottom: 1em !important;}&#8220;]<\/p>\n<h1 style=\"text-align: left;\">Die Stiftung<\/h1>\n<p>[\/vc_column_text][vc_column_text el_class=&#8220;introdarkblue&#8220;]<span style=\"font-weight: 400;\">M\u00ebnschlech a kompetent &#8211; menschlich und kompetent ist das Motto der Mitarbeiter der <\/span><i><span style=\"font-weight: 400;\">St\u00ebftung H\u00ebllef Doheem<\/span><\/i><span style=\"font-weight: 400;\">, einer als gemeinn\u00fctzig anerkannten Stiftung. Die <\/span><i><span style=\"font-weight: 400;\">St\u00ebftung H\u00ebllef Doheem<\/span><\/i><span style=\"font-weight: 400;\"> bietet seit 1999 hochwertige pers\u00f6nliche Hilfe und Pflege an. Die Hauptziele der Stiftung sind die Erhaltung der M\u00f6glichkeit des Einzelnen, bei sich zuhause wohnen zu bleiben, die F\u00f6rderung der Unabh\u00e4ngigkeit und die Wahrung der Normalit\u00e4t des Klienten. Mit 2000 Mitarbeitern und mehr als 17.000 Kunden pro Jahr ist die <\/span><i><span style=\"font-weight: 400;\">St\u00ebftung H\u00ebllef Doheem<\/span><\/i><span style=\"font-weight: 400;\"> der gr\u00f6\u00dfte Anbieter von h\u00e4uslicher Hilfe und Pflege in Luxemburg.<\/span>[\/vc_column_text][\/vc_column][\/vc_row][vc_row tm_bgimagefixed=&#8220;&#8220;][vc_column width=&#8220;1\/4&#8243; offset=&#8220;vc_hidden-lg&#8220; css=&#8220;.vc_custom_1631604098604{margin-bottom: 1em !important;}&#8220;][vc_single_image image=&#8220;1037&#8243; img_size=&#8220;100&#215;100&#8243; alignment=&#8220;center&#8220;][\/vc_column][vc_column width=&#8220;3\/4&#8243; offset=&#8220;vc_hidden-lg&#8220;][vc_column_text css=&#8220;.vc_custom_1635439521128{margin-bottom: 1em !important;}&#8220;]<\/p>\n<h1 style=\"text-align: center; font-size: 2em; line-height: 1.2em;\">Die Stiftung<\/h1>\n<p>[\/vc_column_text][vc_column_text el_class=&#8220;introdarkblue&#8220;]<\/p>\n<p style=\"text-align: center;\"><span style=\"font-weight: 400;\">M\u00ebnschlech a kompetent &#8211; menschlich und kompetent ist das Motto der Mitarbeiter der <\/span><i><span style=\"font-weight: 400;\">St\u00ebftung H\u00ebllef Doheem<\/span><\/i><span style=\"font-weight: 400;\">, einer als gemeinn\u00fctzig anerkannten Stiftung. Die <\/span><i><span style=\"font-weight: 400;\">St\u00ebftung H\u00ebllef Doheem<\/span><\/i><span style=\"font-weight: 400;\"> bietet seit 1999 hochwertige pers\u00f6nliche Hilfe und Pflege an. Die Hauptziele der Stiftung sind die Erhaltung der M\u00f6glichkeit des Einzelnen, bei sich zuhause wohnen zu bleiben, die F\u00f6rderung der Unabh\u00e4ngigkeit und die Wahrung der Normalit\u00e4t des Klienten. Mit 2000 Mitarbeitern und mehr als 17.000 Kunden pro Jahr ist die <\/span><i><span style=\"font-weight: 400;\">St\u00ebftung H\u00ebllef Doheem<\/span><\/i><span style=\"font-weight: 400;\"> der gr\u00f6\u00dfte Anbieter von h\u00e4uslicher Hilfe und Pflege in Luxemburg.<\/span><\/p>\n<p>[\/vc_column_text][\/vc_column][\/vc_row][vc_row][vc_column][vc_separator border_width=&#8220;2&#8243; css=&#8220;.vc_custom_1635861492815{margin-top: 1em !important;margin-bottom: 1em !important;}&#8220;][\/vc_column][\/vc_row][vc_row tm_bgimagefixed=&#8220;&#8220; css=&#8220;.vc_custom_1630050818592{margin-top: 2em !important;}&#8220;][vc_column width=&#8220;2\/3&#8243;][vc_column_text]<\/p>\n<h2 style=\"font-size: 1.6em; text-align: left;\">Wort des Direktors<\/h2>\n<p>[\/vc_column_text][vc_column_text css=&#8220;.vc_custom_1641847621192{margin-top: 1em !important;}&#8220;]Sehr geehrte Leserin, Sehr geehrter Leser.<\/p>\n<p>Vielen Dank f\u00fcr Ihr Interesse an unserer gemeinn\u00fctzigen Stiftung. Ich freue mich Ihnen die neue Homepage der St\u00ebftung H\u00ebllef Doheem zu pr\u00e4sentieren und w\u00fcnsche Ihnen eine angenehme Lekt\u00fcre, beziehungsweise angenehmes Surfen. Ich hoffe, das neue Design und die neuen Inhalte gefallen Ihnen ebenso gut wie mir. Die ganze Seite ist interaktiver gestaltet und wir hoffen so, Ihnen noch besser zur Seite stehen zu k\u00f6nnen. Wenn Sie Hilfe brauchen und wir etwas f\u00fcr Sie tun k\u00f6nnen, z\u00f6gern Sie bitte nicht uns anzurufen oder uns zu schreiben. Wir sind f\u00fcr Sie da. 365 Tage im Jahr.<\/p>\n<p>Mit den besten Gr\u00fc\u00dfen,<\/p>\n<p>&nbsp;<\/p>\n<p style=\"text-align: right;\"><strong>Beno\u00eet\u00a0 Holzem, <\/strong><em>Generaldirektor<\/em><\/p>\n<p>[\/vc_column_text][\/vc_column][vc_column width=&#8220;1\/3&#8243;][vc_single_image image=&#8220;106&#8243; img_size=&#8220;full&#8220; alignment=&#8220;right&#8220;][\/vc_column][\/vc_row][vc_row tm_bgimagefixed=&#8220;&#8220; tm_zindex=&#8220;1&#8243; css=&#8220;.vc_custom_1630050876980{margin-top: 2em !important;padding-bottom: 35px !important;}&#8220; tm_responsive_css=&#8220;81841543|colbreak_no|||||||||colbreak_no|||||||10px||colbreak_no|15px|||||||||colbreak_no|||||||||&#8220;][vc_column][vc_tta_tabs spacing=&#8220;20&#8243; alignment=&#8220;center&#8220; active_section=&#8220;1&#8243; el_class=&#8220;tm-fluid-menu&#8220;][vc_tta_section title=&#8220;Werte&#8220; tab_id=&#8220;20408021&#8243;][vc_row_inner break_in_responsive=&#8220;991&#8243; css=&#8220;.vc_custom_1603689180088{padding-top: 15px !important;}&#8220; tm_responsive_css=&#8220;37994863|colbreak_no|||||||||colbreak_no|||||0px||||colbreak_no|||-25px||0px|||||colbreak_no|||||||||&#8220;][vc_column_inner width=&#8220;1\/2&#8243; tm_responsive_css=&#8220;70093505|colbreak_no|||||||||colbreak_no|||||25px|||15px|colbreak_no||||||||||colbreak_no|||||||||&#8220;][vc_column_text]<span style=\"font-weight: 400;\">Wir achten sehr darauf, dass unsere Dienstleistungen unter menschlichen und respektvollen Bedingungen erbracht werden, was auch durch unser <\/span><b>Leitmotiv: &#8222;M\u00ebnschlech a kompetent&#8220;<\/b><span style=\"font-weight: 400;\"> unterstrichen wird.<\/span><\/p>\n<p><span style=\"font-weight: 400;\">Die KlientInnen legen gro\u00dfen Wert auf die pers\u00f6nlichen und fachlichen Qualit\u00e4ten der Pflegekr\u00e4fte. Freundlichkeit, Einf\u00fchlungsverm\u00f6gen, P\u00fcnktlichkeit und Toleranz sind f\u00fcr sie genau so wichtig wie Fachkompetenz.\u00a0<\/span><\/p>\n<p><span style=\"font-weight: 400;\">Respekt, H\u00f6flichkeit, P\u00fcnktlichkeit, Ehrlichkeit, Hygiene und Sauberkeit, Zuverl\u00e4ssigkeit, Sicherheit und Vertrauen sind die Grundprinzipien unserer Arbeit, um die Zufriedenheit jedes Klienten zu gew\u00e4hrleisten.<\/span><\/p>\n<p><span style=\"font-weight: 400;\">Unsere Serviceleistungen richten sich an Jeden.<\/span>[\/vc_column_text][\/vc_column_inner][vc_column_inner width=&#8220;1\/2&#8243; css=&#8220;.vc_custom_1603687576634{padding-left: 5px !important;}&#8220; tm_responsive_css=&#8220;74874642|colbreak_no|||||||||colbreak_no|||||25px|||15px|colbreak_no||||||||||colbreak_no|||||||||&#8220;][vc_single_image image=&#8220;101&#8243; img_size=&#8220;full&#8220; alignment=&#8220;right&#8220;][\/vc_column_inner][\/vc_row_inner][\/vc_tta_section][vc_tta_section title=&#8220;Vision&#8220; tab_id=&#8220;20408022&#8243;][vc_row_inner break_in_responsive=&#8220;991&#8243; css=&#8220;.vc_custom_1603689192183{padding-top: 15px !important;}&#8220; tm_responsive_css=&#8220;37994863|colbreak_no|||||||||colbreak_no|||||0px||||colbreak_no|||-25px||0px|||||colbreak_no|||||||||&#8220;][vc_column_inner width=&#8220;1\/2&#8243; css=&#8220;.vc_custom_1603272107120{padding-top: 5px !important;padding-right: 30px !important;}&#8220;][vc_column_text]<span style=\"font-weight: 400;\">Wir wollen\u00a0<\/span><b>DIE Referenz<\/b><span style=\"font-weight: 400;\">\u00a0in unserem T\u00e4tigkeitsbereich sein. Die Stiftung ist durch ihre hohen Qualit\u00e4tsstandards als Referenznetzwerk \u00fcber die Grenzen hinaus bekannt. <\/span><b>Wir streben danach, als &#8222;Arbeitgeber erster Wahl&#8220; anerkannt zu werden, sowohl von unseren Mitarbeitern als auch von der \u00d6ffentlichkeit.<\/b>[\/vc_column_text][\/vc_column_inner][vc_column_inner width=&#8220;1\/2&#8243; css=&#8220;.vc_custom_1599901630734{padding-right: 60px !important;}&#8220; tm_responsive_css=&#8220;70093505|colbreak_no|||||||||colbreak_no|||||25px|||15px|colbreak_no||||||||||colbreak_no|||||||||&#8220;][vc_single_image image=&#8220;90&#8243; img_size=&#8220;full&#8220; alignment=&#8220;right&#8220;][\/vc_column_inner][\/vc_row_inner][\/vc_tta_section][vc_tta_section title=&#8220;Unternehmenskultur&#8220; tab_id=&#8220;20408023&#8243;][vc_row_inner break_in_responsive=&#8220;991&#8243; css=&#8220;.vc_custom_1603689206175{padding-top: 15px !important;}&#8220; tm_responsive_css=&#8220;37994863|colbreak_no|||||||||colbreak_no|||||0px||||colbreak_no|||-25px||0px|||||colbreak_no|||||||||&#8220;][vc_column_inner width=&#8220;1\/2&#8243; tm_responsive_css=&#8220;70093505|colbreak_no|||||||||colbreak_no|||||25px|||15px|colbreak_no||||||||||colbreak_no|||||||||&#8220;][vc_column_text]Wir, die Mitarbeiter, spielen bei der <i>St\u00ebftung H\u00ebllef Doheem<\/i> eine zentrale Rolle.<\/p>\n<p style=\"color: #f07d00; text-align: center; font-size: 1.4em;\">Wir sind Tag f\u00fcr Tag die Vertreter unserer Arbeitsphilosophie &#8222;M\u00ebnschlech a kompetent&#8220;.<\/p>\n<p>Unsere Fachkompetenz, unser Engagement, unser Auftreten und unser Verhalten bestimmen die Wahrnehmung der Qualit\u00e4t unserer Dienstleistungen, sowohl gegen\u00fcber dem Klienten und seinem Umfeld als auch gegen\u00fcber der \u00d6ffentlichkeit.<\/p>\n<p>Das gute Arbeitsklima, welches f\u00fcr das Wohlbefinden der Mitarbeiter und f\u00fcr die Erbringung hochwertiger Dienstleistungen unerl\u00e4sslich ist, basiert auf unserem Teamgeist, der Zusammenarbeit und dem gegenseitigen Respekt aller Kollegen.<\/p>\n<p><b>Wir f\u00f6rdern aktiv eine offene, motivierende, respektvolle und kundenorientierte Unternehmenskultur, die sich in der Zusammenarbeit mit bedingungsloser gegenseitiger Unterst\u00fctzung ausdr\u00fcckt.<\/b>[\/vc_column_text][\/vc_column_inner][vc_column_inner width=&#8220;1\/2&#8243; css=&#8220;.vc_custom_1603687617361{padding-top: 5px !important;padding-left: 5px !important;}&#8220; tm_responsive_css=&#8220;91707413|colbreak_no|||||||||colbreak_no|||||25px|||15px|colbreak_no||||||||||colbreak_no|||||||||&#8220;][vc_single_image image=&#8220;99&#8243; img_size=&#8220;full&#8220; alignment=&#8220;right&#8220;][\/vc_column_inner][\/vc_row_inner][\/vc_tta_section][\/vc_tta_tabs][\/vc_column][\/vc_row][vc_row tm_bgcolor=&#8220;darkgrey&#8220; tm_bgimagefixed=&#8220;&#8220; break_in_responsive=&#8220;991&#8243; tm_zindex=&#8220;2&#8243; equal_height=&#8220;yes&#8220; css=&#8220;.vc_custom_1603515138189{padding-top: 0px !important;padding-bottom: 0px !important;}&#8220;][vc_column width=&#8220;1\/2&#8243; css=&#8220;.vc_custom_1628840908149{padding-top: 50px !important;padding-bottom: 40px !important;}&#8220; tm_responsive_css=&#8220;72264376|colbreak_no|||||||||colbreak_no|||||15px||0px||colbreak_no||||||||||colbreak_no|||||||||&#8220;][vc_row_inner css=&#8220;.vc_custom_1603515249134{margin-left: -382px !important;}&#8220; tm_responsive_css=&#8220;87089504|colbreak_no|||||||||colbreak_no||||-15px|||||colbreak_no||||||||||colbreak_no|||||||||&#8220;][vc_column_inner][vc_single_image image=&#8220;100&#8243; img_size=&#8220;full&#8220;][\/vc_column_inner][\/vc_row_inner][\/vc_column][vc_column tm_textcolor=&#8220;white&#8220; tm_bgcolor=&#8220;darkgrey&#8220; tm_col_bg_expand=&#8220;right&#8220; tm_zindex=&#8220;1&#8243; width=&#8220;1\/2&#8243; css=&#8220;.vc_custom_1602071655172{padding-top: 120px !important;padding-bottom: 70px !important;padding-left: 30px !important;}&#8220; tm_responsive_css=&#8220;90093343|colbreak_no|||||30px|15px|20px|15px|colbreak_no|||||||||colbreak_no||||||||||colbreak_no|||||||||&#8220;][vc_row_inner css=&#8220;.vc_custom_1603710799955{padding-right: 25px !important;}&#8220; tm_responsive_css=&#8220;63919401|colbreak_no|||||||||colbreak_no||||||0px|||colbreak_no||||||||||colbreak_no|||||||||&#8220;][vc_column_inner][vc_column_text]<\/p>\n<h2 style=\"font-size: 1.6em; text-align: left;\">Entdecken Sie unsere<br \/>\nDienste per Video<\/h2>\n<p>Unsere vielf\u00e4ltigen Hilfs- und Pflegeleistungen k\u00f6nnen Sie in unseren Videos entdecken. Z\u00f6gern Sie bitte nicht uns zu kontaktieren, wenn Sie Hilfe brauchen oder sich alleine f\u00fchlen. Zusammen finden wir DIE f\u00fcr Sie richtige L\u00f6sung.[\/vc_column_text][vc_separator color=&#8220;custom&#8220; accent_color=&#8220;rgba(255,255,255,0.09)&#8220; css=&#8220;.vc_custom_1602072042703{margin-bottom: 45px !important;padding-top: 5px !important;}&#8220;]\r\n\t\t<div class=\"tm-vc_btn3-container tm-vc_btn3-center\"><a class=\"tm-vc_general tm-vc_btn3 tm-vc_btn3-size-md tm-vc_btn3-shape-rounded tm-vc_btn3-style-flat tm-vc_btn3-weight-no tm-vc_btn3-color-skincolor\" href=\"https:\/\/shd.inside-maquette.com\/de\/dokumentation\/videos\/\" title=\"Vid\u00e9os\">Entdecken Sie alle Videos<\/a><\/div>[\/vc_column_inner][\/vc_row_inner][\/vc_column][\/vc_row]<\/p>\n","protected":false},"excerpt":{"rendered":"<p>[vc_row tm_bgimagefixed=&#8220;&#8220;][vc_column width=&#8220;1\/4&#8243; offset=&#8220;vc_hidden-md vc_hidden-sm vc_hidden-xs&#8220;][vc_single_image image=&#8220;26&#8243; alignment=&#8220;center&#8220;][\/vc_column][vc_column width=&#8220;3\/4&#8243; offset=&#8220;vc_hidden-md vc_hidden-sm vc_hidden-xs&#8220;][vc_column_text css=&#8220;.vc_custom_1640872745883{margin-bottom: 1em !important;}&#8220;] Die Stiftung [\/vc_column_text][vc_column_text el_class=&#8220;introdarkblue&#8220;]M\u00ebnschlech a kompetent &#8211; menschlich und kompetent ist das Motto der Mitarbeiter der St\u00ebftung H\u00ebllef Doheem, einer als gemeinn\u00fctzig anerkannten Stiftung. Die St\u00ebftung H\u00ebllef Doheem bietet seit 1999 hochwertige pers\u00f6nliche Hilfe und Pflege an. Die Hauptziele der &hellip; <a href=\"https:\/\/shd.inside-maquette.com\/de\/die-stiftung\/\" class=\"more-link\">Continue reading <span class=\"screen-reader-text\">Die Stiftung<\/span><\/a><\/p>\n","protected":false},"author":1,"featured_media":0,"parent":0,"menu_order":0,"comment_status":"closed","ping_status":"closed","template":"","meta":{"footnotes":""},"class_list":["post-407","page","type-page","status-publish","hentry"],"yoast_head":"<!-- This site is optimized with the Yoast SEO plugin v27.4 - https:\/\/yoast.com\/product\/yoast-seo-wordpress\/ -->\n<title>Die Stiftung - St\u00ebftung H\u00ebllef Doheem<\/title>\n<meta name=\"robots\" content=\"index, follow, max-snippet:-1, max-image-preview:large, max-video-preview:-1\" \/>\n<link rel=\"canonical\" href=\"https:\/\/shd.inside-maquette.com\/de\/die-stiftung\/\" \/>\n<meta property=\"og:locale\" content=\"de_DE\" \/>\n<meta property=\"og:type\" content=\"article\" \/>\n<meta property=\"og:title\" content=\"Die Stiftung - St\u00ebftung H\u00ebllef Doheem\" \/>\n<meta property=\"og:description\" content=\"[vc_row tm_bgimagefixed=&#8220;&#8220;][vc_column width=&#8220;1\/4&#8243; offset=&#8220;vc_hidden-md vc_hidden-sm vc_hidden-xs&#8220;][vc_single_image image=&#8220;26&#8243; alignment=&#8220;center&#8220;][\/vc_column][vc_column width=&#8220;3\/4&#8243; offset=&#8220;vc_hidden-md vc_hidden-sm vc_hidden-xs&#8220;][vc_column_text css=&#8220;.vc_custom_1640872745883{margin-bottom: 1em !important;}&#8220;] Die Stiftung [\/vc_column_text][vc_column_text el_class=&#8220;introdarkblue&#8220;]M\u00ebnschlech a kompetent &#8211; menschlich und kompetent ist das Motto der Mitarbeiter der St\u00ebftung H\u00ebllef Doheem, einer als gemeinn\u00fctzig anerkannten Stiftung. Die St\u00ebftung H\u00ebllef Doheem bietet seit 1999 hochwertige pers\u00f6nliche Hilfe und Pflege an. Die Hauptziele der &hellip; Continue reading Die Stiftung\" \/>\n<meta property=\"og:url\" content=\"https:\/\/shd.inside-maquette.com\/de\/die-stiftung\/\" \/>\n<meta property=\"og:site_name\" content=\"St\u00ebftung H\u00ebllef Doheem\" \/>\n<meta property=\"article:modified_time\" content=\"2023-02-16T07:41:30+00:00\" \/>\n<meta name=\"twitter:card\" content=\"summary_large_image\" \/>\n<meta name=\"twitter:label1\" content=\"Gesch\u00e4tzte Lesezeit\" \/>\n\t<meta name=\"twitter:data1\" content=\"4\u00a0Minuten\" \/>\n<script type=\"application\/ld+json\" class=\"yoast-schema-graph\">{\"@context\":\"https:\\\/\\\/schema.org\",\"@graph\":[{\"@type\":\"WebPage\",\"@id\":\"https:\\\/\\\/shd.inside-maquette.com\\\/de\\\/die-stiftung\\\/\",\"url\":\"https:\\\/\\\/shd.inside-maquette.com\\\/de\\\/die-stiftung\\\/\",\"name\":\"Die Stiftung - St\u00ebftung H\u00ebllef Doheem\",\"isPartOf\":{\"@id\":\"https:\\\/\\\/shd.inside-maquette.com\\\/#website\"},\"datePublished\":\"2022-01-10T16:14:40+00:00\",\"dateModified\":\"2023-02-16T07:41:30+00:00\",\"breadcrumb\":{\"@id\":\"https:\\\/\\\/shd.inside-maquette.com\\\/de\\\/die-stiftung\\\/#breadcrumb\"},\"inLanguage\":\"de\",\"potentialAction\":[{\"@type\":\"ReadAction\",\"target\":[\"https:\\\/\\\/shd.inside-maquette.com\\\/de\\\/die-stiftung\\\/\"]}]},{\"@type\":\"BreadcrumbList\",\"@id\":\"https:\\\/\\\/shd.inside-maquette.com\\\/de\\\/die-stiftung\\\/#breadcrumb\",\"itemListElement\":[{\"@type\":\"ListItem\",\"position\":1,\"name\":\"Accueil\",\"item\":\"https:\\\/\\\/shd.inside-maquette.com\\\/de\\\/\"},{\"@type\":\"ListItem\",\"position\":2,\"name\":\"Die Stiftung\"}]},{\"@type\":\"WebSite\",\"@id\":\"https:\\\/\\\/shd.inside-maquette.com\\\/#website\",\"url\":\"https:\\\/\\\/shd.inside-maquette.com\\\/\",\"name\":\"St\u00ebftung H\u00ebllef Doheem\",\"description\":\"Aides et soins au Luxembourg\",\"potentialAction\":[{\"@type\":\"SearchAction\",\"target\":{\"@type\":\"EntryPoint\",\"urlTemplate\":\"https:\\\/\\\/shd.inside-maquette.com\\\/?s={search_term_string}\"},\"query-input\":{\"@type\":\"PropertyValueSpecification\",\"valueRequired\":true,\"valueName\":\"search_term_string\"}}],\"inLanguage\":\"de\"}]}<\/script>\n<!-- \/ Yoast SEO plugin. -->","yoast_head_json":{"title":"Die Stiftung - St\u00ebftung H\u00ebllef Doheem","robots":{"index":"index","follow":"follow","max-snippet":"max-snippet:-1","max-image-preview":"max-image-preview:large","max-video-preview":"max-video-preview:-1"},"canonical":"https:\/\/shd.inside-maquette.com\/de\/die-stiftung\/","og_locale":"de_DE","og_type":"article","og_title":"Die Stiftung - St\u00ebftung H\u00ebllef Doheem","og_description":"[vc_row tm_bgimagefixed=&#8220;&#8220;][vc_column width=&#8220;1\/4&#8243; offset=&#8220;vc_hidden-md vc_hidden-sm vc_hidden-xs&#8220;][vc_single_image image=&#8220;26&#8243; alignment=&#8220;center&#8220;][\/vc_column][vc_column width=&#8220;3\/4&#8243; offset=&#8220;vc_hidden-md vc_hidden-sm vc_hidden-xs&#8220;][vc_column_text css=&#8220;.vc_custom_1640872745883{margin-bottom: 1em !important;}&#8220;] Die Stiftung [\/vc_column_text][vc_column_text el_class=&#8220;introdarkblue&#8220;]M\u00ebnschlech a kompetent &#8211; menschlich und kompetent ist das Motto der Mitarbeiter der St\u00ebftung H\u00ebllef Doheem, einer als gemeinn\u00fctzig anerkannten Stiftung. Die St\u00ebftung H\u00ebllef Doheem bietet seit 1999 hochwertige pers\u00f6nliche Hilfe und Pflege an. Die Hauptziele der &hellip; Continue reading Die Stiftung","og_url":"https:\/\/shd.inside-maquette.com\/de\/die-stiftung\/","og_site_name":"St\u00ebftung H\u00ebllef Doheem","article_modified_time":"2023-02-16T07:41:30+00:00","twitter_card":"summary_large_image","twitter_misc":{"Gesch\u00e4tzte Lesezeit":"4\u00a0Minuten"},"schema":{"@context":"https:\/\/schema.org","@graph":[{"@type":"WebPage","@id":"https:\/\/shd.inside-maquette.com\/de\/die-stiftung\/","url":"https:\/\/shd.inside-maquette.com\/de\/die-stiftung\/","name":"Die Stiftung - St\u00ebftung H\u00ebllef Doheem","isPartOf":{"@id":"https:\/\/shd.inside-maquette.com\/#website"},"datePublished":"2022-01-10T16:14:40+00:00","dateModified":"2023-02-16T07:41:30+00:00","breadcrumb":{"@id":"https:\/\/shd.inside-maquette.com\/de\/die-stiftung\/#breadcrumb"},"inLanguage":"de","potentialAction":[{"@type":"ReadAction","target":["https:\/\/shd.inside-maquette.com\/de\/die-stiftung\/"]}]},{"@type":"BreadcrumbList","@id":"https:\/\/shd.inside-maquette.com\/de\/die-stiftung\/#breadcrumb","itemListElement":[{"@type":"ListItem","position":1,"name":"Accueil","item":"https:\/\/shd.inside-maquette.com\/de\/"},{"@type":"ListItem","position":2,"name":"Die Stiftung"}]},{"@type":"WebSite","@id":"https:\/\/shd.inside-maquette.com\/#website","url":"https:\/\/shd.inside-maquette.com\/","name":"St\u00ebftung H\u00ebllef Doheem","description":"Aides et soins au Luxembourg","potentialAction":[{"@type":"SearchAction","target":{"@type":"EntryPoint","urlTemplate":"https:\/\/shd.inside-maquette.com\/?s={search_term_string}"},"query-input":{"@type":"PropertyValueSpecification","valueRequired":true,"valueName":"search_term_string"}}],"inLanguage":"de"}]}},"_links":{"self":[{"href":"https:\/\/shd.inside-maquette.com\/de\/wp-json\/wp\/v2\/pages\/407","targetHints":{"allow":["GET"]}}],"collection":[{"href":"https:\/\/shd.inside-maquette.com\/de\/wp-json\/wp\/v2\/pages"}],"about":[{"href":"https:\/\/shd.inside-maquette.com\/de\/wp-json\/wp\/v2\/types\/page"}],"author":[{"embeddable":true,"href":"https:\/\/shd.inside-maquette.com\/de\/wp-json\/wp\/v2\/users\/1"}],"replies":[{"embeddable":true,"href":"https:\/\/shd.inside-maquette.com\/de\/wp-json\/wp\/v2\/comments?post=407"}],"version-history":[{"count":0,"href":"https:\/\/shd.inside-maquette.com\/de\/wp-json\/wp\/v2\/pages\/407\/revisions"}],"wp:attachment":[{"href":"https:\/\/shd.inside-maquette.com\/de\/wp-json\/wp\/v2\/media?parent=407"}],"curies":[{"name":"wp","href":"https:\/\/api.w.org\/{rel}","templated":true}]}}