{"id":396,"date":"2022-01-10T16:19:35","date_gmt":"2022-01-10T16:19:35","guid":{"rendered":"https:\/\/shd.inside-maquette.com\/jobs\/"},"modified":"2022-12-22T11:57:24","modified_gmt":"2022-12-22T11:57:24","slug":"jobs","status":"publish","type":"page","link":"https:\/\/shd.inside-maquette.com\/de\/jobs\/","title":{"rendered":"Jobs"},"content":{"rendered":"<p>[vc_row tm_bgimagefixed=&#8220;&#8220;][vc_column width=&#8220;1\/4&#8243; offset=&#8220;vc_hidden-md vc_hidden-sm vc_hidden-xs&#8220;][vc_single_image image=&#8220;728&#8243; img_size=&#8220;full&#8220; alignment=&#8220;center&#8220;][\/vc_column][vc_column width=&#8220;3\/4&#8243; offset=&#8220;vc_hidden-md vc_hidden-sm vc_hidden-xs&#8220;][vc_column_text]<\/p>\n<h1 class=\"tm-custom-heading \">Jobs<\/h1>\n<p>[\/vc_column_text][vc_empty_space height=&#8220;16px&#8220;][vc_column_text el_class=&#8220;introdarkblue&#8220;]Mit mehr als 2000 hochqualifizierten Mitarbeitern ist die <i>St\u00ebftung H\u00ebllef Doheem<\/i> das gr\u00f6\u00dfte Netzwerk f\u00fcr h\u00e4usliche Hilfe und Pflege in Luxembourg. <b>Werden auch sie Teil unseres Teams.<\/b>[\/vc_column_text][\/vc_column][\/vc_row][vc_row tm_bgimagefixed=&#8220;&#8220;][vc_column width=&#8220;1\/4&#8243; offset=&#8220;vc_hidden-lg&#8220;][vc_single_image image=&#8220;1049&#8243; img_size=&#8220;100&#215;100&#8243; alignment=&#8220;center&#8220;][\/vc_column][vc_column width=&#8220;3\/4&#8243; offset=&#8220;vc_hidden-lg&#8220;][vc_column_text css=&#8220;.vc_custom_1631605914466{margin-bottom: 1em !important;}&#8220;]<\/p>\n<h1 style=\"font-size: 2em; text-align: center;\">Jobs<\/h1>\n<p>[\/vc_column_text][vc_column_text el_class=&#8220;introdarkblue&#8220;]<\/p>\n<p style=\"text-align: center;\"><span style=\"font-weight: 400;\">Mit mehr als 1.900 hochqualifizierten Mitarbeitern ist die <\/span><i><span style=\"font-weight: 400;\">St\u00ebftung H\u00ebllef Doheem<\/span><\/i><span style=\"font-weight: 400;\"> das gr\u00f6\u00dfte Netzwerk f\u00fcr h\u00e4usliche Hilfe und Pflege in Luxembourg. <\/span><b>Werden auch sie Teil unseres Teams.<\/b><\/p>\n<p>[\/vc_column_text][\/vc_column][\/vc_row][vc_row tm_bgimagefixed=&#8220;&#8220;][vc_column][vc_separator border_width=&#8220;2&#8243; css=&#8220;.vc_custom_1635866921674{margin-top: 1em !important;margin-bottom: 1em !important;}&#8220;][\/vc_column][\/vc_row][vc_row tm_bgimagefixed=&#8220;&#8220; css=&#8220;.vc_custom_1635443159198{margin-bottom: 1em !important;}&#8220;][vc_column][vc_single_image image=&#8220;98&#8243; img_size=&#8220;full&#8220; alignment=&#8220;center&#8220; css=&#8220;.vc_custom_1635443073161{margin-bottom: 1em !important;}&#8220;][\/vc_column][\/vc_row][vc_row tm_bgimagefixed=&#8220;&#8220; content_placement=&#8220;middle&#8220; css=&#8220;.vc_custom_1653913086275{padding-top: 30px !important;padding-bottom: 40px !important;}&#8220; tm_responsive_css=&#8220;34573578|colbreak_no|||||||||colbreak_no|||||||0px||colbreak_no||||||||||colbreak_no|||||||||&#8220;][vc_column width=&#8220;1\/2&#8243;][vc_column_text]<\/p>\n<h3 style=\"font-size: 1.4em; line-height: 1.2em;\">Unsere Stellenangebote<\/h3>\n<p>[\/vc_column_text]\r\n\t\t<div class=\"tm-vc_btn3-container tm-vc_btn3-inline\"><a class=\"tm-vc_general tm-vc_btn3 tm-vc_btn3-size-md tm-vc_btn3-shape-rounded tm-vc_btn3-style-flat tm-vc_btn3-weight-no tm-vc_btn3-color-skincolor\" href=\"https:\/\/candidatures.shd.lu\/persis\/public?fn=lang&#038;action=change&#038;switchonly=1&#038;lang=952&#038;redir=(BE(P2ZuPW5leHQuam9iLXBvc3RpbmcmYWN0aW9uPW92ZXJ2aWV3JmNvbmZpZ0tleT1TSERfSW50ZXJuZXQ(1\" title=\"Offres d\u2019emploi ouvertes\" target=\"_blank\">Unsere Stellenangebote<\/a><\/div>[vc_column_text]Wenn Sie interessiert sind, Ihre Karri\u00e8re in der Pflege zu machen, sind wir der ideale Arbeitgeber f\u00fcr Sie. Wir bieten viele M\u00f6glichkeiten, vor allem f\u00fcr examinierte PflegerInnen, uns das bis hin zu F\u00fchrungsposten.<\/p>\n<p>Schreiben Sie uns gerne auch spontan einen Motivationsbrief und f\u00fcgen Sie bitte einen Lebenslauf dazu.[\/vc_column_text][vc_single_image image=&#8220;495&#8243; img_size=&#8220;medium&#8220; alignment=&#8220;center&#8220; onclick=&#8220;custom_link&#8220; img_link_target=&#8220;_blank&#8220; link=&#8220;https:\/\/candidatures.shd.lu\/persis\/public?fn=lang&amp;action=change&amp;switchonly=1&amp;lang=952&amp;redir=(BE(P2ZuPW5leHQuam9iLXBvc3RpbmcmYWN0aW9uPW92ZXJ2aWV3JmNvbmZpZ0tleT1TSERfSW50ZXJuZXQ(1&#8243;][\/vc_column][vc_column width=&#8220;1\/2&#8243;][vc_column_text]<\/p>\n<h3 style=\"font-size: 1.4em; line-height: 1.2em;\">Wir suchen regelm\u00e4\u00dfig<\/h3>\n<p>[\/vc_column_text]<ul class=\"tm-list tm-list-style-icon tm-list-icon-color-skincolor tm- tm-icon-skincolor tm-list-textsize- tm-list-icon-library-fontawesome\"><li><i class=\"tm-skincolor fa fa-caret-right\"><\/i>  <span class=\"tm-list-li-content\">Gesundheits- und KrankenpflegerInnen (m\/w\/d)<\/span><\/li><li><i class=\"tm-skincolor fa fa-caret-right\"><\/i>  <span class=\"tm-list-li-content\">AltenpflegerInnen (m\/w\/d)<\/span><\/li><li><i class=\"tm-skincolor fa fa-caret-right\"><\/i>  <span class=\"tm-list-li-content\"> Aides socio-familiales (m\/w\/d)<\/span><\/li><li><i class=\"tm-skincolor fa fa-caret-right\"><\/i>  <span class=\"tm-list-li-content\">Verwaltungspersonal (m\/w\/d)<\/span><\/li><li><i class=\"tm-skincolor fa fa-caret-right\"><\/i>  <span class=\"tm-list-li-content\">PraktikantInnen (m\/w\/d)<\/span><\/li><li><i class=\"tm-skincolor fa fa-caret-right\"><\/i>  <span class=\"tm-list-li-content\">StudentInnenn (m\/w\/d)<\/span><\/li><li><i class=\"tm-skincolor fa fa-caret-right\"><\/i>  <span class=\"tm-list-li-content\">F\u00fchrungskr\u00e4fte (m\/w\/d)<\/span><\/li><li><i class=\"tm-skincolor fa fa-caret-right\"><\/i>  <span class=\"tm-list-li-content\">Auszubildende (m\/w\/d)<\/span><\/li><\/ul><h4 style=\"text-align:left;\" class=\"tm-custom-heading \" >Online-Initiativbewerbung:<\/h4>\n\r\n\t\t<div class=\"tm-vc_btn3-container  bouton-media tm-vc_btn3-left\"><a class=\"tm-vc_general tm-vc_btn3 tm-vc_btn3-size-md tm-vc_btn3-shape-rounded tm-vc_btn3-style-flat tm-vc_btn3-weight-no tm-vc_btn3-block tm-vc_btn3-color-skincolor\" href=\"https:\/\/candidatures.shd.lu\/persis\/public?fn=next.job-application&#038;action=apply&#038;configKey=(BE(U0hEX0NBTkRfU1BPTg(1(1&#038;jobPostingId=10217692&#038;pd_id=PD_MGorbHVYSkVqOGhOYjdpa1VaM0lCUT09&#038;__rdf=1\" title=\"\" target=\"_blank\">Bewerben<\/a><\/div><h4 style=\"text-align:left;\" class=\"tm-custom-heading \" >Initiativbewerbung per E-Mail:<\/h4>\n\r\n\t\t<div class=\"tm-vc_btn3-container  bouton-media tm-vc_btn3-inline\"><a class=\"tm-vc_general tm-vc_btn3 tm-vc_btn3-size-md tm-vc_btn3-shape-rounded tm-vc_btn3-style-flat tm-vc_btn3-weight-no tm-vc_btn3-color-skincolor\" href=\"mailto:%20recrutement@shd.lu\" title=\"\">Bewerben<\/a><\/div>[\/vc_column][\/vc_row][vc_row tm_bgimagefixed=&#8220;&#8220; tm_responsive_css=&#8220;34573578|colbreak_no|||||||||colbreak_no|||||||0px||colbreak_no||||||||||colbreak_no|||||||||&#8220;][vc_column width=&#8220;2\/3&#8243;][vc_row_inner][vc_column_inner css=&#8220;.vc_custom_1629719230445{margin-right: 2em !important;}&#8220;][vc_column_text]<\/p>\n<h2 style=\"font-size: 1.6em; line-height: 1.2em;\">H\u00ebllef Doheem, wir sind:<\/h2>\n<p>[\/vc_column_text][\/vc_column_inner][\/vc_row_inner]<ul class=\"tm-list tm-list-style-icon tm-list-icon-color-skincolor tm- tm-icon-skincolor tm-list-textsize- tm-list-icon-library-fontawesome\"><li><i class=\"tm-skincolor fa fa-caret-right\"><\/i>  <span class=\"tm-list-li-content\">seit 1999 das gr\u00f6\u00dfte Netzwerk f\u00fcr Hilfs- und Pflegeleistungen in Luxemburg<\/span><\/li><li><i class=\"tm-skincolor fa fa-caret-right\"><\/i>  <span class=\"tm-list-li-content\">der 17. gr\u00f6\u00dfte nationale Arbeitgeber<\/span><\/li><li><i class=\"tm-skincolor fa fa-caret-right\"><\/i>  <span class=\"tm-list-li-content\"> in allen Regionen des Landes pr\u00e4sent mit 21 Zentren und 10 Tagesst\u00e4tten<\/span><\/li><li><i class=\"tm-skincolor fa fa-caret-right\"><\/i>  <span class=\"tm-list-li-content\">Benutzer einer 100% digitalisierten Pflegeakte<\/span><\/li><\/ul>[\/vc_column][vc_column width=&#8220;1\/3&#8243;][\/vc_column][\/vc_row][vc_row tm_bgimagefixed=&#8220;&#8220; css=&#8220;.vc_custom_1603715359298{padding-top: 30px !important;padding-bottom: 40px !important;}&#8220; tm_responsive_css=&#8220;34573578|colbreak_no|||||||||colbreak_no|||||||0px||colbreak_no||||||||||colbreak_no|||||||||&#8220;][vc_column width=&#8220;1\/2&#8243;][vc_column_text]<\/p>\n<h3 style=\"font-size: 1.4em; line-height: 1.2em;\">Wir bieten Ihnen:<\/h3>\n<p>[\/vc_column_text]<ul class=\"tm-list tm-list-style-icon tm-list-icon-color-skincolor tm- tm-icon-skincolor tm-list-textsize- tm-list-icon-library-fontawesome\"><li><i class=\"tm-skincolor fa fa-caret-right\"><\/i>  <span class=\"tm-list-li-content\">mehrere Arbeitszeitmodelle<\/span><\/li><li><i class=\"tm-skincolor fa fa-caret-right\"><\/i>  <span class=\"tm-list-li-content\">eine ausgefeilte Gesundheitskultur am Arbeitsplatz<\/span><\/li><li><i class=\"tm-skincolor fa fa-caret-right\"><\/i>  <span class=\"tm-list-li-content\">ein dynamisches Arbeitsumfeld<\/span><\/li><li><i class=\"tm-skincolor fa fa-caret-right\"><\/i>  <span class=\"tm-list-li-content\">interdisziplin\u00e4re und multikulturelle Teams<\/span><\/li><li><i class=\"tm-skincolor fa fa-caret-right\"><\/i>  <span class=\"tm-list-li-content\">ein Gehalt gem\u00e4\u00df dem Kollektivvertrag des Pflegesektors SAS<\/span><\/li><li><i class=\"tm-skincolor fa fa-caret-right\"><\/i>  <span class=\"tm-list-li-content\">34 Tage Urlaub im Jahr (CCT SAS)<\/span><\/li><\/ul>[\/vc_column][vc_column width=&#8220;1\/2&#8243;][vc_column_text]<\/p>\n<h3 style=\"font-size: 1.4em; line-height: 1.2em;\">Wir unterst\u00fctzen Ihre Weiterbildung:<\/h3>\n<p>[\/vc_column_text]<ul class=\"tm-list tm-list-style-icon tm-list-icon-color-skincolor tm- tm-icon-skincolor tm-list-textsize- tm-list-icon-library-fontawesome\"><li><i class=\"tm-skincolor fa fa-caret-right\"><\/i>  <span class=\"tm-list-li-content\">40 Stunden\/Jahr bei Vollzeitstelle f\u00fcr PflegerInnen<\/span><\/li><li><i class=\"tm-skincolor fa fa-caret-right\"><\/i>  <span class=\"tm-list-li-content\">24 Stunden\/Jahr bei Vollzeitstelle f\u00fcr administrative Kr\u00e4fte<\/span><\/li><li><i class=\"tm-skincolor fa fa-caret-right\"><\/i>  <span class=\"tm-list-li-content\">M\u00f6glichkeit berufsbegleitende Studieng\u00e4nge zu belegen<\/span><\/li><li><i class=\"tm-skincolor fa fa-caret-right\"><\/i>  <span class=\"tm-list-li-content\">Ausbildungen\/Praktika<\/span><\/li><li><i class=\"tm-skincolor fa fa-caret-right\"><\/i>  <span class=\"tm-list-li-content\">StudentInnenn (m\/w\/d)<\/span><\/li><li><i class=\"tm-skincolor fa fa-caret-right\"><\/i>  <span class=\"tm-list-li-content\">F\u00fchrungskr\u00e4fte (m\/w\/d)<\/span><\/li><li><i class=\"tm-skincolor fa fa-caret-right\"><\/i>  <span class=\"tm-list-li-content\">Auszubildende (m\/w\/d)<\/span><\/li><\/ul>[\/vc_column][\/vc_row][vc_row tm_bgimagefixed=&#8220;&#8220; css=&#8220;.vc_custom_1629808557426{margin-top: 2em !important;}&#8220; tm_responsive_css=&#8220;34573578|colbreak_no|||||||||colbreak_no|||||||0px||colbreak_no||||||||||colbreak_no|||||||||&#8220;][vc_column width=&#8220;2\/3&#8243;][vc_column_text]<\/p>\n<h2 style=\"font-size: 1.6em; line-height: 1.3em;\">Wir f\u00f6rdern und entwickeln die F\u00e4higkeiten und Fertigkeiten unserer Mitarbeiter<\/h2>\n<p>[\/vc_column_text][\/vc_column][vc_column width=&#8220;1\/3&#8243;][\/vc_column][\/vc_row][vc_row tm_bgimagefixed=&#8220;&#8220; css=&#8220;.vc_custom_1637074763738{margin-bottom: 1em !important;}&#8220; tm_responsive_css=&#8220;34573578|colbreak_no|||||||||colbreak_no|||||||0px||colbreak_no||||||||||colbreak_no|||||||||&#8220;][vc_column][vc_row_inner css=&#8220;.vc_custom_1603193161590{padding-top: 15px !important;}&#8220;][vc_column_inner width=&#8220;2\/3&#8243;][vc_column_text]<span style=\"font-weight: 400;\">F\u00fcr unsere mehr als 2000 Mitarbeiter bieten wir viele attraktive <\/span><b>Karrierem\u00f6glichkeiten<\/b><span style=\"font-weight: 400;\"> f\u00fcr alle, die entschlossen sind, ihre <\/span><b>F\u00e4higkeiten weiterzuentwickeln<\/b><span style=\"font-weight: 400;\">. Zur F\u00f6rderung unserer Mitarbeiter bieten wir <\/span><b>regelm\u00e4\u00dfig Schulungen, Unterst\u00fctzung und Supervisionen<\/b><span style=\"font-weight: 400;\"> an.<\/span><\/p>\n<p><span style=\"font-weight: 400;\">Unser kontinuierliches <\/span><b>Ausbildungsprogramm<\/b><span style=\"font-weight: 400;\"> ist sehr ausgepr\u00e4gt und erm\u00f6glicht es jedem, sich in seinem Beruf zu verwirklichen. Ihr Erfolg ist unsere Passion.<\/span><\/p>\n<p>Die Weiterbildungsabteilung bietet Ihnen auch die M\u00f6glichkeit <b>neue Formationen mit zu entwickeln<\/b><span style=\"font-weight: 400;\"> und als <\/span><b>interner Trainer<\/b><span style=\"font-weight: 400;\"> Ihr Wissen weiterzugeben.<\/span><\/p>\n<p><b>Nach dem geltenden Tarifvertrag haben alle Mitarbeiter Anspruch auf kontinuierliche Weiterbildung<\/b><span style=\"font-weight: 400;\">:<\/span><\/p>\n<ul>\n<li style=\"font-weight: 400;\" aria-level=\"1\"><span style=\"font-weight: 400;\">40 Stunden\/Jahr f\u00fcr eine Vollzeitstelle (anteilig nach Nutzungszeit) f\u00fcr Pflegekr\u00e4fte<\/span><\/li>\n<li style=\"font-weight: 400;\" aria-level=\"1\"><span style=\"font-weight: 400;\">24 Stunden\/Jahr f\u00fcr das Verwaltungspersonal<\/span><\/li>\n<\/ul>\n<p><span style=\"font-weight: 400;\">Alle Weiterbildungen finden nat\u00fcrlich unter strikter Einhaltung der geltenden <\/span><b>Hygieneregeln<\/b><span style=\"font-weight: 400;\"> statt.<\/span>[\/vc_column_text][\/vc_column_inner][vc_column_inner width=&#8220;1\/3&#8243; css=&#8220;.vc_custom_1603194428964{padding-top: 5px !important;}&#8220;][vc_single_image image=&#8220;96&#8243; img_size=&#8220;423&#215;375&#8243; alignment=&#8220;right&#8220;][vc_empty_space][vc_single_image image=&#8220;136&#8243; img_size=&#8220;423&#215;375&#8243; alignment=&#8220;right&#8220;][\/vc_column_inner][\/vc_row_inner][\/vc_column][\/vc_row][vc_row tm_bgimagefixed=&#8220;&#8220; css=&#8220;.vc_custom_1635163538110{margin-top: 2em !important;padding-top: 1em !important;padding-bottom: 1em !important;background-color: #ebe9e9 !important;}&#8220; tm_responsive_css=&#8220;34573578|colbreak_no|||||||||colbreak_no|||||||0px||colbreak_no||||||||||colbreak_no|||||||||&#8220;][vc_column width=&#8220;2\/3&#8243;][vc_column_text css=&#8220;.vc_custom_1635442614396{margin-bottom: 1em !important;}&#8220;]<\/p>\n<h3 style=\"font-size: 1.4em; line-height: 1.3em;\">Wir sind akkreditiert, Weiterbildungskurse zu organisieren<\/h3>\n<p>[\/vc_column_text][vc_column_text]<span style=\"font-weight: 400;\">Zu diesem Zweck bieten wir <\/span><b>verschiedene Arten<\/b><span style=\"font-weight: 400;\"> von Fortbildungen an:<\/span><\/p>\n<ul>\n<li style=\"font-weight: 400;\" aria-level=\"1\"><span style=\"font-weight: 400;\">Ausbildungen mit <\/span><b>staatlich anerkanntem Abschluss<\/b><span style=\"font-weight: 400;\"> wie bspw. &#8222;Sensibilisierung f\u00fcr die Palliativmedizin&#8220; oder &#8222;Demenz-Grundkurs&#8220;.<\/span><\/li>\n<li style=\"font-weight: 400;\" aria-level=\"1\"><b>Spezifische Schulungen<\/b><span style=\"font-weight: 400;\">, die auf die Bed\u00fcrfnisse unserer Klienten und Mitarbeiter zugeschnitten sind, wie beispielsweise:<\/span><\/li>\n<\/ul>\n<p>[\/vc_column_text]<ul class=\"tm-list tm-list-style-icon tm-list-icon-color-skincolor tm- tm-icon-skincolor tm-list-textsize- tm-list-icon-library-fontawesome vc_custom_1634906546628\"><li><i class=\"tm-skincolor fa fa-caret-right\"><\/i>  <span class=\"tm-list-li-content\">Diabetes<\/span><\/li><li><i class=\"tm-skincolor fa fa-caret-right\"><\/i>  <span class=\"tm-list-li-content\">Wundmanagement\n<\/span><\/li><li><i class=\"tm-skincolor fa fa-caret-right\"><\/i>  <span class=\"tm-list-li-content\">Schmerzbehandlung\n<\/span><\/li><li><i class=\"tm-skincolor fa fa-caret-right\"><\/i>  <span class=\"tm-list-li-content\">Ordnungsgem\u00e4\u00dfe Verwaltung von Arzneimitteln\n<\/span><\/li><li><i class=\"tm-skincolor fa fa-caret-right\"><\/i>  <span class=\"tm-list-li-content\">Sturzprophylaxe<\/span><\/li><li><i class=\"tm-skincolor fa fa-caret-right\"><\/i>  <span class=\"tm-list-li-content\">R\u00fcckenschule\n<\/span><\/li><li><i class=\"tm-skincolor fa fa-caret-right\"><\/i>  <span class=\"tm-list-li-content\">Fahrsicherheitstraining\n<\/span><\/li><li><i class=\"tm-skincolor fa fa-caret-right\"><\/i>  <span class=\"tm-list-li-content\">Kommunikation\n<\/span><\/li><li><i class=\"tm-skincolor fa fa-caret-right\"><\/i>  <span class=\"tm-list-li-content\">Stressbew\u00e4ltigung<\/span><\/li><\/ul>[vc_column_text]<\/p>\n<ul>\n<li style=\"font-weight: 400;\" aria-level=\"1\"><b>Unterst\u00fctzung bei pers\u00f6nlichen Projekten<\/b><span style=\"font-weight: 400;\"> zum Erlangen eines zertifizierten Abschlusses. (z.B. Management, Administration, IT, Technik)<\/span><\/li>\n<\/ul>\n<p>[\/vc_column_text][\/vc_column][vc_column width=&#8220;1\/3&#8243; tm_responsive_css=&#8220;62016856|colbreak_no|||||||||colbreak_no|1em||1em||||||colbreak_no|1em||1em|||||||colbreak_no|||||||||&#8220;][vc_single_image image=&#8220;97&#8243; img_size=&#8220;423&#215;375&#8243; alignment=&#8220;right&#8220;][vc_empty_space][\/vc_column][\/vc_row]<\/p>\n","protected":false},"excerpt":{"rendered":"<p>[vc_row tm_bgimagefixed=&#8220;&#8220;][vc_column width=&#8220;1\/4&#8243; offset=&#8220;vc_hidden-md vc_hidden-sm vc_hidden-xs&#8220;][vc_single_image image=&#8220;728&#8243; img_size=&#8220;full&#8220; alignment=&#8220;center&#8220;][\/vc_column][vc_column width=&#8220;3\/4&#8243; offset=&#8220;vc_hidden-md vc_hidden-sm vc_hidden-xs&#8220;][vc_column_text] Jobs [\/vc_column_text][vc_empty_space height=&#8220;16px&#8220;][vc_column_text el_class=&#8220;introdarkblue&#8220;]Mit mehr als 2000 hochqualifizierten Mitarbeitern ist die St\u00ebftung H\u00ebllef Doheem das gr\u00f6\u00dfte Netzwerk f\u00fcr h\u00e4usliche Hilfe und Pflege in Luxembourg. Werden auch sie Teil unseres Teams.[\/vc_column_text][\/vc_column][\/vc_row][vc_row tm_bgimagefixed=&#8220;&#8220;][vc_column width=&#8220;1\/4&#8243; offset=&#8220;vc_hidden-lg&#8220;][vc_single_image image=&#8220;1049&#8243; img_size=&#8220;100&#215;100&#8243; alignment=&#8220;center&#8220;][\/vc_column][vc_column width=&#8220;3\/4&#8243; offset=&#8220;vc_hidden-lg&#8220;][vc_column_text css=&#8220;.vc_custom_1631605914466{margin-bottom: 1em !important;}&#8220;] Jobs &hellip; <a href=\"https:\/\/shd.inside-maquette.com\/de\/jobs\/\" class=\"more-link\">Continue reading <span class=\"screen-reader-text\">Jobs<\/span><\/a><\/p>\n","protected":false},"author":1,"featured_media":0,"parent":0,"menu_order":0,"comment_status":"closed","ping_status":"closed","template":"","meta":{"footnotes":""},"class_list":["post-396","page","type-page","status-publish","hentry"],"yoast_head":"<!-- This site is optimized with the Yoast SEO plugin v27.4 - https:\/\/yoast.com\/product\/yoast-seo-wordpress\/ -->\n<title>Jobs - St\u00ebftung H\u00ebllef Doheem<\/title>\n<meta name=\"description\" content=\"Mit mehr als 2000 hochqualifizierten Mitarbeitern ist die St\u00ebftung H\u00ebllef Doheem das gr\u00f6\u00dfte Netzwerk f\u00fcr h\u00e4usliche Hilfe und Pflege in Luxembourg. Werden auch sie Teil unseres Teams.\" \/>\n<meta name=\"robots\" content=\"index, follow, max-snippet:-1, max-image-preview:large, max-video-preview:-1\" \/>\n<link rel=\"canonical\" href=\"https:\/\/shd.inside-maquette.com\/de\/jobs\/\" \/>\n<meta property=\"og:locale\" content=\"de_DE\" \/>\n<meta property=\"og:type\" content=\"article\" \/>\n<meta property=\"og:title\" content=\"Jobs - St\u00ebftung H\u00ebllef Doheem\" \/>\n<meta property=\"og:description\" content=\"Mit mehr als 2000 hochqualifizierten Mitarbeitern ist die St\u00ebftung H\u00ebllef Doheem das gr\u00f6\u00dfte Netzwerk f\u00fcr h\u00e4usliche Hilfe und Pflege in Luxembourg. Werden auch sie Teil unseres Teams.\" \/>\n<meta property=\"og:url\" content=\"https:\/\/shd.inside-maquette.com\/de\/jobs\/\" \/>\n<meta property=\"og:site_name\" content=\"St\u00ebftung H\u00ebllef Doheem\" \/>\n<meta property=\"article:modified_time\" content=\"2022-12-22T11:57:24+00:00\" \/>\n<meta name=\"twitter:card\" content=\"summary_large_image\" \/>\n<meta name=\"twitter:label1\" content=\"Gesch\u00e4tzte Lesezeit\" \/>\n\t<meta name=\"twitter:data1\" content=\"3\u00a0Minuten\" \/>\n<script type=\"application\/ld+json\" class=\"yoast-schema-graph\">{\"@context\":\"https:\\\/\\\/schema.org\",\"@graph\":[{\"@type\":\"WebPage\",\"@id\":\"https:\\\/\\\/shd.inside-maquette.com\\\/de\\\/jobs\\\/\",\"url\":\"https:\\\/\\\/shd.inside-maquette.com\\\/de\\\/jobs\\\/\",\"name\":\"Jobs - St\u00ebftung H\u00ebllef Doheem\",\"isPartOf\":{\"@id\":\"https:\\\/\\\/shd.inside-maquette.com\\\/#website\"},\"datePublished\":\"2022-01-10T16:19:35+00:00\",\"dateModified\":\"2022-12-22T11:57:24+00:00\",\"description\":\"Mit mehr als 2000 hochqualifizierten Mitarbeitern ist die St\u00ebftung H\u00ebllef Doheem das gr\u00f6\u00dfte Netzwerk f\u00fcr h\u00e4usliche Hilfe und Pflege in Luxembourg. Werden auch sie Teil unseres Teams.\",\"breadcrumb\":{\"@id\":\"https:\\\/\\\/shd.inside-maquette.com\\\/de\\\/jobs\\\/#breadcrumb\"},\"inLanguage\":\"de\",\"potentialAction\":[{\"@type\":\"ReadAction\",\"target\":[\"https:\\\/\\\/shd.inside-maquette.com\\\/de\\\/jobs\\\/\"]}]},{\"@type\":\"BreadcrumbList\",\"@id\":\"https:\\\/\\\/shd.inside-maquette.com\\\/de\\\/jobs\\\/#breadcrumb\",\"itemListElement\":[{\"@type\":\"ListItem\",\"position\":1,\"name\":\"Accueil\",\"item\":\"https:\\\/\\\/shd.inside-maquette.com\\\/de\\\/\"},{\"@type\":\"ListItem\",\"position\":2,\"name\":\"Jobs\"}]},{\"@type\":\"WebSite\",\"@id\":\"https:\\\/\\\/shd.inside-maquette.com\\\/#website\",\"url\":\"https:\\\/\\\/shd.inside-maquette.com\\\/\",\"name\":\"St\u00ebftung H\u00ebllef Doheem\",\"description\":\"Aides et soins au Luxembourg\",\"potentialAction\":[{\"@type\":\"SearchAction\",\"target\":{\"@type\":\"EntryPoint\",\"urlTemplate\":\"https:\\\/\\\/shd.inside-maquette.com\\\/?s={search_term_string}\"},\"query-input\":{\"@type\":\"PropertyValueSpecification\",\"valueRequired\":true,\"valueName\":\"search_term_string\"}}],\"inLanguage\":\"de\"}]}<\/script>\n<!-- \/ Yoast SEO plugin. -->","yoast_head_json":{"title":"Jobs - St\u00ebftung H\u00ebllef Doheem","description":"Mit mehr als 2000 hochqualifizierten Mitarbeitern ist die St\u00ebftung H\u00ebllef Doheem das gr\u00f6\u00dfte Netzwerk f\u00fcr h\u00e4usliche Hilfe und Pflege in Luxembourg. Werden auch sie Teil unseres Teams.","robots":{"index":"index","follow":"follow","max-snippet":"max-snippet:-1","max-image-preview":"max-image-preview:large","max-video-preview":"max-video-preview:-1"},"canonical":"https:\/\/shd.inside-maquette.com\/de\/jobs\/","og_locale":"de_DE","og_type":"article","og_title":"Jobs - St\u00ebftung H\u00ebllef Doheem","og_description":"Mit mehr als 2000 hochqualifizierten Mitarbeitern ist die St\u00ebftung H\u00ebllef Doheem das gr\u00f6\u00dfte Netzwerk f\u00fcr h\u00e4usliche Hilfe und Pflege in Luxembourg. Werden auch sie Teil unseres Teams.","og_url":"https:\/\/shd.inside-maquette.com\/de\/jobs\/","og_site_name":"St\u00ebftung H\u00ebllef Doheem","article_modified_time":"2022-12-22T11:57:24+00:00","twitter_card":"summary_large_image","twitter_misc":{"Gesch\u00e4tzte Lesezeit":"3\u00a0Minuten"},"schema":{"@context":"https:\/\/schema.org","@graph":[{"@type":"WebPage","@id":"https:\/\/shd.inside-maquette.com\/de\/jobs\/","url":"https:\/\/shd.inside-maquette.com\/de\/jobs\/","name":"Jobs - St\u00ebftung H\u00ebllef Doheem","isPartOf":{"@id":"https:\/\/shd.inside-maquette.com\/#website"},"datePublished":"2022-01-10T16:19:35+00:00","dateModified":"2022-12-22T11:57:24+00:00","description":"Mit mehr als 2000 hochqualifizierten Mitarbeitern ist die St\u00ebftung H\u00ebllef Doheem das gr\u00f6\u00dfte Netzwerk f\u00fcr h\u00e4usliche Hilfe und Pflege in Luxembourg. Werden auch sie Teil unseres Teams.","breadcrumb":{"@id":"https:\/\/shd.inside-maquette.com\/de\/jobs\/#breadcrumb"},"inLanguage":"de","potentialAction":[{"@type":"ReadAction","target":["https:\/\/shd.inside-maquette.com\/de\/jobs\/"]}]},{"@type":"BreadcrumbList","@id":"https:\/\/shd.inside-maquette.com\/de\/jobs\/#breadcrumb","itemListElement":[{"@type":"ListItem","position":1,"name":"Accueil","item":"https:\/\/shd.inside-maquette.com\/de\/"},{"@type":"ListItem","position":2,"name":"Jobs"}]},{"@type":"WebSite","@id":"https:\/\/shd.inside-maquette.com\/#website","url":"https:\/\/shd.inside-maquette.com\/","name":"St\u00ebftung H\u00ebllef Doheem","description":"Aides et soins au Luxembourg","potentialAction":[{"@type":"SearchAction","target":{"@type":"EntryPoint","urlTemplate":"https:\/\/shd.inside-maquette.com\/?s={search_term_string}"},"query-input":{"@type":"PropertyValueSpecification","valueRequired":true,"valueName":"search_term_string"}}],"inLanguage":"de"}]}},"_links":{"self":[{"href":"https:\/\/shd.inside-maquette.com\/de\/wp-json\/wp\/v2\/pages\/396","targetHints":{"allow":["GET"]}}],"collection":[{"href":"https:\/\/shd.inside-maquette.com\/de\/wp-json\/wp\/v2\/pages"}],"about":[{"href":"https:\/\/shd.inside-maquette.com\/de\/wp-json\/wp\/v2\/types\/page"}],"author":[{"embeddable":true,"href":"https:\/\/shd.inside-maquette.com\/de\/wp-json\/wp\/v2\/users\/1"}],"replies":[{"embeddable":true,"href":"https:\/\/shd.inside-maquette.com\/de\/wp-json\/wp\/v2\/comments?post=396"}],"version-history":[{"count":0,"href":"https:\/\/shd.inside-maquette.com\/de\/wp-json\/wp\/v2\/pages\/396\/revisions"}],"wp:attachment":[{"href":"https:\/\/shd.inside-maquette.com\/de\/wp-json\/wp\/v2\/media?parent=396"}],"curies":[{"name":"wp","href":"https:\/\/api.w.org\/{rel}","templated":true}]}}