{"id":394,"date":"2022-01-10T16:10:30","date_gmt":"2022-01-10T16:10:30","guid":{"rendered":"https:\/\/shd.inside-maquette.com\/kontakt\/gestion-des-reclamations\/"},"modified":"2023-08-01T18:14:56","modified_gmt":"2023-08-01T18:14:56","slug":"beschwerdemanagement","status":"publish","type":"page","link":"https:\/\/shd.inside-maquette.com\/de\/kontakt\/beschwerdemanagement\/","title":{"rendered":"Beschwerdemanagement"},"content":{"rendered":"<p>[vc_row][vc_column offset=&#8220;vc_hidden-md vc_hidden-sm vc_hidden-xs&#8220;][vc_column_text]<nav aria-label=\"breadcrumbs\">\n            <div class=\"breadcrumb-container theme3\">\n                <ol>\n                                    <\/ol>\n            <\/div>\n        <\/nav>    <script type=\"application\/ld+json\">\n        {\n            \"@context\": \"http:\/\/schema.org\",\n            \"@type\": \"BreadcrumbList\",\n            \"itemListElement\": [\n                            ]\n        }\n    <\/script>\n   \n    <script>\n            <\/script>\n[\/vc_column_text][vc_empty_space height=&#8220;1em&#8220;][\/vc_column][\/vc_row][vc_row tm_bgimagefixed=&#8220;&#8220; content_placement=&#8220;middle&#8220;][vc_column width=&#8220;1\/4&#8243; offset=&#8220;vc_hidden-md vc_hidden-sm vc_hidden-xs&#8220;][vc_single_image image=&#8220;23&#8243; alignment=&#8220;center&#8220; css=&#8220;.vc_custom_1632739637882{margin-bottom: 1em !important;}&#8220;][\/vc_column][vc_column width=&#8220;3\/4&#8243; offset=&#8220;vc_hidden-md vc_hidden-sm vc_hidden-xs&#8220;][vc_column_text css=&#8220;.vc_custom_1635698939259{margin-bottom: 1em !important;}&#8220;]<\/p>\n<h1>Beschwerden<\/h1>\n<p>[\/vc_column_text][vc_column_text el_class=&#8220;introdarkblue&#8220;]Die St\u00ebftung H\u00ebllef Doheem setzt alles daran, die Qualit\u00e4t der Betreuung ihrer Klienten zu gew\u00e4hrleisten.[\/vc_column_text][\/vc_column][\/vc_row][vc_row tm_bgimagefixed=&#8220;&#8220; content_placement=&#8220;middle&#8220;][vc_column width=&#8220;1\/4&#8243; offset=&#8220;vc_hidden-lg&#8220;][vc_single_image image=&#8220;23&#8243; img_size=&#8220;100&#215;100&#8243; alignment=&#8220;center&#8220; css=&#8220;.vc_custom_1632739643162{margin-bottom: 1em !important;}&#8220;][\/vc_column][vc_column width=&#8220;3\/4&#8243; offset=&#8220;vc_hidden-lg&#8220;][vc_column_text css=&#8220;.vc_custom_1637050776903{margin-bottom: 1em !important;}&#8220;]<\/p>\n<h1 style=\"text-align: center; font-size: 2em; line-height: 1.2em;\">Beschwerden<\/h1>\n<p>[\/vc_column_text][vc_column_text el_class=&#8220;introdarkblue&#8220;]<\/p>\n<p style=\"text-align: center;\">Die St\u00ebftung H\u00ebllef Doheem unternimmt alles, um die Qualit\u00e4t ihrer Klientenbetreuung zu gew\u00e4hrleisten.<\/p>\n<p>[\/vc_column_text][\/vc_column][\/vc_row][vc_row][vc_column][vc_separator border_width=&#8220;2&#8243; css=&#8220;.vc_custom_1635860966511{margin-top: 1em !important;margin-bottom: 1em !important;}&#8220;][\/vc_column][\/vc_row][vc_section css=&#8220;.vc_custom_1630567208381{margin-bottom: 2em !important;}&#8220;][vc_row][vc_column][vc_column_text css=&#8220;.vc_custom_1654166348567{margin-bottom: 1em !important;}&#8220;]Die <strong>Zufriedenheit unserer Klienten<\/strong> ist eine Priorit\u00e4t und ein wesentlicher Bestandteil unserer Werte. Bei der Betreuung unserer Klienten wird alles getan, um die bestm\u00f6gliche Pflege und den bestm\u00f6glichen Service zu bieten.<\/p>\n<p>Es kann jedoch vorkommen, dass Sie als Klient*in nicht vollst\u00e4ndig zufrieden sind. In diesem Fall m\u00f6chten wir dar\u00fcber informiert werden. Ihr Feedback erm\u00f6glicht es uns, die Qualit\u00e4t unserer Pflege und Dienstleistungen zu verbessern. Wir ermutigen Sie, sich uns mitzuteilen.<\/p>\n<p>Unsere Mitarbeiter*innen h\u00f6ren Ihnen zu, beantworten Ihre Fragen und bearbeiten Ihre Beschwerde auf vers\u00f6hnliche Weise innerhalb der vorgegebenen Fristen.[\/vc_column_text][vc_column_text]<strong>Wie k\u00f6nnen Sie uns kontaktieren?<\/strong><\/p>\n<p>Um uns zu kontaktieren, stehen Ihnen mehrere M\u00f6glichkeiten zur Verf\u00fcgung:<\/p>\n<ol>\n<li>Bitte wenden Sie sich zun\u00e4chst an das Hilfs- und Pflegezentrum, das f\u00fcr Ihre Betreuung zust\u00e4ndig ist.<\/li>\n<li>Au\u00dferhalb der \u00d6ffnungszeiten der Hilfs- und Pflegezentren k\u00f6nnen Sie uns telefonisch unter der Nummer <strong>+352 40 20 80<\/strong> erreichen.<\/li>\n<\/ol>\n<p><strong>Sie k\u00f6nnen sich auch an unsere Beschwerdemanagement-Abteilung wenden:<\/strong>[\/vc_column_text][\/vc_column][\/vc_row][vc_row][vc_column width=&#8220;1\/3&#8243;][vc_column_text]<\/p>\n<p style=\"text-align: center;\">per <a href=\"https:\/\/shd.inside-maquette.com\/de\/kontakt\/beschwerdemanagement\/formular-fuer-beschwerden-oder-unzufriedenheit\/\" target=\"_blank\" rel=\"noopener\">Onlineformular<\/a><\/p>\n<p>[\/vc_column_text][vc_btn title=&#8220;Formular&#8220; align=&#8220;center&#8220; link=&#8220;url:https%3A%2F%2Fshd.inside-maquette.com%2Fde%2Fkontakt%2Fbeschwerdemanagement%2Fformular-fuer-beschwerden-oder-unzufriedenheit%2F&#8220;][\/vc_column][vc_column width=&#8220;1\/3&#8243;][vc_column_text]<\/p>\n<p style=\"text-align: center;\">per E-Mail:<\/p>\n<p>[\/vc_column_text][vc_btn title=&#8220;gestion-des-plaintes@shd.inside-maquette.com&#8220; align=&#8220;center&#8220; link=&#8220;url:mailto%3Agestion-des-plaintes%40shd.lu&#8220;][\/vc_column][vc_column width=&#8220;1\/3&#8243;][vc_column_text]<\/p>\n<p style=\"text-align: center;\">per Post:<\/p>\n<p style=\"text-align: center;\">St\u00ebftung H\u00ebllef Doheem<\/p>\n<p style=\"text-align: center;\">Administration centrale<br \/>\nService Qualit\u00e9 des Soins \u2013 Gestion des plaintes<\/p>\n<p style=\"text-align: center;\">BP. 1878<br \/>\nL- 1018 Luxembourg<\/p>\n<p>[\/vc_column_text][\/vc_column][\/vc_row][\/vc_section][vc_row][vc_column][vc_separator border_width=&#8220;2&#8243; css=&#8220;.vc_custom_1635860966511{margin-top: 1em !important;margin-bottom: 1em !important;}&#8220;][\/vc_column][\/vc_row][vc_row][vc_column][vc_column_text css=&#8220;.vc_custom_1690913683979{margin-bottom: 1em !important;}&#8220;]<\/p>\n<h2>Whistleblowing<\/h2>\n<p>Ausschreibungen im Sinne des Gesetzes vom 16. Mai 2023 zur Umsetzung der Richtlinie (EU) 2019\/1937 des Europ\u00e4ischen Parlaments und des Rates vom 23. Oktober 2019 zum Schutz von Personen, die Verst\u00f6\u00dfe gegen das EU-Recht melden.<\/p>\n<p>Wenn Ihre Meldung nicht unter dieses Gesetz f\u00e4llt, beh\u00e4lt sich die Fondation St\u00ebftung H\u00ebllef Doheem das Recht vor, diese Meldung nicht zu ber\u00fccksichtigen oder die von ihr als notwendig erachteten Folgema\u00dfnahmen zu ergreifen.<\/p>\n<p><strong>Mail :<\/strong> <a href=\"mailto:whistleblowing@shd.inside-maquette.com\">whistleblowing@shd.inside-maquette.com<\/a><br \/>\n<strong>T\u00e9l. : 402080 &#8211; 7777<\/strong>[\/vc_column_text][\/vc_column][\/vc_row]<\/p>\n","protected":false},"excerpt":{"rendered":"<p>[vc_row][vc_column offset=&#8220;vc_hidden-md vc_hidden-sm vc_hidden-xs&#8220;][vc_column_text][\/vc_column_text][vc_empty_space height=&#8220;1em&#8220;][\/vc_column][\/vc_row][vc_row tm_bgimagefixed=&#8220;&#8220; content_placement=&#8220;middle&#8220;][vc_column width=&#8220;1\/4&#8243; offset=&#8220;vc_hidden-md vc_hidden-sm vc_hidden-xs&#8220;][vc_single_image image=&#8220;23&#8243; alignment=&#8220;center&#8220; css=&#8220;.vc_custom_1632739637882{margin-bottom: 1em !important;}&#8220;][\/vc_column][vc_column width=&#8220;3\/4&#8243; offset=&#8220;vc_hidden-md vc_hidden-sm vc_hidden-xs&#8220;][vc_column_text css=&#8220;.vc_custom_1635698939259{margin-bottom: 1em !important;}&#8220;] Beschwerden [\/vc_column_text][vc_column_text el_class=&#8220;introdarkblue&#8220;]Die St\u00ebftung H\u00ebllef Doheem setzt alles daran, die Qualit\u00e4t der Betreuung ihrer Klienten zu gew\u00e4hrleisten.[\/vc_column_text][\/vc_column][\/vc_row][vc_row tm_bgimagefixed=&#8220;&#8220; content_placement=&#8220;middle&#8220;][vc_column width=&#8220;1\/4&#8243; offset=&#8220;vc_hidden-lg&#8220;][vc_single_image image=&#8220;23&#8243; img_size=&#8220;100&#215;100&#8243; alignment=&#8220;center&#8220; css=&#8220;.vc_custom_1632739643162{margin-bottom: 1em !important;}&#8220;][\/vc_column][vc_column width=&#8220;3\/4&#8243; offset=&#8220;vc_hidden-lg&#8220;][vc_column_text css=&#8220;.vc_custom_1637050776903{margin-bottom: 1em !important;}&#8220;] &hellip; <a href=\"https:\/\/shd.inside-maquette.com\/de\/kontakt\/beschwerdemanagement\/\" class=\"more-link\">Continue reading <span class=\"screen-reader-text\">Beschwerdemanagement<\/span><\/a><\/p>\n","protected":false},"author":1,"featured_media":0,"parent":308,"menu_order":0,"comment_status":"closed","ping_status":"closed","template":"","meta":{"footnotes":""},"class_list":["post-394","page","type-page","status-publish","hentry"],"yoast_head":"<!-- This site is optimized with the Yoast SEO plugin v27.4 - https:\/\/yoast.com\/product\/yoast-seo-wordpress\/ -->\n<title>Beschwerdemanagement - St\u00ebftung H\u00ebllef Doheem<\/title>\n<meta name=\"description\" content=\"Beschwerde, Beschwerdemanagement, Hilfs und Pflegedienst, H\u00ebllef Doheem. Wir legen Wert auf h\u00f6chste Qualit\u00e4t.\" \/>\n<meta name=\"robots\" content=\"index, follow, max-snippet:-1, max-image-preview:large, max-video-preview:-1\" \/>\n<link rel=\"canonical\" href=\"https:\/\/shd.inside-maquette.com\/de\/kontakt\/beschwerdemanagement\/\" \/>\n<meta property=\"og:locale\" content=\"de_DE\" \/>\n<meta property=\"og:type\" content=\"article\" \/>\n<meta property=\"og:title\" content=\"Beschwerdemanagement - St\u00ebftung H\u00ebllef Doheem\" \/>\n<meta property=\"og:description\" content=\"Beschwerde, Beschwerdemanagement, Hilfs und Pflegedienst, H\u00ebllef Doheem. Wir legen Wert auf h\u00f6chste Qualit\u00e4t.\" \/>\n<meta property=\"og:url\" content=\"https:\/\/shd.inside-maquette.com\/de\/kontakt\/beschwerdemanagement\/\" \/>\n<meta property=\"og:site_name\" content=\"St\u00ebftung H\u00ebllef Doheem\" \/>\n<meta property=\"article:modified_time\" content=\"2023-08-01T18:14:56+00:00\" \/>\n<meta name=\"twitter:card\" content=\"summary_large_image\" \/>\n<meta name=\"twitter:label1\" content=\"Gesch\u00e4tzte Lesezeit\" \/>\n\t<meta name=\"twitter:data1\" content=\"2\u00a0Minuten\" \/>\n<script type=\"application\/ld+json\" class=\"yoast-schema-graph\">{\"@context\":\"https:\\\/\\\/schema.org\",\"@graph\":[{\"@type\":\"WebPage\",\"@id\":\"https:\\\/\\\/shd.inside-maquette.com\\\/de\\\/kontakt\\\/beschwerdemanagement\\\/\",\"url\":\"https:\\\/\\\/shd.inside-maquette.com\\\/de\\\/kontakt\\\/beschwerdemanagement\\\/\",\"name\":\"Beschwerdemanagement - St\u00ebftung H\u00ebllef Doheem\",\"isPartOf\":{\"@id\":\"https:\\\/\\\/shd.inside-maquette.com\\\/#website\"},\"datePublished\":\"2022-01-10T16:10:30+00:00\",\"dateModified\":\"2023-08-01T18:14:56+00:00\",\"description\":\"Beschwerde, Beschwerdemanagement, Hilfs und Pflegedienst, H\u00ebllef Doheem. Wir legen Wert auf h\u00f6chste Qualit\u00e4t.\",\"breadcrumb\":{\"@id\":\"https:\\\/\\\/shd.inside-maquette.com\\\/de\\\/kontakt\\\/beschwerdemanagement\\\/#breadcrumb\"},\"inLanguage\":\"de\",\"potentialAction\":[{\"@type\":\"ReadAction\",\"target\":[\"https:\\\/\\\/shd.inside-maquette.com\\\/de\\\/kontakt\\\/beschwerdemanagement\\\/\"]}]},{\"@type\":\"BreadcrumbList\",\"@id\":\"https:\\\/\\\/shd.inside-maquette.com\\\/de\\\/kontakt\\\/beschwerdemanagement\\\/#breadcrumb\",\"itemListElement\":[{\"@type\":\"ListItem\",\"position\":1,\"name\":\"Accueil\",\"item\":\"https:\\\/\\\/shd.inside-maquette.com\\\/de\\\/\"},{\"@type\":\"ListItem\",\"position\":2,\"name\":\"Kontakt\",\"item\":\"https:\\\/\\\/shd.inside-maquette.com\\\/de\\\/kontakt\\\/\"},{\"@type\":\"ListItem\",\"position\":3,\"name\":\"Beschwerdemanagement\"}]},{\"@type\":\"WebSite\",\"@id\":\"https:\\\/\\\/shd.inside-maquette.com\\\/#website\",\"url\":\"https:\\\/\\\/shd.inside-maquette.com\\\/\",\"name\":\"St\u00ebftung H\u00ebllef Doheem\",\"description\":\"Aides et soins au Luxembourg\",\"potentialAction\":[{\"@type\":\"SearchAction\",\"target\":{\"@type\":\"EntryPoint\",\"urlTemplate\":\"https:\\\/\\\/shd.inside-maquette.com\\\/?s={search_term_string}\"},\"query-input\":{\"@type\":\"PropertyValueSpecification\",\"valueRequired\":true,\"valueName\":\"search_term_string\"}}],\"inLanguage\":\"de\"}]}<\/script>\n<!-- \/ Yoast SEO plugin. -->","yoast_head_json":{"title":"Beschwerdemanagement - St\u00ebftung H\u00ebllef Doheem","description":"Beschwerde, Beschwerdemanagement, Hilfs und Pflegedienst, H\u00ebllef Doheem. Wir legen Wert auf h\u00f6chste Qualit\u00e4t.","robots":{"index":"index","follow":"follow","max-snippet":"max-snippet:-1","max-image-preview":"max-image-preview:large","max-video-preview":"max-video-preview:-1"},"canonical":"https:\/\/shd.inside-maquette.com\/de\/kontakt\/beschwerdemanagement\/","og_locale":"de_DE","og_type":"article","og_title":"Beschwerdemanagement - St\u00ebftung H\u00ebllef Doheem","og_description":"Beschwerde, Beschwerdemanagement, Hilfs und Pflegedienst, H\u00ebllef Doheem. Wir legen Wert auf h\u00f6chste Qualit\u00e4t.","og_url":"https:\/\/shd.inside-maquette.com\/de\/kontakt\/beschwerdemanagement\/","og_site_name":"St\u00ebftung H\u00ebllef Doheem","article_modified_time":"2023-08-01T18:14:56+00:00","twitter_card":"summary_large_image","twitter_misc":{"Gesch\u00e4tzte Lesezeit":"2\u00a0Minuten"},"schema":{"@context":"https:\/\/schema.org","@graph":[{"@type":"WebPage","@id":"https:\/\/shd.inside-maquette.com\/de\/kontakt\/beschwerdemanagement\/","url":"https:\/\/shd.inside-maquette.com\/de\/kontakt\/beschwerdemanagement\/","name":"Beschwerdemanagement - St\u00ebftung H\u00ebllef Doheem","isPartOf":{"@id":"https:\/\/shd.inside-maquette.com\/#website"},"datePublished":"2022-01-10T16:10:30+00:00","dateModified":"2023-08-01T18:14:56+00:00","description":"Beschwerde, Beschwerdemanagement, Hilfs und Pflegedienst, H\u00ebllef Doheem. Wir legen Wert auf h\u00f6chste Qualit\u00e4t.","breadcrumb":{"@id":"https:\/\/shd.inside-maquette.com\/de\/kontakt\/beschwerdemanagement\/#breadcrumb"},"inLanguage":"de","potentialAction":[{"@type":"ReadAction","target":["https:\/\/shd.inside-maquette.com\/de\/kontakt\/beschwerdemanagement\/"]}]},{"@type":"BreadcrumbList","@id":"https:\/\/shd.inside-maquette.com\/de\/kontakt\/beschwerdemanagement\/#breadcrumb","itemListElement":[{"@type":"ListItem","position":1,"name":"Accueil","item":"https:\/\/shd.inside-maquette.com\/de\/"},{"@type":"ListItem","position":2,"name":"Kontakt","item":"https:\/\/shd.inside-maquette.com\/de\/kontakt\/"},{"@type":"ListItem","position":3,"name":"Beschwerdemanagement"}]},{"@type":"WebSite","@id":"https:\/\/shd.inside-maquette.com\/#website","url":"https:\/\/shd.inside-maquette.com\/","name":"St\u00ebftung H\u00ebllef Doheem","description":"Aides et soins au Luxembourg","potentialAction":[{"@type":"SearchAction","target":{"@type":"EntryPoint","urlTemplate":"https:\/\/shd.inside-maquette.com\/?s={search_term_string}"},"query-input":{"@type":"PropertyValueSpecification","valueRequired":true,"valueName":"search_term_string"}}],"inLanguage":"de"}]}},"_links":{"self":[{"href":"https:\/\/shd.inside-maquette.com\/de\/wp-json\/wp\/v2\/pages\/394","targetHints":{"allow":["GET"]}}],"collection":[{"href":"https:\/\/shd.inside-maquette.com\/de\/wp-json\/wp\/v2\/pages"}],"about":[{"href":"https:\/\/shd.inside-maquette.com\/de\/wp-json\/wp\/v2\/types\/page"}],"author":[{"embeddable":true,"href":"https:\/\/shd.inside-maquette.com\/de\/wp-json\/wp\/v2\/users\/1"}],"replies":[{"embeddable":true,"href":"https:\/\/shd.inside-maquette.com\/de\/wp-json\/wp\/v2\/comments?post=394"}],"version-history":[{"count":0,"href":"https:\/\/shd.inside-maquette.com\/de\/wp-json\/wp\/v2\/pages\/394\/revisions"}],"up":[{"embeddable":true,"href":"https:\/\/shd.inside-maquette.com\/de\/wp-json\/wp\/v2\/pages\/308"}],"wp:attachment":[{"href":"https:\/\/shd.inside-maquette.com\/de\/wp-json\/wp\/v2\/media?parent=394"}],"curies":[{"name":"wp","href":"https:\/\/api.w.org\/{rel}","templated":true}]}}