{"id":308,"date":"2022-01-10T16:06:36","date_gmt":"2022-01-10T16:06:36","guid":{"rendered":"https:\/\/shd.inside-maquette.com\/contact\/"},"modified":"2022-01-26T14:43:19","modified_gmt":"2022-01-26T14:43:19","slug":"kontakt","status":"publish","type":"page","link":"https:\/\/shd.inside-maquette.com\/de\/kontakt\/","title":{"rendered":"Kontakt"},"content":{"rendered":"<p>[vc_row][vc_column width=&#8220;1\/4&#8243; offset=&#8220;vc_hidden-md vc_hidden-sm vc_hidden-xs&#8220;][vc_single_image image=&#8220;34&#8243; alignment=&#8220;center&#8220; css=&#8220;.vc_custom_1632739456971{margin-bottom: 1em !important;}&#8220;][\/vc_column][vc_column width=&#8220;3\/4&#8243; offset=&#8220;vc_hidden-md vc_hidden-sm vc_hidden-xs&#8220;][vc_column_text css=&#8220;.vc_custom_1641846289902{margin-bottom: 1em !important;}&#8220;]<\/p>\n<h1 style=\"font-size: 2em; text-align: left;\">Sie m\u00f6chten Kontakt mit uns aufnehmen?<\/h1>\n<p>[\/vc_column_text][vc_column_text el_class=&#8220;introdarkblue&#8220;]<\/p>\n<div class=\"wpb_text_column wpb_content_element \">\n<p>Z\u00f6gern Sie nicht, in Kontakt mit uns zu treten, wenn Sie Hilfe brauchen oder sich einsam f\u00fchlen. Gemeinsam finden wir DIE L\u00f6sung, die zu Ihnen passt.<\/p>\n<p><strong>Was k\u00f6nnen wir f\u00fcr Sie tun?<\/strong><\/p>\n<\/div>\n<p>[\/vc_column_text][\/vc_column][\/vc_row][vc_row][vc_column width=&#8220;1\/4&#8243; offset=&#8220;vc_hidden-lg&#8220;][vc_single_image image=&#8220;1046&#8243; img_size=&#8220;100&#215;100&#8243; alignment=&#8220;center&#8220; css=&#8220;.vc_custom_1643208196447{margin-bottom: 1em !important;}&#8220;][\/vc_column][vc_column width=&#8220;3\/4&#8243; offset=&#8220;vc_hidden-lg&#8220;][vc_column_text css=&#8220;.vc_custom_1641846308611{margin-bottom: 1em !important;}&#8220;]<\/p>\n<h1 style=\"text-align: center; font-size: 2em; line-height: 1.2em;\">Sie m\u00f6chten Kontakt mit uns aufnehmen?<\/h1>\n<p>[\/vc_column_text][vc_column_text el_class=&#8220;introdarkblue&#8220;]<\/p>\n<div class=\"wpb_text_column wpb_content_element \">\n<p class=\"wpb_wrapper\" style=\"text-align: center;\">Lorem ipsum dolor sit amet, consectetur adipiscing elit. Quisque at tristique est. Etiam molestie, nisl ac viverra sagittis, orci sapien lacinia mauris, quis vestibulum sem nunc id ante. Praesent eu neque arcu.<\/p>\n<\/div>\n<p>[\/vc_column_text][\/vc_column][\/vc_row][vc_section][vc_row][vc_column][vc_separator border_width=&#8220;2&#8243; css=&#8220;.vc_custom_1635861308428{margin-top: 1em !important;margin-bottom: 1em !important;}&#8220;][\/vc_column][\/vc_row][\/vc_section][vc_section][vc_row][vc_column width=&#8220;1\/4&#8243;][vc_column_text]<\/p>\n<h3>Adresse :<\/h3>\n<p>[\/vc_column_text][vc_column_text css=&#8220;.vc_custom_1641846279650{margin-top: 1em !important;}&#8220;]<strong>St\u00ebftung H\u00ebllef Doheem<\/strong><br \/>\n<strong>Zentrale Verwaltung<\/strong><\/p>\n<p>48a Av. Gaston Diderich,<br \/>\n1420 Luxembourg<\/p>\n<p>Boite postale 1878<br \/>\nL-1018 Luxembourg<\/p>\n<p>T\u00e9l: 40 20 80[\/vc_column_text][\/vc_column][vc_column width=&#8220;3\/4&#8243;][vc_raw_html]JTNDaWZyYW1lJTIwc3JjJTNEJTIyaHR0cHMlM0ElMkYlMkZ3d3cuZ29vZ2xlLmNvbSUyRm1hcHMlMkZlbWJlZCUzRnBiJTNEJTIxMW0xOCUyMTFtMTIlMjExbTMlMjExZDIwNDgwLjM3MDE2ODE5ODM0OCUyMTJkNi4wODg3NzYzODY0MTI3MjI1JTIxM2Q0OS42MTIxNTg2MTA4MjY3NSUyMTJtMyUyMTFmMCUyMTJmMCUyMTNmMCUyMTNtMiUyMTFpMTAyNCUyMTJpNzY4JTIxNGYxMy4xJTIxM20zJTIxMW0yJTIxMXMweDQ3OTU0OTJjYmQ5MDZhNTMlMjUzQTB4YTFjNmI0NTg3ODE1Yzk2ZiUyMTJzNDhhJTI1MjBBdi4lMjUyMEdhc3RvbiUyNTIwRGlkZXJpY2glMjUyQyUyNTIwMTQyMCUyNTIwTHV4ZW1ib3VyZyUyMTVlMCUyMTNtMiUyMTFzZnIlMjEyc2x1JTIxNHYxNjI5NzA1OTU4MTc5JTIxNW0yJTIxMXNmciUyMTJzbHUlMjIlMjB3aWR0aCUzRCUyMjYwMCUyMiUyMGhlaWdodCUzRCUyMjQ1MCUyMiUyMHN0eWxlJTNEJTIyYm9yZGVyJTNBMCUzQiUyMiUyMGFsbG93ZnVsbHNjcmVlbiUzRCUyMiUyMiUyMGxvYWRpbmclM0QlMjJsYXp5JTIyJTNFJTNDJTJGaWZyYW1lJTNF[\/vc_raw_html][\/vc_column][\/vc_row][\/vc_section][vc_row tm_bgcolor=&#8220;darkgrey&#8220; tm_bgimagefixed=&#8220;&#8220; break_in_responsive=&#8220;991&#8243; tm_zindex=&#8220;2&#8243; equal_height=&#8220;yes&#8220; css=&#8220;.vc_custom_1630308224018{margin-top: 2em !important;padding-top: 0px !important;}&#8220;][vc_column width=&#8220;1\/2&#8243; css=&#8220;.vc_custom_1630308215175{padding-top: 50px !important;}&#8220; tm_responsive_css=&#8220;72264376|colbreak_no|||||||||colbreak_no|||||15px||0px||colbreak_no||||||||||colbreak_no|||||||||&#8220;][vc_row_inner css=&#8220;.vc_custom_1603515249134{margin-left: -382px !important;}&#8220; tm_responsive_css=&#8220;87089504|colbreak_no|||||||||colbreak_no||||-15px|||||colbreak_no||||||||||colbreak_no|||||||||&#8220;][vc_column_inner][vc_single_image image=&#8220;303&#8243; img_size=&#8220;full&#8220;][\/vc_column_inner][\/vc_row_inner][\/vc_column][vc_column tm_textcolor=&#8220;white&#8220; tm_bgcolor=&#8220;darkgrey&#8220; tm_col_bg_expand=&#8220;right&#8220; tm_zindex=&#8220;1&#8243; width=&#8220;1\/2&#8243; css=&#8220;.vc_custom_1630308371353{padding-top: 120px !important;padding-left: 30px !important;}&#8220; tm_responsive_css=&#8220;90093343|colbreak_no|||||30px|15px|20px|15px|colbreak_no|||||||||colbreak_no||||||||||colbreak_no|||||||||&#8220;][vc_column_text]<\/p>\n<h2 style=\"font-size: 2em; text-align: left;\">Sie bevorzugen E-Mail?<\/h2>\n<p>[\/vc_column_text][vc_row_inner css=&#8220;.vc_custom_1631256814683{margin-top: 1em !important;margin-bottom: 2em !important;padding-right: 25px !important;}&#8220; tm_responsive_css=&#8220;63919401|colbreak_no|||||||||colbreak_no||||||0px|||colbreak_no||||||||||colbreak_no|||||||||&#8220;][vc_column_inner]\n<div class=\"wpcf7 no-js\" id=\"wpcf7-f464-o1\" lang=\"fr-FR\" dir=\"ltr\" data-wpcf7-id=\"464\">\n<div class=\"screen-reader-response\"><p role=\"status\" aria-live=\"polite\" aria-atomic=\"true\"><\/p> <ul><\/ul><\/div>\n<form action=\"\/de\/wp-json\/wp\/v2\/pages\/308#wpcf7-f464-o1\" method=\"post\" class=\"wpcf7-form init\" aria-label=\"Formulaire de contact\" novalidate=\"novalidate\" data-status=\"init\">\n<fieldset class=\"hidden-fields-container\"><input type=\"hidden\" name=\"_wpcf7\" value=\"464\" \/><input type=\"hidden\" name=\"_wpcf7_version\" value=\"6.1.5\" \/><input type=\"hidden\" name=\"_wpcf7_locale\" value=\"fr_FR\" \/><input type=\"hidden\" name=\"_wpcf7_unit_tag\" value=\"wpcf7-f464-o1\" \/><input type=\"hidden\" name=\"_wpcf7_container_post\" value=\"0\" \/><input type=\"hidden\" name=\"_wpcf7_posted_data_hash\" value=\"\" \/><input type=\"hidden\" name=\"_wpcf7_recaptcha_response\" value=\"\" \/>\n<\/fieldset>\n<div class=\"tm-commonform formstyle1\">\n\t<div class=\"row\">\n\t\t<div class=\"col-md-12\">\n\t\t\t<p><span class=\"wpcf7-form-control-wrap\" data-name=\"your-name\"><input size=\"40\" maxlength=\"400\" class=\"wpcf7-form-control wpcf7-text wpcf7-validates-as-required\" aria-required=\"true\" aria-invalid=\"false\" placeholder=\"Name der Kontaktperson (erforderlich)\" value=\"\" type=\"text\" name=\"your-name\" \/><\/span>\n\t\t\t<\/p>\n\t\t<\/div>\n\t<\/div>\n\t<div class=\"row\">\n\t\t<div class=\"col-md-12\">\n\t\t\t<p><span class=\"wpcf7-form-control-wrap\" data-name=\"your-telephon\"><input size=\"40\" maxlength=\"400\" class=\"wpcf7-form-control wpcf7-text wpcf7-validates-as-required\" aria-required=\"true\" aria-invalid=\"false\" placeholder=\"Telefon Kontaktperson (erforderlich)\" value=\"\" type=\"text\" name=\"your-telephon\" \/><\/span>\n\t\t\t<\/p>\n\t\t<\/div>\n\t<\/div>\n\t<div class=\"row\">\n\t\t<div class=\"col-md-12\">\n\t\t\t<p><span class=\"wpcf7-form-control-wrap\" data-name=\"your-email\"><input size=\"40\" maxlength=\"400\" class=\"wpcf7-form-control wpcf7-text wpcf7-validates-as-required\" aria-required=\"true\" aria-invalid=\"false\" placeholder=\"Email (erforderlich)\" value=\"\" type=\"text\" name=\"your-email\" \/><\/span>\n\t\t\t<\/p>\n\t\t<\/div>\n\t<\/div>\n\t<div class=\"row\">\n\t\t<div class=\"col-md-12\">\n\t\t\t<p><span class=\"wpcf7-form-control-wrap\" data-name=\"your-message\"><textarea cols=\"40\" rows=\"3\" maxlength=\"2000\" class=\"wpcf7-form-control wpcf7-textarea wpcf7-validates-as-required\" aria-required=\"true\" aria-invalid=\"false\" placeholder=\"Wie wir Ihnen helfen k\u00f6nnen\" name=\"your-message\"><\/textarea><\/span>\n\t\t\t<\/p>\n\t\t<\/div>\n\t<\/div>\n\t<div>\n\t\t<p><span class=\"wpcf7-form-control-wrap\" data-name=\"acceptance-924\"><span class=\"wpcf7-form-control wpcf7-acceptance optional\"><span class=\"wpcf7-list-item\"><label><input type=\"checkbox\" name=\"acceptance-924\" value=\"1\" aria-invalid=\"false\" \/><span class=\"wpcf7-list-item-label\"><p style=\"font-size: 10px; line-height: 12px;\">Im Rahmen einer Kontaktaufnahme \u00fcber das vorliegende Formular werden Ihre pers\u00f6nlichen Daten erhoben. Diese Daten werden ausschlie\u00dflich zum Zweck der Bearbeitung Ihrer Anfrage bzw. Kontaktaufnahme und der damit verbundenen technischen Administration gespeichert und genutzt. Nach Ablauf der Bearbeitung Ihrer Anfrage werden Ihre Daten gel\u00f6scht, sofern Sie dies verlangen und gesetzliche Aufbewahrungsfristen einer L\u00f6schung nicht entgegenstehen.<\/p><\/span><\/label><\/span><\/span><\/span>\n\t\t<\/p>\n\t<\/div>\n\t<div>\n\t\t<p><input class=\"wpcf7-form-control wpcf7-submit has-spinner tm-vc_general tm-vc_btn3 tm-vc_btn3-style-flat tm-vc_btn3-shape-square tm-vc_btn3-color-skincolor\" type=\"submit\" value=\"Senden Sie\" \/>\n\t\t<\/p>\n\t<\/div>\n<\/div><div class=\"wpcf7-response-output\" aria-hidden=\"true\"><\/div>\n<\/form>\n<\/div>\n[\/vc_column_inner][\/vc_row_inner][\/vc_column][\/vc_row]<\/p>\n","protected":false},"excerpt":{"rendered":"<p>[vc_row][vc_column width=&#8220;1\/4&#8243; offset=&#8220;vc_hidden-md vc_hidden-sm vc_hidden-xs&#8220;][vc_single_image image=&#8220;34&#8243; alignment=&#8220;center&#8220; css=&#8220;.vc_custom_1632739456971{margin-bottom: 1em !important;}&#8220;][\/vc_column][vc_column width=&#8220;3\/4&#8243; offset=&#8220;vc_hidden-md vc_hidden-sm vc_hidden-xs&#8220;][vc_column_text css=&#8220;.vc_custom_1641846289902{margin-bottom: 1em !important;}&#8220;] Sie m\u00f6chten Kontakt mit uns aufnehmen? [\/vc_column_text][vc_column_text el_class=&#8220;introdarkblue&#8220;] Z\u00f6gern Sie nicht, in Kontakt mit uns zu treten, wenn Sie Hilfe brauchen oder sich einsam f\u00fchlen. Gemeinsam finden wir DIE L\u00f6sung, die zu Ihnen passt. Was k\u00f6nnen wir f\u00fcr &hellip; <a href=\"https:\/\/shd.inside-maquette.com\/de\/kontakt\/\" class=\"more-link\">Continue reading <span class=\"screen-reader-text\">Kontakt<\/span><\/a><\/p>\n","protected":false},"author":1,"featured_media":0,"parent":0,"menu_order":0,"comment_status":"closed","ping_status":"closed","template":"","meta":{"footnotes":""},"class_list":["post-308","page","type-page","status-publish","hentry"],"yoast_head":"<!-- This site is optimized with the Yoast SEO plugin v27.4 - https:\/\/yoast.com\/product\/yoast-seo-wordpress\/ -->\n<title>Kontakt - St\u00ebftung H\u00ebllef Doheem<\/title>\n<meta name=\"robots\" content=\"index, follow, max-snippet:-1, max-image-preview:large, max-video-preview:-1\" \/>\n<link rel=\"canonical\" href=\"https:\/\/shd.inside-maquette.com\/de\/kontakt\/\" \/>\n<meta property=\"og:locale\" content=\"de_DE\" \/>\n<meta property=\"og:type\" content=\"article\" \/>\n<meta property=\"og:title\" content=\"Kontakt - St\u00ebftung H\u00ebllef Doheem\" \/>\n<meta property=\"og:description\" content=\"[vc_row][vc_column width=&#8220;1\/4&#8243; offset=&#8220;vc_hidden-md vc_hidden-sm vc_hidden-xs&#8220;][vc_single_image image=&#8220;34&#8243; alignment=&#8220;center&#8220; css=&#8220;.vc_custom_1632739456971{margin-bottom: 1em !important;}&#8220;][\/vc_column][vc_column width=&#8220;3\/4&#8243; offset=&#8220;vc_hidden-md vc_hidden-sm vc_hidden-xs&#8220;][vc_column_text css=&#8220;.vc_custom_1641846289902{margin-bottom: 1em !important;}&#8220;] Sie m\u00f6chten Kontakt mit uns aufnehmen? [\/vc_column_text][vc_column_text el_class=&#8220;introdarkblue&#8220;] Z\u00f6gern Sie nicht, in Kontakt mit uns zu treten, wenn Sie Hilfe brauchen oder sich einsam f\u00fchlen. Gemeinsam finden wir DIE L\u00f6sung, die zu Ihnen passt. Was k\u00f6nnen wir f\u00fcr &hellip; Continue reading Kontakt\" \/>\n<meta property=\"og:url\" content=\"https:\/\/shd.inside-maquette.com\/de\/kontakt\/\" \/>\n<meta property=\"og:site_name\" content=\"St\u00ebftung H\u00ebllef Doheem\" \/>\n<meta property=\"article:modified_time\" content=\"2022-01-26T14:43:19+00:00\" \/>\n<meta name=\"twitter:card\" content=\"summary_large_image\" \/>\n<meta name=\"twitter:label1\" content=\"Gesch\u00e4tzte Lesezeit\" \/>\n\t<meta name=\"twitter:data1\" content=\"1\u00a0Minute\" \/>\n<script type=\"application\/ld+json\" class=\"yoast-schema-graph\">{\"@context\":\"https:\\\/\\\/schema.org\",\"@graph\":[{\"@type\":\"WebPage\",\"@id\":\"https:\\\/\\\/shd.inside-maquette.com\\\/de\\\/kontakt\\\/\",\"url\":\"https:\\\/\\\/shd.inside-maquette.com\\\/de\\\/kontakt\\\/\",\"name\":\"Kontakt - St\u00ebftung H\u00ebllef Doheem\",\"isPartOf\":{\"@id\":\"https:\\\/\\\/shd.inside-maquette.com\\\/#website\"},\"datePublished\":\"2022-01-10T16:06:36+00:00\",\"dateModified\":\"2022-01-26T14:43:19+00:00\",\"breadcrumb\":{\"@id\":\"https:\\\/\\\/shd.inside-maquette.com\\\/de\\\/kontakt\\\/#breadcrumb\"},\"inLanguage\":\"de\",\"potentialAction\":[{\"@type\":\"ReadAction\",\"target\":[\"https:\\\/\\\/shd.inside-maquette.com\\\/de\\\/kontakt\\\/\"]}]},{\"@type\":\"BreadcrumbList\",\"@id\":\"https:\\\/\\\/shd.inside-maquette.com\\\/de\\\/kontakt\\\/#breadcrumb\",\"itemListElement\":[{\"@type\":\"ListItem\",\"position\":1,\"name\":\"Accueil\",\"item\":\"https:\\\/\\\/shd.inside-maquette.com\\\/de\\\/\"},{\"@type\":\"ListItem\",\"position\":2,\"name\":\"Kontakt\"}]},{\"@type\":\"WebSite\",\"@id\":\"https:\\\/\\\/shd.inside-maquette.com\\\/#website\",\"url\":\"https:\\\/\\\/shd.inside-maquette.com\\\/\",\"name\":\"St\u00ebftung H\u00ebllef Doheem\",\"description\":\"Aides et soins au Luxembourg\",\"potentialAction\":[{\"@type\":\"SearchAction\",\"target\":{\"@type\":\"EntryPoint\",\"urlTemplate\":\"https:\\\/\\\/shd.inside-maquette.com\\\/?s={search_term_string}\"},\"query-input\":{\"@type\":\"PropertyValueSpecification\",\"valueRequired\":true,\"valueName\":\"search_term_string\"}}],\"inLanguage\":\"de\"}]}<\/script>\n<!-- \/ Yoast SEO plugin. -->","yoast_head_json":{"title":"Kontakt - St\u00ebftung H\u00ebllef Doheem","robots":{"index":"index","follow":"follow","max-snippet":"max-snippet:-1","max-image-preview":"max-image-preview:large","max-video-preview":"max-video-preview:-1"},"canonical":"https:\/\/shd.inside-maquette.com\/de\/kontakt\/","og_locale":"de_DE","og_type":"article","og_title":"Kontakt - St\u00ebftung H\u00ebllef Doheem","og_description":"[vc_row][vc_column width=&#8220;1\/4&#8243; offset=&#8220;vc_hidden-md vc_hidden-sm vc_hidden-xs&#8220;][vc_single_image image=&#8220;34&#8243; alignment=&#8220;center&#8220; css=&#8220;.vc_custom_1632739456971{margin-bottom: 1em !important;}&#8220;][\/vc_column][vc_column width=&#8220;3\/4&#8243; offset=&#8220;vc_hidden-md vc_hidden-sm vc_hidden-xs&#8220;][vc_column_text css=&#8220;.vc_custom_1641846289902{margin-bottom: 1em !important;}&#8220;] Sie m\u00f6chten Kontakt mit uns aufnehmen? [\/vc_column_text][vc_column_text el_class=&#8220;introdarkblue&#8220;] Z\u00f6gern Sie nicht, in Kontakt mit uns zu treten, wenn Sie Hilfe brauchen oder sich einsam f\u00fchlen. Gemeinsam finden wir DIE L\u00f6sung, die zu Ihnen passt. Was k\u00f6nnen wir f\u00fcr &hellip; Continue reading Kontakt","og_url":"https:\/\/shd.inside-maquette.com\/de\/kontakt\/","og_site_name":"St\u00ebftung H\u00ebllef Doheem","article_modified_time":"2022-01-26T14:43:19+00:00","twitter_card":"summary_large_image","twitter_misc":{"Gesch\u00e4tzte Lesezeit":"1\u00a0Minute"},"schema":{"@context":"https:\/\/schema.org","@graph":[{"@type":"WebPage","@id":"https:\/\/shd.inside-maquette.com\/de\/kontakt\/","url":"https:\/\/shd.inside-maquette.com\/de\/kontakt\/","name":"Kontakt - St\u00ebftung H\u00ebllef Doheem","isPartOf":{"@id":"https:\/\/shd.inside-maquette.com\/#website"},"datePublished":"2022-01-10T16:06:36+00:00","dateModified":"2022-01-26T14:43:19+00:00","breadcrumb":{"@id":"https:\/\/shd.inside-maquette.com\/de\/kontakt\/#breadcrumb"},"inLanguage":"de","potentialAction":[{"@type":"ReadAction","target":["https:\/\/shd.inside-maquette.com\/de\/kontakt\/"]}]},{"@type":"BreadcrumbList","@id":"https:\/\/shd.inside-maquette.com\/de\/kontakt\/#breadcrumb","itemListElement":[{"@type":"ListItem","position":1,"name":"Accueil","item":"https:\/\/shd.inside-maquette.com\/de\/"},{"@type":"ListItem","position":2,"name":"Kontakt"}]},{"@type":"WebSite","@id":"https:\/\/shd.inside-maquette.com\/#website","url":"https:\/\/shd.inside-maquette.com\/","name":"St\u00ebftung H\u00ebllef Doheem","description":"Aides et soins au Luxembourg","potentialAction":[{"@type":"SearchAction","target":{"@type":"EntryPoint","urlTemplate":"https:\/\/shd.inside-maquette.com\/?s={search_term_string}"},"query-input":{"@type":"PropertyValueSpecification","valueRequired":true,"valueName":"search_term_string"}}],"inLanguage":"de"}]}},"_links":{"self":[{"href":"https:\/\/shd.inside-maquette.com\/de\/wp-json\/wp\/v2\/pages\/308","targetHints":{"allow":["GET"]}}],"collection":[{"href":"https:\/\/shd.inside-maquette.com\/de\/wp-json\/wp\/v2\/pages"}],"about":[{"href":"https:\/\/shd.inside-maquette.com\/de\/wp-json\/wp\/v2\/types\/page"}],"author":[{"embeddable":true,"href":"https:\/\/shd.inside-maquette.com\/de\/wp-json\/wp\/v2\/users\/1"}],"replies":[{"embeddable":true,"href":"https:\/\/shd.inside-maquette.com\/de\/wp-json\/wp\/v2\/comments?post=308"}],"version-history":[{"count":0,"href":"https:\/\/shd.inside-maquette.com\/de\/wp-json\/wp\/v2\/pages\/308\/revisions"}],"wp:attachment":[{"href":"https:\/\/shd.inside-maquette.com\/de\/wp-json\/wp\/v2\/media?parent=308"}],"curies":[{"name":"wp","href":"https:\/\/api.w.org\/{rel}","templated":true}]}}