{"id":2435,"date":"2022-07-12T12:32:10","date_gmt":"2022-07-12T12:32:10","guid":{"rendered":"https:\/\/shd.inside-maquette.com\/kontakt\/beschwerdemanagement\/formulaire-de-plainte-ou-dinsatisfaction\/"},"modified":"2022-07-13T06:16:55","modified_gmt":"2022-07-13T06:16:55","slug":"formular-fuer-beschwerden-oder-unzufriedenheit","status":"publish","type":"page","link":"https:\/\/shd.inside-maquette.com\/de\/kontakt\/beschwerdemanagement\/formular-fuer-beschwerden-oder-unzufriedenheit\/","title":{"rendered":"Formular f\u00fcr Beschwerden oder Unzufriedenheit"},"content":{"rendered":"<p>[vc_row][vc_column offset=&#8220;vc_hidden-md vc_hidden-sm vc_hidden-xs&#8220;][vc_column_text]<nav aria-label=\"breadcrumbs\">\n            <div class=\"breadcrumb-container theme3\">\n                <ol>\n                                    <\/ol>\n            <\/div>\n        <\/nav>    <script type=\"application\/ld+json\">\n        {\n            \"@context\": \"http:\/\/schema.org\",\n            \"@type\": \"BreadcrumbList\",\n            \"itemListElement\": [\n                            ]\n        }\n    <\/script>\n   \n    <script>\n            <\/script>\n[\/vc_column_text][vc_empty_space height=&#8220;1em&#8220;][\/vc_column][\/vc_row][vc_row tm_bgimagefixed=&#8220;&#8220; content_placement=&#8220;middle&#8220;][vc_column width=&#8220;1\/4&#8243; offset=&#8220;vc_hidden-md vc_hidden-sm vc_hidden-xs&#8220;][vc_single_image image=&#8220;719&#8243; alignment=&#8220;center&#8220; css=&#8220;.vc_custom_1642429525183{margin-bottom: 1em !important;}&#8220;][\/vc_column][vc_column width=&#8220;3\/4&#8243; offset=&#8220;vc_hidden-md vc_hidden-sm vc_hidden-xs&#8220;][vc_column_text css=&#8220;.vc_custom_1657629701958{margin-bottom: 1em !important;}&#8220;]<\/p>\n<h1>Formular f\u00fcr Beschwerden oder Unzufriedenheit<\/h1>\n<p>[\/vc_column_text][\/vc_column][\/vc_row][vc_row tm_bgimagefixed=&#8220;&#8220; content_placement=&#8220;middle&#8220;][vc_column width=&#8220;1\/4&#8243; offset=&#8220;vc_hidden-lg&#8220;][vc_single_image image=&#8220;719&#8243; img_size=&#8220;100&#215;100&#8243; alignment=&#8220;center&#8220; css=&#8220;.vc_custom_1632739643162{margin-bottom: 1em !important;}&#8220;][\/vc_column][vc_column width=&#8220;3\/4&#8243; offset=&#8220;vc_hidden-lg&#8220;][vc_column_text css=&#8220;.vc_custom_1657629711229{margin-bottom: 1em !important;}&#8220;]<\/p>\n<h1 style=\"text-align: center; font-size: 2em; line-height: 1.2em;\">Formular f\u00fcr Beschwerden oder Unzufriedenheit<\/h1>\n<p>[\/vc_column_text][\/vc_column][\/vc_row][vc_row][vc_column][vc_separator border_width=&#8220;2&#8243; css=&#8220;.vc_custom_1635861002940{margin-top: 1em !important;margin-bottom: 1em !important;}&#8220;][\/vc_column][\/vc_row][vc_section css=&#8220;.vc_custom_1630567208381{margin-bottom: 2em !important;}&#8220;][vc_row tm_bgimagefixed=&#8220;&#8220; css=&#8220;.vc_custom_1654597338273{margin-bottom: 2rem !important;padding-top: 2rem !important;padding-right: 2rem !important;padding-bottom: 2rem !important;padding-left: 2rem !important;background-color: #ebe9e9 !important;}&#8220;][vc_column width=&#8220;1\/4&#8243;][vc_single_image image=&#8220;725&#8243; img_size=&#8220;150&#215;150&#8243;][\/vc_column][vc_column width=&#8220;3\/4&#8243;][vc_column_text]<strong>Formular f\u00fcr Beschwerden oder Unzufriedenheit<\/strong>[\/vc_column_text]\n<div class=\"wpcf7 no-js\" id=\"wpcf7-f2460-o1\" lang=\"fr-FR\" dir=\"ltr\" data-wpcf7-id=\"2460\">\n<div class=\"screen-reader-response\"><p role=\"status\" aria-live=\"polite\" aria-atomic=\"true\"><\/p> <ul><\/ul><\/div>\n<form action=\"\/de\/wp-json\/wp\/v2\/pages\/2435#wpcf7-f2460-o1\" method=\"post\" class=\"wpcf7-form init\" aria-label=\"Formulaire de contact\" novalidate=\"novalidate\" data-status=\"init\">\n<fieldset class=\"hidden-fields-container\"><input type=\"hidden\" name=\"_wpcf7\" value=\"2460\" \/><input type=\"hidden\" name=\"_wpcf7_version\" value=\"6.1.5\" \/><input type=\"hidden\" name=\"_wpcf7_locale\" value=\"fr_FR\" \/><input type=\"hidden\" name=\"_wpcf7_unit_tag\" value=\"wpcf7-f2460-o1\" \/><input type=\"hidden\" name=\"_wpcf7_container_post\" value=\"0\" \/><input type=\"hidden\" name=\"_wpcf7_posted_data_hash\" value=\"\" \/><input type=\"hidden\" name=\"_wpcf7_recaptcha_response\" value=\"\" \/>\n<\/fieldset>\n<div class=\"tm-commonform formstyle1\">\n\t<div class=\"row\">\n\t\t<div class=\"col-md-12\">\n\t\t\t<p><span class=\"wpcf7-form-control-wrap\" data-name=\"your-name\"><input size=\"40\" maxlength=\"400\" class=\"wpcf7-form-control wpcf7-text wpcf7-validates-as-required\" aria-required=\"true\" aria-invalid=\"false\" placeholder=\"Name der Kontaktperson*\" value=\"\" type=\"text\" name=\"your-name\" \/><\/span>\n\t\t\t<\/p>\n\t\t<\/div>\n\t<\/div>\n\t<div class=\"row\">\n\t\t<div class=\"col-md-12\">\n\t\t\t<p><span class=\"wpcf7-form-control-wrap\" data-name=\"your-adress\"><input size=\"40\" maxlength=\"400\" class=\"wpcf7-form-control wpcf7-text wpcf7-validates-as-required\" aria-required=\"true\" aria-invalid=\"false\" placeholder=\"Adresse*\" value=\"\" type=\"text\" name=\"your-adress\" \/><\/span>\n\t\t\t<\/p>\n\t\t<\/div>\n\t<\/div>\n\t<div class=\"row\">\n\t\t<div class=\"col-md-12\">\n\t\t\t<p><span class=\"wpcf7-form-control-wrap\" data-name=\"your-code\"><input size=\"40\" maxlength=\"400\" class=\"wpcf7-form-control wpcf7-text wpcf7-validates-as-required\" aria-required=\"true\" aria-invalid=\"false\" placeholder=\"Code postal*\" value=\"\" type=\"text\" name=\"your-code\" \/><\/span>\n\t\t\t<\/p>\n\t\t<\/div>\n\t<\/div>\n\t<div class=\"row\">\n\t\t<div class=\"col-md-12\">\n\t\t\t<p><span class=\"wpcf7-form-control-wrap\" data-name=\"your-city\"><input size=\"40\" maxlength=\"400\" class=\"wpcf7-form-control wpcf7-text wpcf7-validates-as-required\" aria-required=\"true\" aria-invalid=\"false\" placeholder=\"Gemeinde*\" value=\"\" type=\"text\" name=\"your-city\" \/><\/span>\n\t\t\t<\/p>\n\t\t<\/div>\n\t<\/div>\n\t<div class=\"row\">\n\t\t<div class=\"col-md-12\">\n\t\t\t<p><span class=\"wpcf7-form-control-wrap\" data-name=\"your-phone\"><input size=\"40\" maxlength=\"400\" class=\"wpcf7-form-control wpcf7-text\" aria-invalid=\"false\" placeholder=\"Telefon\" value=\"\" type=\"text\" name=\"your-phone\" \/><\/span>\n\t\t\t<\/p>\n\t\t<\/div>\n\t<\/div>\n\t<div class=\"row\">\n\t\t<div class=\"col-md-12\">\n\t\t\t<p><span class=\"wpcf7-form-control-wrap\" data-name=\"your-email\"><input size=\"40\" maxlength=\"400\" class=\"wpcf7-form-control wpcf7-email wpcf7-validates-as-required wpcf7-text wpcf7-validates-as-email\" aria-required=\"true\" aria-invalid=\"false\" placeholder=\"Email*\" value=\"\" type=\"email\" name=\"your-email\" \/><\/span>\n\t\t\t<\/p>\n\t\t<\/div>\n\t<\/div>\n\t<div class=\"row\">\n\t\t<div class=\"col-md-12\">\n\t\t\t<p><span class=\"wpcf7-form-control-wrap\" data-name=\"your-message\"><textarea cols=\"40\" rows=\"3\" maxlength=\"2000\" class=\"wpcf7-form-control wpcf7-textarea wpcf7-validates-as-required\" aria-required=\"true\" aria-invalid=\"false\" placeholder=\"Beschreibung der Situation*\" name=\"your-message\"><\/textarea><\/span>\n\t\t\t<\/p>\n\t\t<\/div>\n\t<\/div>\n\t<p style=\"font-size: 10px !important;\"> * obligatoire\n\t<\/p>\n\t<div>\n\t\t<p><span class=\"wpcf7-form-control-wrap\" data-name=\"acceptance-924\"><span class=\"wpcf7-form-control wpcf7-acceptance optional\"><span class=\"wpcf7-list-item\"><label><input type=\"checkbox\" name=\"acceptance-924\" value=\"1\" aria-invalid=\"false\" \/><span class=\"wpcf7-list-item-label\"><p style=\"font-size: 10px; line-height: 12px;\"> Im Rahmen einer Kontaktaufnahme \u00fcber das vorliegende Formular werden Ihre personenbezogenen Daten erhoben. Diese Daten werden ausschlie\u00dflich zum Zweck der Bearbeitung Ihrer Anfrage bzw. Kontaktaufnahme und der damit verbundenen technischen Administration gespeichert und genutzt. Nach Ablauf der Bearbeitung Ihrer Anfrage werden Ihre Daten gel\u00f6scht, sofern Sie dies verlangen und gesetzliche Aufbewahrungsfristen einer solchen L\u00f6schung nicht entgegenstehen.\n<\/p><\/span><\/label><\/span><\/span><\/span>\n\t\t<\/p>\n\t<\/div>\n\t<div>\n\t\t<p><input class=\"wpcf7-form-control wpcf7-submit has-spinner tm-vc_general tm-vc_btn3 tm-vc_btn3-style-flat tm-vc_btn3-shape-square tm-vc_btn3-color-skincolor\" type=\"submit\" value=\"Senden\" \/>\n\t\t<div class=\"wpcf7-response-output\" aria-hidden=\"true\"><\/div>\n\t<\/div>\n<\/div>\n<\/form>\n<\/div>\n[\/vc_column][\/vc_row][\/vc_section]<\/p>\n","protected":false},"excerpt":{"rendered":"<p>[vc_row][vc_column offset=&#8220;vc_hidden-md vc_hidden-sm vc_hidden-xs&#8220;][vc_column_text][\/vc_column_text][vc_empty_space height=&#8220;1em&#8220;][\/vc_column][\/vc_row][vc_row tm_bgimagefixed=&#8220;&#8220; content_placement=&#8220;middle&#8220;][vc_column width=&#8220;1\/4&#8243; offset=&#8220;vc_hidden-md vc_hidden-sm vc_hidden-xs&#8220;][vc_single_image image=&#8220;719&#8243; alignment=&#8220;center&#8220; css=&#8220;.vc_custom_1642429525183{margin-bottom: 1em !important;}&#8220;][\/vc_column][vc_column width=&#8220;3\/4&#8243; offset=&#8220;vc_hidden-md vc_hidden-sm vc_hidden-xs&#8220;][vc_column_text css=&#8220;.vc_custom_1657629701958{margin-bottom: 1em !important;}&#8220;] Formular f\u00fcr Beschwerden oder Unzufriedenheit [\/vc_column_text][\/vc_column][\/vc_row][vc_row tm_bgimagefixed=&#8220;&#8220; content_placement=&#8220;middle&#8220;][vc_column width=&#8220;1\/4&#8243; offset=&#8220;vc_hidden-lg&#8220;][vc_single_image image=&#8220;719&#8243; img_size=&#8220;100&#215;100&#8243; alignment=&#8220;center&#8220; css=&#8220;.vc_custom_1632739643162{margin-bottom: 1em !important;}&#8220;][\/vc_column][vc_column width=&#8220;3\/4&#8243; offset=&#8220;vc_hidden-lg&#8220;][vc_column_text css=&#8220;.vc_custom_1657629711229{margin-bottom: 1em !important;}&#8220;] Formular f\u00fcr Beschwerden oder Unzufriedenheit [\/vc_column_text][\/vc_column][\/vc_row][vc_row][vc_column][vc_separator border_width=&#8220;2&#8243; css=&#8220;.vc_custom_1635861002940{margin-top: 1em !important;margin-bottom: 1em &hellip; <a href=\"https:\/\/shd.inside-maquette.com\/de\/kontakt\/beschwerdemanagement\/formular-fuer-beschwerden-oder-unzufriedenheit\/\" class=\"more-link\">Continue reading <span class=\"screen-reader-text\">Formular f\u00fcr Beschwerden oder Unzufriedenheit<\/span><\/a><\/p>\n","protected":false},"author":1,"featured_media":0,"parent":394,"menu_order":0,"comment_status":"closed","ping_status":"closed","template":"","meta":{"footnotes":""},"class_list":["post-2435","page","type-page","status-publish","hentry"],"yoast_head":"<!-- This site is optimized with the Yoast SEO plugin v27.4 - https:\/\/yoast.com\/product\/yoast-seo-wordpress\/ -->\n<title>Formular f\u00fcr Beschwerden oder Unzufriedenheit - St\u00ebftung H\u00ebllef Doheem<\/title>\n<meta name=\"robots\" content=\"index, follow, max-snippet:-1, max-image-preview:large, max-video-preview:-1\" \/>\n<link rel=\"canonical\" href=\"https:\/\/shd.inside-maquette.com\/de\/kontakt\/beschwerdemanagement\/formular-fuer-beschwerden-oder-unzufriedenheit\/\" \/>\n<meta property=\"og:locale\" content=\"de_DE\" \/>\n<meta property=\"og:type\" content=\"article\" \/>\n<meta property=\"og:title\" content=\"Formular f\u00fcr Beschwerden oder Unzufriedenheit - St\u00ebftung H\u00ebllef Doheem\" \/>\n<meta property=\"og:description\" content=\"[vc_row][vc_column offset=&#8220;vc_hidden-md vc_hidden-sm vc_hidden-xs&#8220;][vc_column_text][\/vc_column_text][vc_empty_space height=&#8220;1em&#8220;][\/vc_column][\/vc_row][vc_row tm_bgimagefixed=&#8220;&#8220; content_placement=&#8220;middle&#8220;][vc_column width=&#8220;1\/4&#8243; offset=&#8220;vc_hidden-md vc_hidden-sm vc_hidden-xs&#8220;][vc_single_image image=&#8220;719&#8243; alignment=&#8220;center&#8220; css=&#8220;.vc_custom_1642429525183{margin-bottom: 1em !important;}&#8220;][\/vc_column][vc_column width=&#8220;3\/4&#8243; offset=&#8220;vc_hidden-md vc_hidden-sm vc_hidden-xs&#8220;][vc_column_text css=&#8220;.vc_custom_1657629701958{margin-bottom: 1em !important;}&#8220;] Formular f\u00fcr Beschwerden oder Unzufriedenheit [\/vc_column_text][\/vc_column][\/vc_row][vc_row tm_bgimagefixed=&#8220;&#8220; content_placement=&#8220;middle&#8220;][vc_column width=&#8220;1\/4&#8243; offset=&#8220;vc_hidden-lg&#8220;][vc_single_image image=&#8220;719&#8243; img_size=&#8220;100&#215;100&#8243; alignment=&#8220;center&#8220; css=&#8220;.vc_custom_1632739643162{margin-bottom: 1em !important;}&#8220;][\/vc_column][vc_column width=&#8220;3\/4&#8243; offset=&#8220;vc_hidden-lg&#8220;][vc_column_text css=&#8220;.vc_custom_1657629711229{margin-bottom: 1em !important;}&#8220;] Formular f\u00fcr Beschwerden oder Unzufriedenheit [\/vc_column_text][\/vc_column][\/vc_row][vc_row][vc_column][vc_separator border_width=&#8220;2&#8243; css=&#8220;.vc_custom_1635861002940{margin-top: 1em !important;margin-bottom: 1em &hellip; Continue reading Formular f\u00fcr Beschwerden oder Unzufriedenheit\" \/>\n<meta property=\"og:url\" content=\"https:\/\/shd.inside-maquette.com\/de\/kontakt\/beschwerdemanagement\/formular-fuer-beschwerden-oder-unzufriedenheit\/\" \/>\n<meta property=\"og:site_name\" content=\"St\u00ebftung H\u00ebllef Doheem\" \/>\n<meta property=\"article:modified_time\" content=\"2022-07-13T06:16:55+00:00\" \/>\n<meta name=\"twitter:card\" content=\"summary_large_image\" \/>\n<meta name=\"twitter:label1\" content=\"Gesch\u00e4tzte Lesezeit\" \/>\n\t<meta name=\"twitter:data1\" content=\"1\u00a0Minute\" \/>\n<script type=\"application\/ld+json\" class=\"yoast-schema-graph\">{\"@context\":\"https:\\\/\\\/schema.org\",\"@graph\":[{\"@type\":\"WebPage\",\"@id\":\"https:\\\/\\\/shd.inside-maquette.com\\\/de\\\/kontakt\\\/beschwerdemanagement\\\/formular-fuer-beschwerden-oder-unzufriedenheit\\\/\",\"url\":\"https:\\\/\\\/shd.inside-maquette.com\\\/de\\\/kontakt\\\/beschwerdemanagement\\\/formular-fuer-beschwerden-oder-unzufriedenheit\\\/\",\"name\":\"Formular f\u00fcr Beschwerden oder Unzufriedenheit - St\u00ebftung H\u00ebllef Doheem\",\"isPartOf\":{\"@id\":\"https:\\\/\\\/shd.inside-maquette.com\\\/#website\"},\"datePublished\":\"2022-07-12T12:32:10+00:00\",\"dateModified\":\"2022-07-13T06:16:55+00:00\",\"breadcrumb\":{\"@id\":\"https:\\\/\\\/shd.inside-maquette.com\\\/de\\\/kontakt\\\/beschwerdemanagement\\\/formular-fuer-beschwerden-oder-unzufriedenheit\\\/#breadcrumb\"},\"inLanguage\":\"de\",\"potentialAction\":[{\"@type\":\"ReadAction\",\"target\":[\"https:\\\/\\\/shd.inside-maquette.com\\\/de\\\/kontakt\\\/beschwerdemanagement\\\/formular-fuer-beschwerden-oder-unzufriedenheit\\\/\"]}]},{\"@type\":\"BreadcrumbList\",\"@id\":\"https:\\\/\\\/shd.inside-maquette.com\\\/de\\\/kontakt\\\/beschwerdemanagement\\\/formular-fuer-beschwerden-oder-unzufriedenheit\\\/#breadcrumb\",\"itemListElement\":[{\"@type\":\"ListItem\",\"position\":1,\"name\":\"Accueil\",\"item\":\"https:\\\/\\\/shd.inside-maquette.com\\\/de\\\/\"},{\"@type\":\"ListItem\",\"position\":2,\"name\":\"Kontakt\",\"item\":\"https:\\\/\\\/shd.inside-maquette.com\\\/de\\\/kontakt\\\/\"},{\"@type\":\"ListItem\",\"position\":3,\"name\":\"Beschwerdemanagement\",\"item\":\"https:\\\/\\\/shd.inside-maquette.com\\\/de\\\/kontakt\\\/beschwerdemanagement\\\/\"},{\"@type\":\"ListItem\",\"position\":4,\"name\":\"Formular f\u00fcr Beschwerden oder Unzufriedenheit\"}]},{\"@type\":\"WebSite\",\"@id\":\"https:\\\/\\\/shd.inside-maquette.com\\\/#website\",\"url\":\"https:\\\/\\\/shd.inside-maquette.com\\\/\",\"name\":\"St\u00ebftung H\u00ebllef Doheem\",\"description\":\"Aides et soins au Luxembourg\",\"potentialAction\":[{\"@type\":\"SearchAction\",\"target\":{\"@type\":\"EntryPoint\",\"urlTemplate\":\"https:\\\/\\\/shd.inside-maquette.com\\\/?s={search_term_string}\"},\"query-input\":{\"@type\":\"PropertyValueSpecification\",\"valueRequired\":true,\"valueName\":\"search_term_string\"}}],\"inLanguage\":\"de\"}]}<\/script>\n<!-- \/ Yoast SEO plugin. -->","yoast_head_json":{"title":"Formular f\u00fcr Beschwerden oder Unzufriedenheit - St\u00ebftung H\u00ebllef Doheem","robots":{"index":"index","follow":"follow","max-snippet":"max-snippet:-1","max-image-preview":"max-image-preview:large","max-video-preview":"max-video-preview:-1"},"canonical":"https:\/\/shd.inside-maquette.com\/de\/kontakt\/beschwerdemanagement\/formular-fuer-beschwerden-oder-unzufriedenheit\/","og_locale":"de_DE","og_type":"article","og_title":"Formular f\u00fcr Beschwerden oder Unzufriedenheit - St\u00ebftung H\u00ebllef Doheem","og_description":"[vc_row][vc_column offset=&#8220;vc_hidden-md vc_hidden-sm vc_hidden-xs&#8220;][vc_column_text][\/vc_column_text][vc_empty_space height=&#8220;1em&#8220;][\/vc_column][\/vc_row][vc_row tm_bgimagefixed=&#8220;&#8220; content_placement=&#8220;middle&#8220;][vc_column width=&#8220;1\/4&#8243; offset=&#8220;vc_hidden-md vc_hidden-sm vc_hidden-xs&#8220;][vc_single_image image=&#8220;719&#8243; alignment=&#8220;center&#8220; css=&#8220;.vc_custom_1642429525183{margin-bottom: 1em !important;}&#8220;][\/vc_column][vc_column width=&#8220;3\/4&#8243; offset=&#8220;vc_hidden-md vc_hidden-sm vc_hidden-xs&#8220;][vc_column_text css=&#8220;.vc_custom_1657629701958{margin-bottom: 1em !important;}&#8220;] Formular f\u00fcr Beschwerden oder Unzufriedenheit [\/vc_column_text][\/vc_column][\/vc_row][vc_row tm_bgimagefixed=&#8220;&#8220; content_placement=&#8220;middle&#8220;][vc_column width=&#8220;1\/4&#8243; offset=&#8220;vc_hidden-lg&#8220;][vc_single_image image=&#8220;719&#8243; img_size=&#8220;100&#215;100&#8243; alignment=&#8220;center&#8220; css=&#8220;.vc_custom_1632739643162{margin-bottom: 1em !important;}&#8220;][\/vc_column][vc_column width=&#8220;3\/4&#8243; offset=&#8220;vc_hidden-lg&#8220;][vc_column_text css=&#8220;.vc_custom_1657629711229{margin-bottom: 1em !important;}&#8220;] Formular f\u00fcr Beschwerden oder Unzufriedenheit [\/vc_column_text][\/vc_column][\/vc_row][vc_row][vc_column][vc_separator border_width=&#8220;2&#8243; css=&#8220;.vc_custom_1635861002940{margin-top: 1em !important;margin-bottom: 1em &hellip; Continue reading Formular f\u00fcr Beschwerden oder Unzufriedenheit","og_url":"https:\/\/shd.inside-maquette.com\/de\/kontakt\/beschwerdemanagement\/formular-fuer-beschwerden-oder-unzufriedenheit\/","og_site_name":"St\u00ebftung H\u00ebllef Doheem","article_modified_time":"2022-07-13T06:16:55+00:00","twitter_card":"summary_large_image","twitter_misc":{"Gesch\u00e4tzte Lesezeit":"1\u00a0Minute"},"schema":{"@context":"https:\/\/schema.org","@graph":[{"@type":"WebPage","@id":"https:\/\/shd.inside-maquette.com\/de\/kontakt\/beschwerdemanagement\/formular-fuer-beschwerden-oder-unzufriedenheit\/","url":"https:\/\/shd.inside-maquette.com\/de\/kontakt\/beschwerdemanagement\/formular-fuer-beschwerden-oder-unzufriedenheit\/","name":"Formular f\u00fcr Beschwerden oder Unzufriedenheit - St\u00ebftung H\u00ebllef Doheem","isPartOf":{"@id":"https:\/\/shd.inside-maquette.com\/#website"},"datePublished":"2022-07-12T12:32:10+00:00","dateModified":"2022-07-13T06:16:55+00:00","breadcrumb":{"@id":"https:\/\/shd.inside-maquette.com\/de\/kontakt\/beschwerdemanagement\/formular-fuer-beschwerden-oder-unzufriedenheit\/#breadcrumb"},"inLanguage":"de","potentialAction":[{"@type":"ReadAction","target":["https:\/\/shd.inside-maquette.com\/de\/kontakt\/beschwerdemanagement\/formular-fuer-beschwerden-oder-unzufriedenheit\/"]}]},{"@type":"BreadcrumbList","@id":"https:\/\/shd.inside-maquette.com\/de\/kontakt\/beschwerdemanagement\/formular-fuer-beschwerden-oder-unzufriedenheit\/#breadcrumb","itemListElement":[{"@type":"ListItem","position":1,"name":"Accueil","item":"https:\/\/shd.inside-maquette.com\/de\/"},{"@type":"ListItem","position":2,"name":"Kontakt","item":"https:\/\/shd.inside-maquette.com\/de\/kontakt\/"},{"@type":"ListItem","position":3,"name":"Beschwerdemanagement","item":"https:\/\/shd.inside-maquette.com\/de\/kontakt\/beschwerdemanagement\/"},{"@type":"ListItem","position":4,"name":"Formular f\u00fcr Beschwerden oder Unzufriedenheit"}]},{"@type":"WebSite","@id":"https:\/\/shd.inside-maquette.com\/#website","url":"https:\/\/shd.inside-maquette.com\/","name":"St\u00ebftung H\u00ebllef Doheem","description":"Aides et soins au Luxembourg","potentialAction":[{"@type":"SearchAction","target":{"@type":"EntryPoint","urlTemplate":"https:\/\/shd.inside-maquette.com\/?s={search_term_string}"},"query-input":{"@type":"PropertyValueSpecification","valueRequired":true,"valueName":"search_term_string"}}],"inLanguage":"de"}]}},"_links":{"self":[{"href":"https:\/\/shd.inside-maquette.com\/de\/wp-json\/wp\/v2\/pages\/2435","targetHints":{"allow":["GET"]}}],"collection":[{"href":"https:\/\/shd.inside-maquette.com\/de\/wp-json\/wp\/v2\/pages"}],"about":[{"href":"https:\/\/shd.inside-maquette.com\/de\/wp-json\/wp\/v2\/types\/page"}],"author":[{"embeddable":true,"href":"https:\/\/shd.inside-maquette.com\/de\/wp-json\/wp\/v2\/users\/1"}],"replies":[{"embeddable":true,"href":"https:\/\/shd.inside-maquette.com\/de\/wp-json\/wp\/v2\/comments?post=2435"}],"version-history":[{"count":0,"href":"https:\/\/shd.inside-maquette.com\/de\/wp-json\/wp\/v2\/pages\/2435\/revisions"}],"up":[{"embeddable":true,"href":"https:\/\/shd.inside-maquette.com\/de\/wp-json\/wp\/v2\/pages\/394"}],"wp:attachment":[{"href":"https:\/\/shd.inside-maquette.com\/de\/wp-json\/wp\/v2\/media?parent=2435"}],"curies":[{"name":"wp","href":"https:\/\/api.w.org\/{rel}","templated":true}]}}